{"id":5321,"date":"2025-11-03T10:00:13","date_gmt":"2025-11-03T09:00:13","guid":{"rendered":"https:\/\/z-7.chprodukt\/savatage\/"},"modified":"2026-04-10T14:42:54","modified_gmt":"2026-04-10T12:42:54","slug":"savatage","status":"publish","type":"product","link":"https:\/\/z-7.ch\/fr\/event\/savatage\/","title":{"rendered":"Savatage"},"content":{"rendered":"<h4 style=\"margin: 0;\"><span style=\"background-color: white; color: black; padding: 5px 10px;\">Z7 SUMMER NIGHTS OPEN AIR<\/span><\/h4>\n<p>&nbsp;<\/p>\n<h3>F\u00caTE ESTIVALE DU PROG METAL<br \/><\/h3>\n<p><strong>Apr\u00e8s leur retour sur sc\u00e8ne tr\u00e8s remarqu\u00e9 \u00e0 l\u2019\u00e9t\u00e9 2025, Savatage reviendront en Europe en 2026 avec la tourn\u00e9e Prelude To Madness. En plus de plusieurs apparitions en festival, le groupe donnera quelques concerts en t\u00eate d\u2019affiche soigneusement s\u00e9lectionn\u00e9s \u2013 dont l\u2019un aura lieu tout pr\u00e8s de chez nous, dans le cadre des Z7 Summer Nights Open Airs, le 3 ao\u00fbt. En tant qu\u2019invit\u00e9s sp\u00e9ciaux, nous aurons le plaisir d\u2019accueillir nul autre que les nouveaux Nevermore, r\u00e9unis autour de Jeff Loomis et Van Williams.<br \/>   <\/strong><\/p>\n<p>Tampa, Floride, 3 novembre 2025 : les pionniers du prog metal Savatage annoncent leur tr\u00e8s attendue tourn\u00e9e europ\u00e9enne Prelude To Madness 2026. Le coup d\u2019envoi sera donn\u00e9 le 19 juillet \u00e0 Istanbul, marquant le retour tant esp\u00e9r\u00e9 du groupe sur le Vieux Continent. Les concerts promettent une setlist explosive couvrant l\u2019ensemble du r\u00e9pertoire du groupe, avec des hymnes classiques et des morceaux plus rares, t\u00e9moignant de l\u2019estime que Savatage portent \u00e0 leur fanbase l\u00e9gendaire, connue sous le nom de The Legion. Le chanteur Zak Stevens d\u00e9clare : \u00ab Apr\u00e8s les fantastiques tourn\u00e9es en Am\u00e9rique du Sud et en Europe l\u2019an dernier, je me r\u00e9jouis \u00e9norm\u00e9ment des prochains concerts de Savatage en Europe. \u00c7a va \u00eatre \u00e9norme. \u00bb Savatage sont consid\u00e9r\u00e9s comme l\u2019un des groupes les plus influents du metal progressif. Au fil de leur carri\u00e8re mouvement\u00e9e, les musiciens de Tampa ont publi\u00e9 onze albums r\u00e9volutionnaires et donn\u00e9 des centaines de concerts \u00e0 travers le monde. Gr\u00e2ce \u00e0 leur m\u00e9lange unique de thrash, de prog, de power metal et de hard rock classique, ils ont durablement marqu\u00e9 l\u2019histoire du heavy metal. Leur approche novatrice des albums conceptuels et des rock op\u00e9ras a influenc\u00e9 d\u2019innombrables artistes et leur a valu une communaut\u00e9 de fans fid\u00e8les aux quatre coins du globe. Durant pr\u00e8s de deux d\u00e9cennies d\u2019absence des tourn\u00e9es, cette fanbase passionn\u00e9e n\u2019a cess\u00e9 de r\u00e9clamer le retour du groupe. Le concert de r\u00e9union unique au Wacken Open Air 2015 a enthousiasm\u00e9 80 000 spectateurs et confirm\u00e9 \u00e0 la fois le statut l\u00e9gendaire de Savatage et la fid\u00e9lit\u00e9 in\u00e9branlable de leur public. Forts de ce triomphe, Savatage ont de nouveau fait les gros titres en 2025 avec leurs premiers concerts en t\u00eate d\u2019affiche depuis 2002. La tourn\u00e9e europ\u00e9enne a r\u00e9uni avec succ\u00e8s plusieurs g\u00e9n\u00e9rations et s\u2019est r\u00e9v\u00e9l\u00e9e \u00eatre une exp\u00e9rience profond\u00e9ment \u00e9motive pour les fans de longue date comme pour les nouveaux venus. C\u2019est donc avec une immense joie que nous pr\u00e9sentons l\u2019un des rares concerts en t\u00eate d\u2019affiche de Savatage \u00e0 l\u2019\u00e9t\u00e9 2026. La tourn\u00e9e Prelude To Madness sera assur\u00e9e par l\u2019actuelle formation de haut vol : Zak Stevens (chant), Al Pitrelli et Chris Caffery (guitares), Johnny Lee Middleton (basse) et Jeff Plate (batterie). <\/p>\n<p><strong>Nevermore:<\/strong> Au printemps 2025, la nouvelle s\u2019est r\u00e9pandue comme une tra\u00een\u00e9e de poudre dans la sc\u00e8ne metal : Nevermore font leur grand retour ! Le membre fondateur Jeff Loomis (guitare) et le batteur historique Van Williams souhaitent redonner vie \u00e0 la l\u00e9gende du prog metal avec de nouveaux compagnons de route. Fin mars, ils annon\u00e7aient : \u00ab L\u2019attente est termin\u00e9e ! Apr\u00e8s un long processus de s\u00e9lection, nous avons constitu\u00e9 une formation qui honore notre h\u00e9ritage tout en ouvrant une nouvelle voie vers l\u2019avenir. Cela nous rend tr\u00e8s heureux. \u00bb L\u2019identit\u00e9 des musiciens retenus devrait \u00eatre d\u00e9voil\u00e9e prochainement. Les pr\u00e9paratifs pour ce retour tant attendu battent actuellement leur plein : \u00ab Nous pr\u00e9parons le prochain chapitre de Nevermore et nous promettons que l\u2019attente en vaudra la peine. \u00bb Form\u00e9s en 1992 sur les cendres de Sanctuary, Nevermore se sont hiss\u00e9s au sommet du metal entre 1995 et 2010 gr\u00e2ce \u00e0 sept albums exceptionnels et une pr\u00e9sence sc\u00e9nique impressionnante. \u00c0 l\u2019\u00e9t\u00e9 2026, les prog\/thrash metalleux fra\u00eechement reform\u00e9s de Seattle d\u00e9barqueront \u00e0 Pratteln aux c\u00f4t\u00e9s de Savatage. Une double affiche qui promet une nuit d\u2019\u00e9t\u00e9 de tr\u00e8s haut niveau sur la Kraftwerkstrasse. Le chanteur de Savatage, Zak Stevens, se r\u00e9jouit lui aussi : \u00ab Nous sommes ravis d\u2019accueillir nos vieux amis Nevermore en tant qu\u2019invit\u00e9s sp\u00e9ciaux. \u00bb       <\/p>\n","protected":false},"excerpt":{"rendered":"<p>Z7 SUMMER NIGHTS OPEN AIR &nbsp; F\u00caTE ESTIVALE DU PROG METAL Apr\u00e8s leur retour sur sc\u00e8ne tr\u00e8s remarqu\u00e9 \u00e0 l\u2019\u00e9t\u00e9&hellip;<\/p>\n","protected":false},"author":2,"featured_media":5664,"template":"","meta":{"_acf_changed":false},"product_brand":[],"product_cat":[160],"product_tag":[169,136],"class_list":{"0":"post-5321","1":"product","2":"type-product","3":"status-publish","4":"has-post-thumbnail","6":"product_cat-event","7":"product_tag-power-metal","8":"product_tag-prog-fr","10":"first","11":"instock","12":"virtual","13":"purchasable","14":"product-type-simple"},"acf":[],"_links":{"self":[{"href":"https:\/\/z-7.ch\/fr\/wp-json\/wp\/v2\/product\/5321","targetHints":{"allow":["GET"]}}],"collection":[{"href":"https:\/\/z-7.ch\/fr\/wp-json\/wp\/v2\/product"}],"about":[{"href":"https:\/\/z-7.ch\/fr\/wp-json\/wp\/v2\/types\/product"}],"author":[{"embeddable":true,"href":"https:\/\/z-7.ch\/fr\/wp-json\/wp\/v2\/users\/2"}],"wp:featuredmedia":[{"embeddable":true,"href":"https:\/\/z-7.ch\/fr\/wp-json\/wp\/v2\/media\/5664"}],"wp:attachment":[{"href":"https:\/\/z-7.ch\/fr\/wp-json\/wp\/v2\/media?parent=5321"}],"wp:term":[{"taxonomy":"product_brand","embeddable":true,"href":"https:\/\/z-7.ch\/fr\/wp-json\/wp\/v2\/product_brand?post=5321"},{"taxonomy":"product_cat","embeddable":true,"href":"https:\/\/z-7.ch\/fr\/wp-json\/wp\/v2\/product_cat?post=5321"},{"taxonomy":"product_tag","embeddable":true,"href":"https:\/\/z-7.ch\/fr\/wp-json\/wp\/v2\/product_tag?post=5321"}],"curies":[{"name":"wp","href":"https:\/\/api.w.org\/{rel}","templated":true}]}}