{"id":5327,"date":"2025-10-21T10:00:03","date_gmt":"2025-10-21T08:00:03","guid":{"rendered":"https:\/\/z-7.chprodukt\/colosseum\/"},"modified":"2026-03-27T14:43:41","modified_gmt":"2026-03-27T13:43:41","slug":"colosseum","status":"publish","type":"product","link":"https:\/\/z-7.ch\/fr\/event\/colosseum\/","title":{"rendered":"Colosseum"},"content":{"rendered":"<h3>RETOUR COLOSSAL<br \/><\/h3>\n<p><b>Depuis 2020, la l\u00e9gende britannique Colosseum, emmen\u00e9e par les membres fondateurs Clem Clempson, Chris Farlowe et Mark Clarke, est de nouveau tr\u00e8s active, aussi bien en studio que sur sc\u00e8ne. En 2026, ces musiciens chevronn\u00e9s repartent en tourn\u00e9e avec dans leurs bagages de nombreux classiques ainsi que le monumental nouvel album XI, paru en 2025, qui couvre une fois encore de mani\u00e8re dynamique et inspir\u00e9e le large spectre du blues, du jazz rock et du rock progressif.<br \/>  <\/b><\/p>\n<p>Les pionniers de la fusion Colosseum ont \u00e9t\u00e9 fond\u00e9s en 1968 et relanc\u00e9s une seconde fois en 2020 par le guitariste Clem Clempson (pr\u00e9sent depuis 1969), le bassiste Mark Clarke (depuis 1970) et la l\u00e9gende du R&amp;B Chris Farlowe (depuis 1970). La formation actuelle est compl\u00e9t\u00e9e par le clavi\u00e9riste Nick Steed (Van Morrison, PP Arnold), le saxophoniste Kim Nishikawara (Michael Bubl\u00e9, Maggie Bell, Jack Bruce) et le batteur Malcolm Mortimore (Tina Turner, Tom Jones, Gentle Giant). Ensemble, ils ont publi\u00e9 l\u2019album de retour Restoration en 2022. En mars 2025, un nouvel opus est venu s\u2019y ajouter. Intitul\u00e9 sobrement XI, le onzi\u00e8me album studio de Colosseum ouvre un nouveau chapitre passionnant dans l\u2019histoire du groupe, entam\u00e9e en 1969 avec le premier album Those Who Are About To Die Salute You. Les neuf titres de XI montrent la formation actuelle sous son meilleur jour : un groupe d\u2019amis, de compagnons de longue date et d\u2019esprits proches, qui honorent la m\u00e9moire des membres fondateurs Jon Hiseman et Dick Heckstall-Smith sans jamais sonner poussi\u00e9reux. L\u2019album comprend sept compositions originales, avec le clavi\u00e9riste Nick Steed qui s\u2019impose comme auteur aux c\u00f4t\u00e9s de Clem Clempson. La English Garden Suite, longue de pr\u00e8s de neuf minutes, rappelle par sa dur\u00e9e et son esprit le chef-d\u2019\u0153uvre The Valentyne Suite. Des reprises soigneusement choisies de Ain\u2019t Gonna Moan No More de Van Morrison et Out Into The Fields de Jack Bruce viennent compl\u00e9ter XI. Le site Muskreviews.de r\u00e9sume ainsi : \u00ab Un album qui \u00e9voque les plus grandes ann\u00e9es du groupe \u2013 situ\u00e9es dans les ann\u00e9es 70 \u2013 tout en s\u2019inscrivant pleinement en 2025, sans exc\u00e8s de nostalgie, et qui r\u00e9ussit une fois de plus \u00e0 unir jazz et rock progressif avec blues et soul, en faisant mouche. \u00bb          <\/p>\n<p><strong>Line-up :<\/strong><br \/>\nChris Farlowe (chant)<br \/>\nClem Clempson (guitares &amp; chant)<br \/>\nMark Clarke (basse &amp; chant)<br \/>\nMalcolm Mortimore (batterie)<br \/>\nNick Steed (claviers)<br \/>\nKim Nishikawara (saxophones)<\/p>\n","protected":false},"excerpt":{"rendered":"<p>RETOUR COLOSSAL Depuis 2020, la l\u00e9gende britannique Colosseum, emmen\u00e9e par les membres fondateurs Clem Clempson, Chris Farlowe et Mark Clarke,&hellip;<\/p>\n","protected":false},"author":2,"featured_media":2785,"template":"","meta":{"_acf_changed":false},"product_brand":[],"product_cat":[160],"product_tag":[121,183,136],"class_list":{"0":"post-5327","1":"product","2":"type-product","3":"status-publish","4":"has-post-thumbnail","6":"product_cat-event","7":"product_tag-blues-fr","8":"product_tag-jazz","9":"product_tag-prog-fr","11":"first","12":"instock","13":"virtual","14":"product-type-simple"},"acf":[],"_links":{"self":[{"href":"https:\/\/z-7.ch\/fr\/wp-json\/wp\/v2\/product\/5327","targetHints":{"allow":["GET"]}}],"collection":[{"href":"https:\/\/z-7.ch\/fr\/wp-json\/wp\/v2\/product"}],"about":[{"href":"https:\/\/z-7.ch\/fr\/wp-json\/wp\/v2\/types\/product"}],"author":[{"embeddable":true,"href":"https:\/\/z-7.ch\/fr\/wp-json\/wp\/v2\/users\/2"}],"wp:featuredmedia":[{"embeddable":true,"href":"https:\/\/z-7.ch\/fr\/wp-json\/wp\/v2\/media\/2785"}],"wp:attachment":[{"href":"https:\/\/z-7.ch\/fr\/wp-json\/wp\/v2\/media?parent=5327"}],"wp:term":[{"taxonomy":"product_brand","embeddable":true,"href":"https:\/\/z-7.ch\/fr\/wp-json\/wp\/v2\/product_brand?post=5327"},{"taxonomy":"product_cat","embeddable":true,"href":"https:\/\/z-7.ch\/fr\/wp-json\/wp\/v2\/product_cat?post=5327"},{"taxonomy":"product_tag","embeddable":true,"href":"https:\/\/z-7.ch\/fr\/wp-json\/wp\/v2\/product_tag?post=5327"}],"curies":[{"name":"wp","href":"https:\/\/api.w.org\/{rel}","templated":true}]}}