{"id":5329,"date":"2025-10-16T11:00:02","date_gmt":"2025-10-16T09:00:02","guid":{"rendered":"https:\/\/z-7.chprodukt\/the-order\/"},"modified":"2026-04-10T13:27:51","modified_gmt":"2026-04-10T11:27:51","slug":"the-order","status":"publish","type":"product","link":"https:\/\/z-7.ch\/fr\/event\/the-order\/","title":{"rendered":"The Order"},"content":{"rendered":"<h3>REPORT DE CONCERT : THE ORDER<\/h3>\n<p>Parfois, le monde du rock\u2019n\u2019roll \u00e9crit ses propres histoires \u2013 et celle-ci est franchement g\u00e9niale :<br \/>\nLe chanteur Gianni Pontillo est d\u00e9sormais le nouveau frontman du groupe mondialement connu Nazareth. En raison du nouveau planning de tourn\u00e9e, des conflits de dates sont malheureusement apparus, ce qui nous oblige \u00e0 reporter le concert pr\u00e9vu de The Order au 04.09.2026. <\/p>\n<p>Les billets restent valables pour la nouvelle date.<br \/>\nSi vous ne pouvez pas assister au concert \u00e0 cette nouvelle \u00e9ch\u00e9ance, les billets peuvent \u00eatre rembours\u00e9s aupr\u00e8s du point de vente o\u00f9 ils ont \u00e9t\u00e9 achet\u00e9s.<\/p>\n<p><a class=\"button\" href=\"https:\/\/z-7.ch\/fr\/infos-pour-les-visiteurs\/#ticketrueckerstattung\">INFORMATIONS CONCERNANT LE REMBOURSEMENT DES BILLETS<\/a><\/p>\n<h3>20 ANS DE PUISSANCE HARD ROCK<br \/><\/h3>\n<p><b>Depuis pr\u00e8s de deux d\u00e9cennies, The Order incarnent un hard rock et heavy metal sans compromis made in Switzerland. Le 4 septembre 2026, ils c\u00e9l\u00e8brent leur 20e anniversaire de groupe au Mini Z7 \u2013 avec le concert de sortie de leur nouvel album Empires. En premi\u00e8re partie, nous accueillerons The Crumpets, les \u00e9nergiques \u00ab girls who rock \u00bb.<br \/>  <\/b><\/p>\n<p>Lorsqu\u2019un groupe br\u00fble encore avec la m\u00eame intensit\u00e9 apr\u00e8s 20 ans qu\u2019\u00e0 ses d\u00e9buts, ce n\u2019est pas un hasard \u2013 c\u2019est de la passion pure. Depuis leur cr\u00e9ation en 2006, The Order prouvent qu\u2019un hard rock honn\u00eate et percutant a toujours toute sa place aujourd\u2019hui. Avec six albums studio, un EP et d\u2019innombrables concerts en Suisse et \u00e0 l\u2019\u00e9tranger, ils comptent parmi les formations les plus constantes et authentiques de la sc\u00e8ne rock et metal helv\u00e9tique.  <\/p>\n<p>Leur nouvel album Empires, qui sortira en mars 2026, est le manifeste musical d\u2019un groupe ayant perfectionn\u00e9 son son sans jamais renier ses racines. Musicalement et lyriquement, l\u2019album boucle la boucle en revenant \u00e0 l\u2019esprit du premier album acclam\u00e9 Son of Armageddon (2006), qui avait marqu\u00e9 les esprits par ses riffs ac\u00e9r\u00e9s et ses th\u00e8mes critiques. Empires referme ce cercle \u2013 puissant, moderne et port\u00e9 par une \u00e9nergie qui rappelle pourquoi Gianni Pontillo (Victory, Fun Halen, Pure Inc., Sl\u00e4du) et ses compagnons comptent parmi les meilleurs live acts du pays.  <\/p>\n<p>L\u2019ann\u00e9e anniversaire 2026 sera un v\u00e9ritable jalon : 20 ans de The Order \u2013 c\u00e9l\u00e9br\u00e9s avec des concerts exclusifs, une setlist sp\u00e9ciale et un m\u00e9lange de classiques et de nouveaux titres. Ici, pas de nostalgie, mais un groupe au sommet de sa cr\u00e9ativit\u00e9 \u2013 dur, sinc\u00e8re et pr\u00eat \u00e0 emporter chaque public. <\/p>\n<p><strong>The Crumpets :<\/strong><br \/>\nTrois voix, un son \u2013 reconnaissable entre mille, honn\u00eate et d\u00e9bordant d\u2019\u00e9nergie. The Crumpets d\u00e9fendent un rock pur et artisanal, avec du caract\u00e8re et beaucoup de c\u0153ur. Leurs chansons parlent de la vraie vie : des sommets et des chutes, du courage, de l\u2019\u00e2me et de la passion. Musicalement quelque part entre rock, punk et pop \u2013 mais toujours brut, authentique et sans fard. Depuis leurs d\u00e9buts en 2011, ces trois musiciennes ont fait trembler d\u2019innombrables sc\u00e8nes en Suisse et en Allemagne. Avec leur album actuel WILD SOUL, elles confirment une fois de plus qui elles sont : sauvages, sinc\u00e8res, sans artifice \u2013 et tout simplement girls who rock.     <\/p>\n","protected":false},"excerpt":{"rendered":"<p>REPORT DE CONCERT : THE ORDER Parfois, le monde du rock\u2019n\u2019roll \u00e9crit ses propres histoires \u2013 et celle-ci est franchement&hellip;<\/p>\n","protected":false},"author":2,"featured_media":2688,"template":"","meta":{"_acf_changed":false},"product_brand":[],"product_cat":[160],"product_tag":[105],"class_list":{"0":"post-5329","1":"product","2":"type-product","3":"status-publish","4":"has-post-thumbnail","6":"product_cat-event","7":"product_tag-hard-rock-fr","9":"first","10":"instock","11":"virtual","12":"purchasable","13":"product-type-simple"},"acf":[],"_links":{"self":[{"href":"https:\/\/z-7.ch\/fr\/wp-json\/wp\/v2\/product\/5329","targetHints":{"allow":["GET"]}}],"collection":[{"href":"https:\/\/z-7.ch\/fr\/wp-json\/wp\/v2\/product"}],"about":[{"href":"https:\/\/z-7.ch\/fr\/wp-json\/wp\/v2\/types\/product"}],"author":[{"embeddable":true,"href":"https:\/\/z-7.ch\/fr\/wp-json\/wp\/v2\/users\/2"}],"wp:featuredmedia":[{"embeddable":true,"href":"https:\/\/z-7.ch\/fr\/wp-json\/wp\/v2\/media\/2688"}],"wp:attachment":[{"href":"https:\/\/z-7.ch\/fr\/wp-json\/wp\/v2\/media?parent=5329"}],"wp:term":[{"taxonomy":"product_brand","embeddable":true,"href":"https:\/\/z-7.ch\/fr\/wp-json\/wp\/v2\/product_brand?post=5329"},{"taxonomy":"product_cat","embeddable":true,"href":"https:\/\/z-7.ch\/fr\/wp-json\/wp\/v2\/product_cat?post=5329"},{"taxonomy":"product_tag","embeddable":true,"href":"https:\/\/z-7.ch\/fr\/wp-json\/wp\/v2\/product_tag?post=5329"}],"curies":[{"name":"wp","href":"https:\/\/api.w.org\/{rel}","templated":true}]}}