{"id":5333,"date":"2025-10-15T10:00:23","date_gmt":"2025-10-15T08:00:23","guid":{"rendered":"https:\/\/z-7.chprodukt\/hypocrisy\/"},"modified":"2026-04-10T13:23:12","modified_gmt":"2026-04-10T11:23:12","slug":"hypocrisy","status":"publish","type":"product","link":"https:\/\/z-7.ch\/fr\/event\/hypocrisy\/","title":{"rendered":"Hypocrisy"},"content":{"rendered":"<h3>MELODIC DEATH &amp; BLACK\u2019N\u2019ROLL<\/h3>\n<p><b>Cela faisait longtemps que les rois su\u00e9dois du melodic death Hypocrisy n\u2019avaient pas fait trembler le Z7 jusque dans ses fondations. Les voici de retour en 2026, men\u00e9s par le ma\u00eetre Peter T\u00e4gtgren, en t\u00eate d\u2019affiche de la Mass Hallucination Tour 2026 \u2013 avec de sacr\u00e9es surprises dans leurs bagages. Ce plateau metal impitoyable est compl\u00e9t\u00e9 par l\u2019ic\u00f4ne norv\u00e9gienne du black metal Abbath, la v\u00e9n\u00e9rable machine \u00e0 riffs death su\u00e9doise Vomitory, et le commando black\u2019n\u2019roll norv\u00e9gien Vreid.   <\/b><\/p>\n<p>Google d\u00e9finit une hallucination comme \u00ab la perception de stimuli inexistants, mais v\u00e9cus comme r\u00e9els par la personne concern\u00e9e. Elle peut toucher tous les sens \u00bb. Lorsque l\u2019ic\u00f4ne su\u00e9doise du death metal Peter T\u00e4gtgren lance son institution Hypocrisy sur la Mass Hallucination Tour 2026, ce sont avant tout les conduits auditifs qui seront mis \u00e0 rude \u00e9preuve. Chanteur, multi-instrumentiste et producteur, T\u00e4gtgren peut se retourner sur trois d\u00e9cennies et demie d\u2019histoire avec Hypocrisy : plus d\u2019une douzaine d\u2019albums, des centaines de concerts et des dizaines de milliers de fans conquis \u00e0 travers le monde. Issu de l\u2019underground au d\u00e9but des ann\u00e9es 90, le groupe est devenu l\u2019une des formations les plus respect\u00e9es et les plus influentes du death metal. La marque de fabrique d\u2019Hypocrisy repose sur un m\u00e9lange unique de death metal agressif et d\u2019un sens aigu des textures riches, des m\u00e9lodies m\u00e9morables, des grooves massifs et des vocaux polyvalents. Qu\u2019il s\u2019agisse du tr\u00e8s morbide Osculum Obscenum (1993), du morceau l\u00e9gendaire \u00ab Roswell 47 \u00bb (1996), de l\u2019album The Arrival (2004) ou du tr\u00e8s applaudi Worship (2021), Hypocrisy proposent un voyage metal captivant et dynamique, port\u00e9 par une discographie dont la qualit\u00e9 et la diversit\u00e9 artistique sont rares. M\u00eame apr\u00e8s toutes ces ann\u00e9es, T\u00e4gtgren et sa troupe prouvent qu\u2019ils comptent toujours parmi les formations de melodic death les plus innovantes et importantes de la sc\u00e8ne.      <\/p>\n<p><strong>Abbath :<\/strong><br \/>\nApr\u00e8s la tourn\u00e9e tr\u00e8s acclam\u00e9e Abbath Plays Immortal en 2024, l\u2019ic\u00f4ne norv\u00e9gienne du black metal revient chez nous en 2026. En tant que frontman de Immortal et Old Funeral, avec le projet I, ou encore en solo, Abbath s\u2019est forg\u00e9 une r\u00e9putation internationale depuis 37 ans gr\u00e2ce \u00e0 son growl inimitable et \u00e0 ses riffs caract\u00e9ristiques. Ces dix derni\u00e8res ann\u00e9es, il a connu le succ\u00e8s avec sa propre formation, m\u00eame si les rumeurs d\u2019un retour au sein d\u2019Immortal ont r\u00e9guli\u00e8rement refait surface. Le guitariste d\u2019Immortal Demonaz a toutefois clairement exclu toute r\u00e9union. De 1990 \u00e0 2014, Abbath fut le visage et la voix du groupe culte norv\u00e9gien. Depuis, le ma\u00eetre du riff a consolid\u00e9 sa place dans l\u2019Olympe du heavy metal avec trois albums solo. \u00c0 propos du dernier album Dread Reaver, Metal Hammer \u00e9crivait : \u00ab Rien que la mani\u00e8re tr\u00e8s particuli\u00e8re d\u2019Abbath de c\u00e9l\u00e9brer les riffs reste unique et constitue d\u00e9j\u00e0 une recommandation d\u2019achat pour les amateurs de sonorit\u00e9s old school et les fans de black metal. \u00bb      <\/p>\n<p><strong>Vomitory :<\/strong><br \/>\nToute discussion s\u00e9rieuse sur le death metal doit forc\u00e9ment mentionner Vomitory. Fond\u00e9 en 1989, le groupe a sorti entre 1996 et 2011 huit des meilleurs albums que le genre ait produits. En 2013, le quatuor s\u2019est s\u00e9par\u00e9 \u2013 mais la retraite fut de courte dur\u00e9e. En 2019, Vomitory sont revenus sur sc\u00e8ne pour f\u00eater leurs 30 ans, puis ont publi\u00e9 en 2023 All Heads Are Gonna Roll, leur premier album en douze ans. Fid\u00e8le au son classique du groupe tout en apportant quelques nouvelles nuances, le disque r\u00e9pond parfaitement aux attentes des fans. Le groupe a pris son temps au lieu de se pr\u00e9cipiter. Le batteur Tobias Gustafsson explique : \u00ab On a d\u2019abord \u00e9crit quelques morceaux juste pour le plaisir, afin de voir si on l\u2019avait encore, avant de d\u00e9cider de continuer et d\u2019enregistrer un nouvel album. \u00bb Un choix judicieux, au vu des grooves et des attaques de riffs du disque. Et d\u00e9j\u00e0, du nouveau mat\u00e9riel est en pr\u00e9paration : le 1er octobre, le groupe annon\u00e7ait sur ses r\u00e9seaux sociaux : \u00ab The recording for our 10th album has begun! \u00bb L\u2019attente est grande.         <\/p>\n<p><strong>Vreid :<\/strong><br \/>\nDepuis leur formation en 2004, les Norv\u00e9giens de Vreid \u00e9voluent dans la sc\u00e8ne extreme metal avec un m\u00e9lange subtil de rock des ann\u00e9es 70, de metal classique des ann\u00e9es 80 et de black metal norv\u00e9gien. Leur black\u2019n\u2019roll est charg\u00e9 d\u2019\u00e9nergie, d\u2019exp\u00e9rimentation, de cr\u00e9ativit\u00e9, d\u2019intensit\u00e9 et de r\u00e9flexion. Sur leurs albums, Vreid se penchent r\u00e9guli\u00e8rement sur le rapport entre la vie et la mort et sur ses effets sur la perception et les actions humaines. La col\u00e8re qui peut na\u00eetre de cette confrontation \u2013 et qui r\u00e9sonne dans le nom du groupe \u2013 est toujours perceptible. Cela n\u2019a rien d\u2019\u00e9tonnant pour un groupe n\u00e9 d\u2019un drame : en 2004, Valfar, chanteur du groupe pr\u00e9d\u00e9cesseur Windir, est d\u00e9c\u00e9d\u00e9 dans une temp\u00eate de neige. Mais Vreid ne seraient pas Vreid si leur musique n\u2019\u00e9tait que sombre. Les \u00e9l\u00e9ments m\u00e9lodiques et groovy sont toujours pr\u00e9sents, et malgr\u00e9 la profondeur des th\u00e8mes, le groupe conserve en permanence une pointe d\u2019ironie.      <\/p>\n","protected":false},"excerpt":{"rendered":"<p>MELODIC DEATH &amp; BLACK\u2019N\u2019ROLL Cela faisait longtemps que les rois su\u00e9dois du melodic death Hypocrisy n\u2019avaient pas fait trembler le&hellip;<\/p>\n","protected":false},"author":2,"featured_media":2585,"template":"","meta":{"_acf_changed":false},"product_brand":[],"product_cat":[160],"product_tag":[164],"class_list":{"0":"post-5333","1":"product","2":"type-product","3":"status-publish","4":"has-post-thumbnail","6":"product_cat-event","7":"product_tag-black-death-metal","9":"first","10":"instock","11":"virtual","12":"product-type-simple"},"acf":[],"_links":{"self":[{"href":"https:\/\/z-7.ch\/fr\/wp-json\/wp\/v2\/product\/5333","targetHints":{"allow":["GET"]}}],"collection":[{"href":"https:\/\/z-7.ch\/fr\/wp-json\/wp\/v2\/product"}],"about":[{"href":"https:\/\/z-7.ch\/fr\/wp-json\/wp\/v2\/types\/product"}],"author":[{"embeddable":true,"href":"https:\/\/z-7.ch\/fr\/wp-json\/wp\/v2\/users\/2"}],"wp:featuredmedia":[{"embeddable":true,"href":"https:\/\/z-7.ch\/fr\/wp-json\/wp\/v2\/media\/2585"}],"wp:attachment":[{"href":"https:\/\/z-7.ch\/fr\/wp-json\/wp\/v2\/media?parent=5333"}],"wp:term":[{"taxonomy":"product_brand","embeddable":true,"href":"https:\/\/z-7.ch\/fr\/wp-json\/wp\/v2\/product_brand?post=5333"},{"taxonomy":"product_cat","embeddable":true,"href":"https:\/\/z-7.ch\/fr\/wp-json\/wp\/v2\/product_cat?post=5333"},{"taxonomy":"product_tag","embeddable":true,"href":"https:\/\/z-7.ch\/fr\/wp-json\/wp\/v2\/product_tag?post=5333"}],"curies":[{"name":"wp","href":"https:\/\/api.w.org\/{rel}","templated":true}]}}