{"id":5335,"date":"2025-10-14T10:00:45","date_gmt":"2025-10-14T08:00:45","guid":{"rendered":"https:\/\/z-7.chprodukt\/henrik-freischlader\/"},"modified":"2026-04-01T10:28:48","modified_gmt":"2026-04-01T08:28:48","slug":"henrik-freischlader","status":"publish","type":"product","link":"https:\/\/z-7.ch\/fr\/event\/henrik-freischlader\/","title":{"rendered":"Henrik Freischlader"},"content":{"rendered":"<h3>MA\u00ceTRE DU BLUES ROCK MODERNE<\/h3>\n<p><strong>Depuis plus de vingt ans, Henrik Freischlader incarne un blues rock authentique, empreint d\u2019\u00e2me, de profondeur et d\u2019une grande ma\u00eetrise musicale. Guitariste, chanteur, auteur-compositeur et producteur, il s\u2019est forg\u00e9 une solide r\u00e9putation bien au-del\u00e0 des fronti\u00e8res gr\u00e2ce \u00e0 son son inimitable et \u00e0 son intensit\u00e9 \u00e9motionnelle. <\/strong><\/p>\n<p>L\u2019ann\u00e9e 2026 marque un nouveau d\u00e9part : avec une formation enti\u00e8rement renouvel\u00e9e, Henrik Freischlader travaille actuellement sur son prochain album studio PRECIOUS TIME \u2013 son premier long format studio depuis 2022. Aux c\u00f4t\u00e9s de Leon Mucke (batterie), Gregor Sonnenberg (basse) et Dave Warmerdam (claviers), il forme une nouvelle entit\u00e9 musicale, fra\u00eeche et hautement inspir\u00e9e, m\u00ealant blues rock, soul, groove et profondeur atmosph\u00e9rique.<\/p>\n<p>La Precious Time Tour 2026 sera la premi\u00e8re occasion de d\u00e9couvrir cette formation ensemble sur sc\u00e8ne. Le public peut s\u2019attendre \u00e0 une nouvelle dynamique musicale \u2013 organique, puissante et laissant une large place \u00e0 l\u2019interaction et \u00e0 l\u2019improvisation.<\/p>\n<p>Formation :<br \/>\nHenrik Freischlader \u2013 chant &amp; guitare<br \/>\nDave Warmerdam \u2013 orgue Hammond &amp; claviers<br \/>\nGregor Sonnenberg \u2013 basse<br \/>\nLeon Mucke \u2013 batterie<\/p>\n","protected":false},"excerpt":{"rendered":"<p>MA\u00ceTRE DU BLUES ROCK MODERNE Depuis plus de vingt ans, Henrik Freischlader incarne un blues rock authentique, empreint d\u2019\u00e2me, de&hellip;<\/p>\n","protected":false},"author":2,"featured_media":14607,"template":"","meta":{"_acf_changed":false},"product_brand":[],"product_cat":[160],"product_tag":[121,122],"class_list":{"0":"post-5335","1":"product","2":"type-product","3":"status-publish","4":"has-post-thumbnail","6":"product_cat-event","7":"product_tag-blues-fr","8":"product_tag-blues-rock-fr","10":"first","11":"instock","12":"virtual","13":"product-type-simple"},"acf":[],"_links":{"self":[{"href":"https:\/\/z-7.ch\/fr\/wp-json\/wp\/v2\/product\/5335","targetHints":{"allow":["GET"]}}],"collection":[{"href":"https:\/\/z-7.ch\/fr\/wp-json\/wp\/v2\/product"}],"about":[{"href":"https:\/\/z-7.ch\/fr\/wp-json\/wp\/v2\/types\/product"}],"author":[{"embeddable":true,"href":"https:\/\/z-7.ch\/fr\/wp-json\/wp\/v2\/users\/2"}],"wp:featuredmedia":[{"embeddable":true,"href":"https:\/\/z-7.ch\/fr\/wp-json\/wp\/v2\/media\/14607"}],"wp:attachment":[{"href":"https:\/\/z-7.ch\/fr\/wp-json\/wp\/v2\/media?parent=5335"}],"wp:term":[{"taxonomy":"product_brand","embeddable":true,"href":"https:\/\/z-7.ch\/fr\/wp-json\/wp\/v2\/product_brand?post=5335"},{"taxonomy":"product_cat","embeddable":true,"href":"https:\/\/z-7.ch\/fr\/wp-json\/wp\/v2\/product_cat?post=5335"},{"taxonomy":"product_tag","embeddable":true,"href":"https:\/\/z-7.ch\/fr\/wp-json\/wp\/v2\/product_tag?post=5335"}],"curies":[{"name":"wp","href":"https:\/\/api.w.org\/{rel}","templated":true}]}}