{"id":5412,"date":"2025-10-08T15:06:48","date_gmt":"2025-10-08T13:06:48","guid":{"rendered":"https:\/\/z-7.chprodukt\/30-years-z7-t-shirt\/"},"modified":"2025-10-08T15:06:48","modified_gmt":"2025-10-08T13:06:48","slug":"30-years-z7-t-shirt","status":"publish","type":"product","link":"https:\/\/z-7.ch\/fr\/produit\/30-years-z7-t-shirt\/","title":{"rendered":"30 Years Z7 T-Shirt"},"content":{"rendered":"<p>Happy Birthday \u00e0 nous ! Nous avons f\u00eat\u00e9 nos 30 ans !<br \/>Pour c\u00e9l\u00e9brer cet anniversaire symbolique, nous marquons le coup avec ce T-shirt.  <\/p>\n<p>Couleur : noir<br \/>\nMati\u00e8re : 100 % coton biologique (v\u00e9gan)<\/p>\n","protected":false},"excerpt":{"rendered":"<p>Happy Birthday \u00e0 nous ! Nous avons f\u00eat\u00e9 nos 30 ans !<br \/>Pour c\u00e9l\u00e9brer cet anniversaire symbolique, nous marquons le coup avec ce T-shirt.  <\/p>\n","protected":false},"author":2,"featured_media":2348,"template":"","meta":{"_acf_changed":false},"product_brand":[],"product_cat":[192],"product_tag":[],"class_list":{"0":"post-5412","1":"product","2":"type-product","3":"status-publish","4":"has-post-thumbnail","6":"product_cat-merchandise","7":"product_shipping_class-lourd","9":"first","10":"instock","11":"taxable","12":"shipping-taxable","13":"purchasable","14":"product-type-variable"},"acf":[],"_links":{"self":[{"href":"https:\/\/z-7.ch\/fr\/wp-json\/wp\/v2\/product\/5412","targetHints":{"allow":["GET"]}}],"collection":[{"href":"https:\/\/z-7.ch\/fr\/wp-json\/wp\/v2\/product"}],"about":[{"href":"https:\/\/z-7.ch\/fr\/wp-json\/wp\/v2\/types\/product"}],"author":[{"embeddable":true,"href":"https:\/\/z-7.ch\/fr\/wp-json\/wp\/v2\/users\/2"}],"wp:featuredmedia":[{"embeddable":true,"href":"https:\/\/z-7.ch\/fr\/wp-json\/wp\/v2\/media\/2348"}],"wp:attachment":[{"href":"https:\/\/z-7.ch\/fr\/wp-json\/wp\/v2\/media?parent=5412"}],"wp:term":[{"taxonomy":"product_brand","embeddable":true,"href":"https:\/\/z-7.ch\/fr\/wp-json\/wp\/v2\/product_brand?post=5412"},{"taxonomy":"product_cat","embeddable":true,"href":"https:\/\/z-7.ch\/fr\/wp-json\/wp\/v2\/product_cat?post=5412"},{"taxonomy":"product_tag","embeddable":true,"href":"https:\/\/z-7.ch\/fr\/wp-json\/wp\/v2\/product_tag?post=5412"}],"curies":[{"name":"wp","href":"https:\/\/api.w.org\/{rel}","templated":true}]}}