{"id":5419,"date":"2025-09-26T10:00:42","date_gmt":"2025-09-26T08:00:42","guid":{"rendered":"https:\/\/z-7.chprodukt\/fischer-z\/"},"modified":"2026-04-01T10:19:35","modified_gmt":"2026-04-01T08:19:35","slug":"fischer-z","status":"publish","type":"product","link":"https:\/\/z-7.ch\/fr\/event\/fischer-z\/","title":{"rendered":"Fischer-Z"},"content":{"rendered":"<h3>F\u00caTER AVEC FISCHER-Z<\/h3>\n<p><strong>Passionn\u00e9, politique, d\u00e9termin\u00e9. Et surtout : artiste. John Watts est Fischer-Z. Un concept musical et un v\u00e9hicule cr\u00e9atif qui a connu de nombreuses incarnations au fil des ann\u00e9es. En 2026, Watts c\u00e9l\u00e8bre un demi-si\u00e8cle de musique sur sc\u00e8ne avec Fischer-Z. La 50th Anniversary Tour propose un set best-of r\u00e9unissant les moments forts du riche r\u00e9pertoire du groupe, compl\u00e9t\u00e9 par des titres plus r\u00e9cents. <\/strong><\/p>\n<p>2026 s\u2019annonce comme une ann\u00e9e majeure pour Fischer-Z. Il y a cinquante ans, le groupe a \u00e9t\u00e9 fond\u00e9 par le chanteur, guitariste et po\u00e8te John Watts dans la ville anglaise de Sandhurst. Sous sa direction, Fischer-Z se sont impos\u00e9s \u00e0 la fin des ann\u00e9es 1970 et au d\u00e9but des ann\u00e9es 1980 comme un \u00e9l\u00e9ment incontournable de la sc\u00e8ne new wave et post-punk. Avec des classiques tels que \u00ab The Worker \u00bb, \u00ab So Long \u00bb, \u00ab Marliese \u00bb, \u00ab Red Skies Over Paradise \u00bb ou \u00ab Room Service \u00bb, le groupe a durablement marqu\u00e9 plusieurs g\u00e9n\u00e9rations d\u2019amateurs de musique. Fischer-Z ont connu le succ\u00e8s dans toute l\u2019Europe et vendu plus de deux millions d\u2019albums. Ils ont enregistr\u00e9 avec Peter Gabriel, Steve Cropper ou Dexys Midnight Runners, partag\u00e9 la sc\u00e8ne avec James Brown \u00e0 Berlin-Est, tourn\u00e9 avec The Police et Dire Straits, accompagn\u00e9 Bob Marley lors de sa derni\u00e8re tourn\u00e9e de festivals en Europe et jou\u00e9 aux \u00c9tats-Unis comme au Canada. En 1982, Watts dissout Fischer-Z pour se consacrer \u00e0 une carri\u00e8re solo, avant de relancer le nom du groupe en 1987 avec une nouvelle formation. \u00c0 ce jour, John Watts a publi\u00e9 26 albums et donn\u00e9 environ 4 000 concerts avec son groupe ou en solo. Du nouveau mat\u00e9riel para\u00eet toujours r\u00e9guli\u00e8rement ; le plus r\u00e9cent, Triptych, est sorti en mai 2024. Le dernier album studio de Fischer-Z marque un retour \u00e0 des sonorit\u00e9s et des th\u00e8mes familiers, abord\u00e9s avec une fra\u00eecheur nouvelle, et offre une r\u00e9trospective impressionnante de la vie et de la carri\u00e8re de John Watts. Artiste en perp\u00e9tuelle r\u00e9invention, Watts a constat\u00e9 que nombre de ses \u0153uvres des cinquante derni\u00e8res ann\u00e9es s\u2019articulent autour des m\u00eames th\u00e8mes moteurs, aujourd\u2019hui encore aussi pertinents qu\u2019autrefois : l\u2019amour, le pouvoir, les gens \u2013 et la mani\u00e8re dont ils interagissent. Lors des concerts europ\u00e9ens de la 50th Anniversary Tour, Watts et ses compagnons pr\u00e9senteront un set best-of r\u00e9unissant des classiques issus de l\u2019importante discographie de Fischer-Z.<\/p>\n","protected":false},"excerpt":{"rendered":"<p>F\u00caTER AVEC FISCHER-Z Passionn\u00e9, politique, d\u00e9termin\u00e9. Et surtout : artiste. John Watts est Fischer-Z. Un concept musical et un v\u00e9hicule&hellip;<\/p>\n","protected":false},"author":2,"featured_media":2216,"template":"","meta":{"_acf_changed":false},"product_brand":[],"product_cat":[160],"product_tag":[194],"class_list":{"0":"post-5419","1":"product","2":"type-product","3":"status-publish","4":"has-post-thumbnail","6":"product_cat-event","7":"product_tag-punkrock","9":"first","10":"instock","11":"virtual","12":"purchasable","13":"product-type-simple"},"acf":[],"_links":{"self":[{"href":"https:\/\/z-7.ch\/fr\/wp-json\/wp\/v2\/product\/5419","targetHints":{"allow":["GET"]}}],"collection":[{"href":"https:\/\/z-7.ch\/fr\/wp-json\/wp\/v2\/product"}],"about":[{"href":"https:\/\/z-7.ch\/fr\/wp-json\/wp\/v2\/types\/product"}],"author":[{"embeddable":true,"href":"https:\/\/z-7.ch\/fr\/wp-json\/wp\/v2\/users\/2"}],"wp:featuredmedia":[{"embeddable":true,"href":"https:\/\/z-7.ch\/fr\/wp-json\/wp\/v2\/media\/2216"}],"wp:attachment":[{"href":"https:\/\/z-7.ch\/fr\/wp-json\/wp\/v2\/media?parent=5419"}],"wp:term":[{"taxonomy":"product_brand","embeddable":true,"href":"https:\/\/z-7.ch\/fr\/wp-json\/wp\/v2\/product_brand?post=5419"},{"taxonomy":"product_cat","embeddable":true,"href":"https:\/\/z-7.ch\/fr\/wp-json\/wp\/v2\/product_cat?post=5419"},{"taxonomy":"product_tag","embeddable":true,"href":"https:\/\/z-7.ch\/fr\/wp-json\/wp\/v2\/product_tag?post=5419"}],"curies":[{"name":"wp","href":"https:\/\/api.w.org\/{rel}","templated":true}]}}