{"id":5431,"date":"2025-09-04T10:00:37","date_gmt":"2025-09-04T08:00:37","guid":{"rendered":"https:\/\/z-7.chprodukt\/lord-of-the-lost\/"},"modified":"2026-04-10T13:25:21","modified_gmt":"2026-04-10T11:25:21","slug":"lord-of-the-lost","status":"publish","type":"product","link":"https:\/\/z-7.ch\/fr\/event\/lord-of-the-lost\/","title":{"rendered":"Lord Of The Lost"},"content":{"rendered":"<h3>TRILOGIE DARK ROCK MONUMENTALE<\/p>\n<\/h3>\n<p><strong>Qu\u2019il s\u2019agisse de metal moderne, de groove industriel ou de dark rock, Lord Of The Lost savent tout faire. Et le groupe men\u00e9 par le mastermind Chris Harms ma\u00eetrise \u00e0 la perfection l\u2019art de se r\u00e9inventer \u00e0 chaque album tout en restant fid\u00e8le \u00e0 son identit\u00e9. Avec Opus Noir \u2013 Volume 1, paru en ao\u00fbt, Lord Of The Lost ont lanc\u00e9 une trilogie monumentale qui se poursuivra en d\u00e9cembre 2025 et s\u2019ach\u00e8vera au printemps 2026. Ils viendront ensuite \u00e0 Pratteln dans le cadre de leur Tour Noir afin de c\u00e9l\u00e9brer ce triptyque avec leurs fans.<br \/>   <\/strong><\/p>\n<p>Une \u0153uvre, une transformation, un retour au soi m\u00e9lancolique. Ni par son titre ni par son ampleur musicale, Opus Noir ne c\u00e8de \u00e0 la retenue. D\u00e9sormais en formation \u00e0 six, le groupe se montre plus intense et plus complexe que jamais. Chaque volume compte onze morceaux \u2013 soit 33 titres au total \u2013 qui ne se contentent pas de conclure le chapitre flamboyant de Blood &amp; Glitter, mais marquent aussi un retour sans compromis vers l\u2019obscurit\u00e9 int\u00e9rieure du groupe, explorant avec assurance de nouvelles profondeurs \u00e9motionnelles.<br \/>Ce choix audacieux prend tout son sens lorsqu\u2019on consid\u00e8re la trajectoire r\u00e9cente de Lord Of The Lost : premi\u00e8res parties d\u2019Iron Maiden sur deux tourn\u00e9es europ\u00e9ennes, premi\u00e8res dates nord-am\u00e9ricaines depuis plus de dix ans, tourn\u00e9es en t\u00eate d\u2019affiche \u00e0 guichets ferm\u00e9s, participation \u00e0 la finale de l\u2019Eurovision 2023, entr\u00e9e directe \u00e0 la premi\u00e8re place des charts avec Blood &amp; Glitter, prestations acclam\u00e9es sur les plus grands festivals du monde \u2013 et m\u00eame une rencontre avec le roi Charles. Avouons-le : il aurait \u00e9t\u00e9 facile de continuer sur cette voie du succ\u00e8s. Mais Lord Of The Lost ne fonctionnent pas ainsi. Leur seule constante reste le changement.<br \/>Alors, quelle est l\u2019essence de LOTL en 2025 ? Une fois encore, le groupe prouve non seulement son excellence musicale, mais aussi une ma\u00eetrise artisanale impressionnante. Produits par Chris Harms lui-m\u00eame, les morceaux frappent avec puissance et \u00e9clat, nous projetant dans un vaste bal sombre et chatoyant. Le ton est donn\u00e9 : un dark wave metal \u00e0 l\u2019\u00e9chelle d\u2019un amphith\u00e9\u00e2tre. Tout est nouveau, et pourtant chaque note semble famili\u00e8re. Derri\u00e8re chaque refrain se cache une surprise, chaque ligne ouvre une nouvelle porte vers l\u2019univers toujours plus vaste de LOTL. Le groupe transforme les attentes de sa communaut\u00e9 grandissante en chansons qui brisent les fronti\u00e8res des genres et transforment des instants en monuments charg\u00e9s d\u2019\u00e9motion.<br \/>Metal.de r\u00e9sume parfaitement le d\u00e9but de la trilogie :<br \/>\u00ab \u2018Opus Noir Vol. 1\u2019 est un d\u00e9marrage puissant. Si Lord Of The Lost poursuivent sur cette lanc\u00e9e dans les volumes suivants, l\u2019ensemble pourrait entrer dans l\u2019histoire du groupe comme son magnum opus. Rarement un album du groupe n\u2019aura contenu une telle densit\u00e9 de hits. \u00bb<br \/>Nous sommes convaincus que la transposition sur sc\u00e8ne sera tout aussi impressionnante.                <\/p>\n<p><strong>Dogma:<\/strong> <br \/>Elles portent les noms de puissantes figures f\u00e9minines issues des cultures anciennes \u2013 et avec elles, un message clair. Dogma incarnent l\u2019\u00e9mancipation, la sensualit\u00e9 sans contrainte et la libert\u00e9 sans peur. Inspir\u00e9es par The Pretty Reckless, In This Moment ou Alice Cooper, ces nonnes m\u00e9talliques d\u00e9moniaques m\u00ealent imagerie dramatique, \u00e9nergie rock explosive et refrains hymniques. Dogma ne sont pas simplement un groupe \u2013 elles sont un rituel.<br \/>Les quatre frontwomen Lilith, Lamia, Nixe et Abrahel utilisent riffs lourds, sonorit\u00e9s industrielles et m\u00e9lodies pop sombres comme des armes contre l\u2019ignorance et l\u2019oppression. Leurs chansons sont des incantations : brutes, hypnotiques et toujours porteuses d\u2019un message clair \u2013 \u00ab Remettez tout en question, m\u00eame nous. \u00bb Envelopp\u00e9es de mythologie et de provocation, Dogma ouvrent un espace d\u00e9di\u00e9 \u00e0 la libert\u00e9 et \u00e0 l\u2019autod\u00e9termination. Assister \u00e0 leurs concerts, c\u2019est entrer dans un univers o\u00f9 la musique ne se contente pas de divertir, mais \u00e9veille et lib\u00e8re.      <\/p>\n<p><strong>League Of Distortion:<\/strong> <br \/>En 2022, les modern-metalleux souabes League Of Distortion ont fait une entr\u00e9e remarqu\u00e9e sur la sc\u00e8ne avec leur premier album \u00e9ponyme. Des tourn\u00e9es en premi\u00e8re partie de Caliban et Cypecore ont suivi, ainsi que de nombreuses apparitions en festivals. Au Z7 en 2023, ils ont livr\u00e9 une prestation d\u2019ouverture solide aux c\u00f4t\u00e9s de Kamelot, Myrath et Eleine.<br \/>Fort de cette exp\u00e9rience et de nombreux concerts, le groupe a affin\u00e9 son identit\u00e9 musicale. Avec Galvanize (2024), la chanteuse Anna \u00ab Ace \u00bb Brunner (Exit Eden) et le guitariste Jim \u00ab Arro \u00bb M\u00fcller (Kissin\u2019 Dynamite) ont pr\u00e9sent\u00e9 un manifeste encore plus percutant, ouvrant un nouveau chapitre de leur parcours. Galvanize est une temp\u00eate brutale d\u2019\u00e9nergie pure, dans laquelle le quatuor impose sa combinaison unique de modern metal fluide, de performance cr\u00e9ative, de provocation et d\u2019\u00e9motions \u00e0 l\u2019\u00e9tat brut.     <\/p>\n","protected":false},"excerpt":{"rendered":"<p>TRILOGIE DARK ROCK MONUMENTALE Qu\u2019il s\u2019agisse de metal moderne, de groove industriel ou de dark rock, Lord Of The Lost&hellip;<\/p>\n","protected":false},"author":2,"featured_media":2016,"template":"","meta":{"_acf_changed":false},"product_brand":[],"product_cat":[160],"product_tag":[197,114],"class_list":{"0":"post-5431","1":"product","2":"type-product","3":"status-publish","4":"has-post-thumbnail","6":"product_cat-event","7":"product_tag-dark-rock-metal","8":"product_tag-industrial-metal-fr","10":"first","11":"instock","12":"virtual","13":"purchasable","14":"product-type-simple"},"acf":[],"_links":{"self":[{"href":"https:\/\/z-7.ch\/fr\/wp-json\/wp\/v2\/product\/5431","targetHints":{"allow":["GET"]}}],"collection":[{"href":"https:\/\/z-7.ch\/fr\/wp-json\/wp\/v2\/product"}],"about":[{"href":"https:\/\/z-7.ch\/fr\/wp-json\/wp\/v2\/types\/product"}],"author":[{"embeddable":true,"href":"https:\/\/z-7.ch\/fr\/wp-json\/wp\/v2\/users\/2"}],"wp:featuredmedia":[{"embeddable":true,"href":"https:\/\/z-7.ch\/fr\/wp-json\/wp\/v2\/media\/2016"}],"wp:attachment":[{"href":"https:\/\/z-7.ch\/fr\/wp-json\/wp\/v2\/media?parent=5431"}],"wp:term":[{"taxonomy":"product_brand","embeddable":true,"href":"https:\/\/z-7.ch\/fr\/wp-json\/wp\/v2\/product_brand?post=5431"},{"taxonomy":"product_cat","embeddable":true,"href":"https:\/\/z-7.ch\/fr\/wp-json\/wp\/v2\/product_cat?post=5431"},{"taxonomy":"product_tag","embeddable":true,"href":"https:\/\/z-7.ch\/fr\/wp-json\/wp\/v2\/product_tag?post=5431"}],"curies":[{"name":"wp","href":"https:\/\/api.w.org\/{rel}","templated":true}]}}