{"id":5436,"date":"2025-08-29T13:59:37","date_gmt":"2025-08-29T11:59:37","guid":{"rendered":"https:\/\/z-7.chprodukt\/bon-cadeau-z7\/"},"modified":"2025-08-29T13:59:37","modified_gmt":"2025-08-29T11:59:37","slug":"bon-cadeau-z7","status":"publish","type":"product","link":"https:\/\/z-7.ch\/fr\/produit\/bon-cadeau-z7\/","title":{"rendered":"Bon cadeau Z7"},"content":{"rendered":"<p data-start=\"149\" data-end=\"308\"><strong>Offrez des exp\u00e9riences de concert inoubliables.<\/strong><br data-start=\"193\" data-end=\"196\">Avec un bon cadeau Z7, vous \u00eates toujours s\u00fbr de faire plaisir \u2013 que ce soit pour des billets de concert ou du merchandising Z7.<\/p>\n<p data-start=\"310\" data-end=\"391\"><strong data-start=\"310\" data-end=\"333\">Montant librement choisi<\/strong><br data-start=\"333\" data-end=\"336\">Le montant du bon peut \u00eatre d\u00e9fini individuellement.<\/p>\n<p data-start=\"393\" data-end=\"571\"><strong data-start=\"393\" data-end=\"442\">Utilisable dans la boutique en ligne et \u00e0 la billetterie<\/strong><br data-start=\"442\" data-end=\"445\">Le bon peut \u00eatre utilis\u00e9 dans la boutique en ligne du Z7 ou \u00e0 la billetterie \u2013 mais pas au bar.<\/p>\n<p data-start=\"573\" data-end=\"736\"><strong data-start=\"573\" data-end=\"604\">Utilisation partielle possible<\/strong><br data-start=\"604\" data-end=\"607\">Si seul un montant partiel est utilis\u00e9 lors de l\u2019achat, le solde restant est conserv\u00e9 et peut \u00eatre utilis\u00e9 ult\u00e9rieurement.<\/p>\n<p data-start=\"738\" data-end=\"819\"><strong data-start=\"738\" data-end=\"760\">Pas de date d\u2019expiration<\/strong><br data-start=\"760\" data-end=\"763\">Le bon reste valable tant que le Z7 existe.<\/p>\n<p data-start=\"149\" data-end=\"308\">Le bon est envoy\u00e9 par e-mail sous forme de PDF et peut ensuite \u00eatre utilis\u00e9 en totalit\u00e9 ou partiellement, soit dans la boutique en ligne, soit \u00e0 la billetterie.<\/p>\n<p data-start=\"149\" data-end=\"308\">Aucun remboursement en esp\u00e8ces.<\/p>\n","protected":false},"excerpt":{"rendered":"<p data-start=\"149\" data-end=\"308\">Offrez des exp\u00e9riences de concert inoubliables.<\/p>\n","protected":false},"author":1,"featured_media":2378,"template":"","meta":{"_acf_changed":false},"product_brand":[],"product_cat":[192],"product_tag":[],"class_list":{"0":"post-5436","1":"product","2":"type-product","3":"status-publish","4":"has-post-thumbnail","6":"product_cat-merchandise","8":"first","9":"instock","10":"featured","11":"virtual","12":"purchasable","13":"product-type-simple"},"acf":[],"_links":{"self":[{"href":"https:\/\/z-7.ch\/fr\/wp-json\/wp\/v2\/product\/5436","targetHints":{"allow":["GET"]}}],"collection":[{"href":"https:\/\/z-7.ch\/fr\/wp-json\/wp\/v2\/product"}],"about":[{"href":"https:\/\/z-7.ch\/fr\/wp-json\/wp\/v2\/types\/product"}],"author":[{"embeddable":true,"href":"https:\/\/z-7.ch\/fr\/wp-json\/wp\/v2\/users\/1"}],"wp:featuredmedia":[{"embeddable":true,"href":"https:\/\/z-7.ch\/fr\/wp-json\/wp\/v2\/media\/2378"}],"wp:attachment":[{"href":"https:\/\/z-7.ch\/fr\/wp-json\/wp\/v2\/media?parent=5436"}],"wp:term":[{"taxonomy":"product_brand","embeddable":true,"href":"https:\/\/z-7.ch\/fr\/wp-json\/wp\/v2\/product_brand?post=5436"},{"taxonomy":"product_cat","embeddable":true,"href":"https:\/\/z-7.ch\/fr\/wp-json\/wp\/v2\/product_cat?post=5436"},{"taxonomy":"product_tag","embeddable":true,"href":"https:\/\/z-7.ch\/fr\/wp-json\/wp\/v2\/product_tag?post=5436"}],"curies":[{"name":"wp","href":"https:\/\/api.w.org\/{rel}","templated":true}]}}