{"id":5438,"date":"2025-08-25T12:00:04","date_gmt":"2025-08-25T10:00:04","guid":{"rendered":"https:\/\/z-7.chprodukt\/hammerfall\/"},"modified":"2026-02-16T14:32:47","modified_gmt":"2026-02-16T13:32:47","slug":"hammerfall","status":"publish","type":"product","link":"https:\/\/z-7.ch\/fr\/event\/hammerfall\/","title":{"rendered":"HammerFall"},"content":{"rendered":"<h3>SPECTACLE EXCLUSIF EN T\u00caTE D&rsquo;AFFICHE : HAMMERFALL AU Z7<\/h3>\n<p><strong>Les h\u00e9ros su\u00e9dois du true metal HammerFall seront de retour au Z7 au d\u00e9but de l&rsquo;ann\u00e9e 2026 ! Avant la tourn\u00e9e \u00ab\u00a0Wake Up The Wicked Tour\u00a0\u00bb en premi\u00e8re partie de Powerwolf, les Su\u00e9dois joueront quelques rares spectacles exclusifs en t\u00eate d&rsquo;affiche. Une apparition \u00e0 Pratteln ne peut bien s\u00fbr pas manquer. Nous attendons avec impatience le moment o\u00f9, apr\u00e8s six longues ann\u00e9es au Z7, le mot d&rsquo;ordre sera enfin : Let The Hammer Fall !   <\/strong><\/p>\n<p>Avec son dernier album Avenge The Fallen (2024), HammerFall a prouv\u00e9 une fois de plus qu&rsquo;il est loin de faire partie des vieilleries. La troisi\u00e8me place en Allemagne, la deuxi\u00e8me place en Suisse et la premi\u00e8re place dans le classement des albums su\u00e9dois parlent d&rsquo;elles-m\u00eames. \u00ab\u00a0Avenge the Fallen\u00a0\u00bb est la 13\u00e8me \u0153uvre studio du groupe qui a d\u00e9clench\u00e9 une v\u00e9ritable New Wave of True Metal en 1997 avec son premier album \u00ab\u00a0Glory To The Brave\u00a0\u00bb. Depuis, ils sont \u00e0 la t\u00eate de ce mouvement qui se r\u00e9clame des attributs du genre comme l&rsquo;\u00e9pique, la m\u00e9lodie et la puissance. \u00ab\u00a0Avenge The Fallen\u00a0\u00bb est donc une \u0153uvre classique et forte de HammerFall. Le guitariste et membre fondateur Oscar Dronjak n&rsquo;est pas avare de riffs massifs et de m\u00e9lodies entra\u00eenantes. Tandis que le chanteur Joacim Cans atteint toujours parfaitement chaque note, m\u00eame la plus aigu\u00eb, et m\u00e8ne les ch\u0153urs, qui sont devenus une tradition ch\u00e8re \u00e0 son c\u0153ur. Cans, qui manie le marteau depuis maintenant 30 ans chez les metalleux \u00e0 succ\u00e8s de G\u00f6teborg, sait pourquoi HammerFall est toujours motiv\u00e9 \u00e0 donner le meilleur de lui-m\u00eame, m\u00eame apr\u00e8s tant d&rsquo;ann\u00e9es : \u00ab\u00a0Nous nous sommes toujours demand\u00e9 : voulons-nous \u00eatre un groupe qui sort de la nouvelle musique uniquement pour repartir en tourn\u00e9e, ou voulons-nous continuer \u00e0 faire des efforts et \u00e0 nous lancer des d\u00e9fis\u00a0\u00bb ? La r\u00e9ponse est claire : \u00ab\u00a0M\u00eame \u00e0 une \u00e9poque o\u00f9 la dur\u00e9e d&rsquo;attention des gens est de plus en plus courte, nous n&rsquo;avons pas cess\u00e9 de penser en termes d&rsquo;albums complets. Quelques bonnes chansons ne font pas un album fort. Un album fort doit \u00eatre une collection de grandes chansons et c&rsquo;est ce que nous voulions livrer avec &lsquo;Avenge The Fallen'\u00a0\u00bb. Les Su\u00e9dois y sont d\u00e9finitivement parvenus. La r\u00e9alisation live lors de la tourn\u00e9e mondiale qui a suivi n&rsquo;a, comme toujours, rien laiss\u00e9 \u00e0 d\u00e9sirer. Et maintenant, en janvier 2026, nous aurons le plaisir d&rsquo;assister \u00e0 l&rsquo;un des rares spectacles de t\u00eate d&rsquo;affiche s\u00e9lectionn\u00e9s avant que HammerFall ne sillonne l&rsquo;Europe en tant que Very Special Guest des coll\u00e8gues de Powerwolf. Un show exclusif qui nous permettra de f\u00eater les 33 ans de HammerFall apr\u00e8s six ans d&rsquo;absence au Z7. Pour cela, nous nous offrons un schnaps : Sk\u00e5l !             <\/p>\n","protected":false},"excerpt":{"rendered":"<p>SPECTACLE EXCLUSIF EN T\u00caTE D&rsquo;AFFICHE : HAMMERFALL AU Z7 Les h\u00e9ros su\u00e9dois du true metal HammerFall seront de retour au&hellip;<\/p>\n","protected":false},"author":2,"featured_media":1915,"template":"","meta":{"_acf_changed":false},"product_brand":[],"product_cat":[160],"product_tag":[103,169],"class_list":{"0":"post-5438","1":"product","2":"type-product","3":"status-publish","4":"has-post-thumbnail","6":"product_cat-event","7":"product_tag-heavy-metal-fr","8":"product_tag-power-metal","10":"first","11":"outofstock","12":"virtual","13":"product-type-simple"},"acf":[],"_links":{"self":[{"href":"https:\/\/z-7.ch\/fr\/wp-json\/wp\/v2\/product\/5438","targetHints":{"allow":["GET"]}}],"collection":[{"href":"https:\/\/z-7.ch\/fr\/wp-json\/wp\/v2\/product"}],"about":[{"href":"https:\/\/z-7.ch\/fr\/wp-json\/wp\/v2\/types\/product"}],"author":[{"embeddable":true,"href":"https:\/\/z-7.ch\/fr\/wp-json\/wp\/v2\/users\/2"}],"wp:featuredmedia":[{"embeddable":true,"href":"https:\/\/z-7.ch\/fr\/wp-json\/wp\/v2\/media\/1915"}],"wp:attachment":[{"href":"https:\/\/z-7.ch\/fr\/wp-json\/wp\/v2\/media?parent=5438"}],"wp:term":[{"taxonomy":"product_brand","embeddable":true,"href":"https:\/\/z-7.ch\/fr\/wp-json\/wp\/v2\/product_brand?post=5438"},{"taxonomy":"product_cat","embeddable":true,"href":"https:\/\/z-7.ch\/fr\/wp-json\/wp\/v2\/product_cat?post=5438"},{"taxonomy":"product_tag","embeddable":true,"href":"https:\/\/z-7.ch\/fr\/wp-json\/wp\/v2\/product_tag?post=5438"}],"curies":[{"name":"wp","href":"https:\/\/api.w.org\/{rel}","templated":true}]}}