{"id":5444,"date":"2025-08-04T12:39:20","date_gmt":"2025-08-04T10:39:20","guid":{"rendered":"https:\/\/z-7.chprodukt\/sky-full-of-stars\/"},"modified":"2026-02-16T14:35:21","modified_gmt":"2026-02-16T13:35:21","slug":"sky-full-of-stars","status":"publish","type":"product","link":"https:\/\/z-7.ch\/fr\/event\/sky-full-of-stars\/","title":{"rendered":"Sky Full Of Stars"},"content":{"rendered":"<h3>UN VOYAGE FANTASTIQUE DANS L\u2019UNIVERS DE COLDPLAY<\/h3>\n<p data-start=\"68\" data-end=\"607\"><b>Hymnes de stade, ballades empreintes d\u2019\u00e9motion, m\u00e9lodies accrocheuses et une avalanche de sentiments \u2013 voil\u00e0 ce qui caract\u00e9rise l\u2019univers color\u00e9 de Coldplay.  Le groupe hommage Sky Full of Stars pr\u00e9sente au Z7 \u00ab\u00a0An Evening of Coldplay Music\u00a0\u00bb et nous plonge pendant deux heures dans l&rsquo;univers sonore fascinant du groupe survolt\u00e9 britannique.<\/b><\/p>\n<p>Avec plus de 100 millions de disques vendus dans le monde, Coldplay comptent parmi les groupes les plus influents et les plus populaires du XXIe si\u00e8cle. Depuis bient\u00f4t trente ans, Chris Martin et ses compagnons enchantent les fans de musique aux quatre coins du globe. Aujourd\u2019hui, Coldplay ne se produisent plus que dans le cadre de gigantesques et co\u00fbteux concerts en stade. Il y a quelques ann\u00e9es toutefois, un groupe de musiciens de sc\u00e8ne exp\u00e9riment\u00e9s a d\u00e9cid\u00e9 de recr\u00e9er le plus fid\u00e8lement possible l\u2019atmosph\u00e8re unique d\u2019un concert de Coldplay et de ramener ces chansons fantastiques dans les clubs et les salles, \u00e0 des prix accessibles. Men\u00e9e par le chanteur et guitariste Tobias \u00ab Sly \u00bb Weber, la formation propose la v\u00e9ritable exp\u00e9rience Coldplay avec des titres comme Viva La Vida, Clocks ou l\u2019\u00e9ponyme A Sky Full of Stars. \u00c0 l\u2019image de leurs parrains musicaux, les musiciens accordent une grande importance \u00e0 un son live irr\u00e9prochable et \u00e0 un show entra\u00eenant, enrichi d\u2019effets surprenants. Sky Full of Stars r\u00e9ussissent \u00e0 capturer parfaitement l\u2019esprit des concerts du groupe original et \u00e0 l\u2019amener dans notre Konzertfabrik. Emmen\u00e9 par le charismatique frontman Sly, le quintette parfaitement rod\u00e9 embarque le public d\u00e8s la premi\u00e8re note pour un voyage de plus de deux heures dans un univers haut en couleur, d\u00e9bordant d\u2019\u00e9nergie et d\u2019\u00e9motions. La bande-son id\u00e9ale pour une p\u00e9riode de l\u2019Avent pleine d\u2019ambiance. Et rassurez-vous : aucune \u00ab Kiss Cam \u00bb ne sera install\u00e9e au Z7.<\/p>\n<p>         <\/p>\n","protected":false},"excerpt":{"rendered":"<p>UN VOYAGE FANTASTIQUE DANS L\u2019UNIVERS DE COLDPLAY Hymnes de stade, ballades empreintes d\u2019\u00e9motion, m\u00e9lodies accrocheuses et une avalanche de sentiments&hellip;<\/p>\n","protected":false},"author":2,"featured_media":1368,"template":"","meta":{"_acf_changed":false},"product_brand":[],"product_cat":[160],"product_tag":[104],"class_list":{"0":"post-5444","1":"product","2":"type-product","3":"status-publish","4":"has-post-thumbnail","6":"product_cat-event","7":"product_tag-pop-fr","9":"first","10":"instock","11":"virtual","12":"product-type-simple"},"acf":[],"_links":{"self":[{"href":"https:\/\/z-7.ch\/fr\/wp-json\/wp\/v2\/product\/5444","targetHints":{"allow":["GET"]}}],"collection":[{"href":"https:\/\/z-7.ch\/fr\/wp-json\/wp\/v2\/product"}],"about":[{"href":"https:\/\/z-7.ch\/fr\/wp-json\/wp\/v2\/types\/product"}],"author":[{"embeddable":true,"href":"https:\/\/z-7.ch\/fr\/wp-json\/wp\/v2\/users\/2"}],"wp:featuredmedia":[{"embeddable":true,"href":"https:\/\/z-7.ch\/fr\/wp-json\/wp\/v2\/media\/1368"}],"wp:attachment":[{"href":"https:\/\/z-7.ch\/fr\/wp-json\/wp\/v2\/media?parent=5444"}],"wp:term":[{"taxonomy":"product_brand","embeddable":true,"href":"https:\/\/z-7.ch\/fr\/wp-json\/wp\/v2\/product_brand?post=5444"},{"taxonomy":"product_cat","embeddable":true,"href":"https:\/\/z-7.ch\/fr\/wp-json\/wp\/v2\/product_cat?post=5444"},{"taxonomy":"product_tag","embeddable":true,"href":"https:\/\/z-7.ch\/fr\/wp-json\/wp\/v2\/product_tag?post=5444"}],"curies":[{"name":"wp","href":"https:\/\/api.w.org\/{rel}","templated":true}]}}