{"id":5459,"date":"2025-07-15T10:00:49","date_gmt":"2025-07-15T08:00:49","guid":{"rendered":"https:\/\/z-7.chprodukt\/fun-lovin-criminals\/"},"modified":"2026-02-16T14:37:03","modified_gmt":"2026-02-16T13:37:03","slug":"fun-lovin-criminals","status":"publish","type":"product","link":"https:\/\/z-7.ch\/fr\/event\/fun-lovin-criminals\/","title":{"rendered":"Fun Lovin\u2019 Criminals"},"content":{"rendered":"<h3>PLUS COOL QUE LA POLICE NE L\u2019AUTORISE<b><br \/>\n<\/b><\/h3>\n<p><b>Les Fun Lovin\u2019 Criminals sont de retour ! Avec leur attitude incroyablement cool et un m\u00e9lange unique de rock, hip-hop, sonorit\u00e9s latines, jazz, blues, soul et funk, la formation new-yorkaise a conquis au milieu des ann\u00e9es 90 le c\u0153ur des amateurs de culture hip et de easy listening. Le 14 novembre, les Fun Lovin\u2019 Criminals pr\u00e9senteront leur nouvel album tr\u00e8s attendu A Matter Of Time (sortie : 29 ao\u00fbt) sur la sc\u00e8ne du Z7.<br \/>  <\/b><\/p>\n<p>Fond\u00e9s \u00e0 New York en 1993, les Fun Lovin\u2019 Criminals comptent parmi les groupes les plus durables issus du grand creuset de la pop culture et des genres vari\u00e9s des ann\u00e9es 90. Gr\u00e2ce \u00e0 leur coolitude assum\u00e9e et \u00e0 leur m\u00e9lange de styles inimitable, ils fascinent des fans aux quatre coins du monde. Le groupe jouit \u00e0 juste titre d\u2019une r\u00e9putation de formation live irr\u00e9sistible. Leurs concerts toujours changeants et \u00e9lectrisants s\u00e9duisent \u00e0 chaque fois par un savant \u00e9quilibre entre nouveaux titres, perles rares et classiques tels que le tube Scooby Snacks \u2013 un hommage \u00e0 la superstar de la soul Barry White, lui-m\u00eame grand admirateur de ce morceau. Depuis plus de trois d\u00e9cennies, la musique unique du groupe conquiert le c\u0153ur de nombreux fans fid\u00e8les et de critiques \u00e0 travers le monde. Le membre fondateur, multi-instrumentiste, chanteur principal et producteur Brian \u00ab Fast \u00bb Leiser, le batteur et producteur Frank \u00ab The Rhythm Master \u00bb Benbini, ainsi que le guitariste Naim Cortazzi travaillent actuellement \u00e0 la finalisation de leur nouvel album A Matter Of Time. Ce nouveau disque studio, attendu par les fans depuis pas moins de 15 ans, est r\u00e9alis\u00e9 en collaboration avec l\u2019ing\u00e9nieur du son multi-r\u00e9compens\u00e9 aux Grammy Awards et certifi\u00e9 multi-platine Tim Latham (Black Eyed Peas, Lou Reed, Erykah Badu, Orishas, Britney Spears et bien d\u2019autres). A Matter Of Time sortira le 29 ao\u00fbt 2025 et sera ensuite pr\u00e9sent\u00e9 en live pour la premi\u00e8re fois lors d\u2019une vaste tourn\u00e9e mondiale.<\/p>\n<p>       <\/p>\n","protected":false},"excerpt":{"rendered":"<p>PLUS COOL QUE LA POLICE NE L\u2019AUTORISE Les Fun Lovin\u2019 Criminals sont de retour ! Avec leur attitude incroyablement cool&hellip;<\/p>\n","protected":false},"author":2,"featured_media":1259,"template":"","meta":{"_acf_changed":false},"product_brand":[],"product_cat":[160],"product_tag":[129,121,122,203,205,183,206,204],"class_list":{"0":"post-5459","1":"product","2":"type-product","3":"status-publish","4":"has-post-thumbnail","6":"product_cat-event","7":"product_tag-alternative-rock-fr","8":"product_tag-blues-fr","9":"product_tag-blues-rock-fr","10":"product_tag-funk","11":"product_tag-hip-hop","12":"product_tag-jazz","13":"product_tag-latin","14":"product_tag-soul","16":"first","17":"instock","18":"virtual","19":"product-type-simple"},"acf":[],"_links":{"self":[{"href":"https:\/\/z-7.ch\/fr\/wp-json\/wp\/v2\/product\/5459","targetHints":{"allow":["GET"]}}],"collection":[{"href":"https:\/\/z-7.ch\/fr\/wp-json\/wp\/v2\/product"}],"about":[{"href":"https:\/\/z-7.ch\/fr\/wp-json\/wp\/v2\/types\/product"}],"author":[{"embeddable":true,"href":"https:\/\/z-7.ch\/fr\/wp-json\/wp\/v2\/users\/2"}],"wp:featuredmedia":[{"embeddable":true,"href":"https:\/\/z-7.ch\/fr\/wp-json\/wp\/v2\/media\/1259"}],"wp:attachment":[{"href":"https:\/\/z-7.ch\/fr\/wp-json\/wp\/v2\/media?parent=5459"}],"wp:term":[{"taxonomy":"product_brand","embeddable":true,"href":"https:\/\/z-7.ch\/fr\/wp-json\/wp\/v2\/product_brand?post=5459"},{"taxonomy":"product_cat","embeddable":true,"href":"https:\/\/z-7.ch\/fr\/wp-json\/wp\/v2\/product_cat?post=5459"},{"taxonomy":"product_tag","embeddable":true,"href":"https:\/\/z-7.ch\/fr\/wp-json\/wp\/v2\/product_tag?post=5459"}],"curies":[{"name":"wp","href":"https:\/\/api.w.org\/{rel}","templated":true}]}}