{"id":5460,"date":"2025-07-10T12:00:30","date_gmt":"2025-07-10T10:00:30","guid":{"rendered":"https:\/\/z-7.chprodukt\/rauhbein\/"},"modified":"2026-03-09T14:05:16","modified_gmt":"2026-03-09T13:05:16","slug":"rauhbein","status":"publish","type":"product","link":"https:\/\/z-7.ch\/fr\/event\/rauhbein\/","title":{"rendered":"Rauhbein"},"content":{"rendered":"<p>Bonjour \u00e0 toutes et \u00e0 tous,<br \/>\nnous devons malheureusement vous informer que les concerts de RAUHBEIN du 20 mars au Musikcafe Z\u00fcrich et du 21 mars au Rockfact M\u00fcnchenstein doivent \u00eatre annul\u00e9s.<br \/>\nNous savons parfaitement combien cela peut \u00eatre d\u00e9cevant pour beaucoup d\u2019entre vous \u2013 d\u2019autant plus que ces dates avaient d\u00e9j\u00e0 \u00e9t\u00e9 report\u00e9es. C\u2019est pr\u00e9cis\u00e9ment pour cette raison que nous regrettons particuli\u00e8rement cette annulation.   <\/p>\n<p>Les billets d\u00e9j\u00e0 achet\u00e9s peuvent \u00eatre rembours\u00e9s aupr\u00e8s du point de vente correspondant jusqu\u2019aux dates initialement pr\u00e9vues (20\/21 mars). Alternativement, ils restent valables pour le concert suivant de RAUHBEIN en Suisse, d\u00e9j\u00e0 pr\u00e9vu dans le cadre de leur tourn\u00e9e d\u2019automne :<br \/>\nSamedi 28 novembre 2026 au Z7 \u00e0 Pratteln.  <\/p>\n<p>Nous vous remercions de votre compr\u00e9hension et de votre patience.<\/p>\n<p>&nbsp;<\/p>\n<div style=\"width: 478px;\" class=\"wp-video\"><video class=\"wp-video-shortcode\" id=\"video-5460-1\" width=\"478\" height=\"850\" preload=\"metadata\" controls=\"controls\"><source type=\"video\/mp4\" src=\"https:\/\/z-7.ch\/wp-content\/uploads\/2025\/07\/WhatsApp-Video-2026-03-04-at-17.22.41.mp4?_=1\" \/><a href=\"https:\/\/z-7.ch\/wp-content\/uploads\/2025\/07\/WhatsApp-Video-2026-03-04-at-17.22.41.mp4\">https:\/\/z-7.ch\/wp-content\/uploads\/2025\/07\/WhatsApp-Video-2026-03-04-at-17.22.41.mp4<\/a><\/video><\/div>\n","protected":false},"excerpt":{"rendered":"<p>Bonjour \u00e0 toutes et \u00e0 tous, nous devons malheureusement vous informer que les concerts de RAUHBEIN du 20 mars au&hellip;<\/p>\n","protected":false},"author":2,"featured_media":1215,"template":"","meta":{"_acf_changed":false},"product_brand":[],"product_cat":[160],"product_tag":[113],"class_list":{"0":"post-5460","1":"product","2":"type-product","3":"status-publish","4":"has-post-thumbnail","6":"product_cat-event","7":"product_tag-folk-fr","9":"first","10":"discontinued","11":"product-type-simple"},"acf":[],"_links":{"self":[{"href":"https:\/\/z-7.ch\/fr\/wp-json\/wp\/v2\/product\/5460","targetHints":{"allow":["GET"]}}],"collection":[{"href":"https:\/\/z-7.ch\/fr\/wp-json\/wp\/v2\/product"}],"about":[{"href":"https:\/\/z-7.ch\/fr\/wp-json\/wp\/v2\/types\/product"}],"author":[{"embeddable":true,"href":"https:\/\/z-7.ch\/fr\/wp-json\/wp\/v2\/users\/2"}],"wp:featuredmedia":[{"embeddable":true,"href":"https:\/\/z-7.ch\/fr\/wp-json\/wp\/v2\/media\/1215"}],"wp:attachment":[{"href":"https:\/\/z-7.ch\/fr\/wp-json\/wp\/v2\/media?parent=5460"}],"wp:term":[{"taxonomy":"product_brand","embeddable":true,"href":"https:\/\/z-7.ch\/fr\/wp-json\/wp\/v2\/product_brand?post=5460"},{"taxonomy":"product_cat","embeddable":true,"href":"https:\/\/z-7.ch\/fr\/wp-json\/wp\/v2\/product_cat?post=5460"},{"taxonomy":"product_tag","embeddable":true,"href":"https:\/\/z-7.ch\/fr\/wp-json\/wp\/v2\/product_tag?post=5460"}],"curies":[{"name":"wp","href":"https:\/\/api.w.org\/{rel}","templated":true}]}}