{"id":5467,"date":"2025-06-30T12:00:15","date_gmt":"2025-06-30T10:00:15","guid":{"rendered":"https:\/\/z-7.chprodukt\/haematom\/"},"modified":"2026-04-13T13:42:24","modified_gmt":"2026-04-13T11:42:24","slug":"haematom","status":"publish","type":"product","link":"https:\/\/z-7.ch\/fr\/event\/haematom\/","title":{"rendered":"H\u00e4matom"},"content":{"rendered":"<h3>GAGAMANIA TOTALE<\/h3>\n<p><strong>Ahoy chers freaks et Gaga maniacs ! H\u00e4matom repartent en grande tourn\u00e9e en 2026 et feront escale chez nous au Z7. Attendez-vous \u00e0 du bruit, des couleurs, de l\u2019extravagance et du d\u00e9lire \u2013 l\u2019escalade continue. La \u00ab Gagamania Tour \u00bb apporte une nouvelle fois dans notre salle ce m\u00e9lange brutal mais taill\u00e9 pour les charts, fait de textes provocateurs, de metal groovy et de Neue Deutsche H\u00e4rte. Les special guests J.B.O. et Anstandslos &amp; Durchgeknallt assureront une entr\u00e9e en mati\u00e8re d\u00e9cha\u00een\u00e9e pour lancer une nuit de concert spectaculaire.<br \/>    <\/strong><\/p>\n<p>Depuis leur cr\u00e9ation en 2004, H\u00e4matom enthousiasment le public avec leur son massif et imm\u00e9diatement reconnaissable. Directs et sans d\u00e9tour, ils hurlent leurs messages critiques sur la soci\u00e9t\u00e9 et peuvent aujourd\u2019hui se retourner sur deux d\u00e9cennies intenses et bouleversantes. En 2026, H\u00e4matom invitent leurs fans \u00e0 la tourn\u00e9e la plus folle de toute leur carri\u00e8re. Les masques sont polis, les amplis pouss\u00e9s \u00e0 fond \u2013 H\u00e4matom reviennent sur sc\u00e8ne avec une puissance totale. Avec la \u00ab Gagamania Tour \u00bb, les quatre personnalit\u00e9s hors normes ne se contentent pas de d\u00e9ployer leur feu d\u2019artifice live habituel, mais ouvrent un tout nouveau chapitre de leur histoire. Le concert classique se transforme en un v\u00e9ritable \u00e9v\u00e9nement qui bouleverse tout ce que l\u2019on croyait conna\u00eetre des soir\u00e9es live. Tel un parc d\u2019attractions compl\u00e8tement d\u00e9jant\u00e9, on passe d\u2019une attraction absurde \u00e0 la suivante \u2013 et avant m\u00eame de s\u2019en rendre compte, un freak sur \u00e9chasses vous met de la barbe \u00e0 papa dans la main alors que vous vouliez simplement chanter au karaok\u00e9.       <\/p>\n<p>Apr\u00e8s le succ\u00e8s de leur dernier album et des concerts \u00e0 guichets ferm\u00e9s en Allemagne, en Autriche, en Suisse et en Tch\u00e9quie, H\u00e4matom sont pr\u00eats en 2026 pour une tourn\u00e9e qui repousse toutes les limites : plus flashy, plus bruyante, plus folle \u2013 Gagamania est \u00e0 la fois un nom et un programme. Le groupe promet une exp\u00e9rience unique, quelque part entre folie et r\u00e9alit\u00e9, entre metal brutal, refrains accrocheurs et un spectacle audiovisuel sans \u00e9quivalent. Pour cette tourn\u00e9e hors normes, H\u00e4matom se sont entour\u00e9s de deux invit\u00e9s tr\u00e8s sp\u00e9ciaux : avec J.B.O., les ma\u00eetres du fun metal, l\u2019humour anarchique rencontre la puissance du metal rose \u2013 une garantie de f\u00eate et de plaisir au plus haut niveau. \u00c0 cela s\u2019ajoutent Anstandslos &amp; Durchgeknallt, qui ouvrent de nouveaux horizons sonores avec leur son \u00e9lectronique entra\u00eenant, quelque part entre extase et \u00e9tat d\u2019exception. Ce ne seront pas de simples concerts, mais de v\u00e9ritables exp\u00e9riences. Un univers parall\u00e8le aux couleurs criardes nomm\u00e9 Gagamania, dont on ne se d\u00e9tache plus une fois qu\u2019on y a go\u00fbt\u00e9. Ce spectacle est \u00e0 ne pas manquer. Bienvenue \u00e0 \u00ab Gagamania 2026 \u00bb.        <\/p>\n<p>Des billets \u00e0 tarif r\u00e9duit pour les d\u00e9tenteurs de la <span style=\"color: #ffff00;\">KulturLegi<\/span> sont <a href=\"https:\/\/www.ticketcorner.ch\/event\/haematom-konzertfabrik-z7-20430277\/\" target=\"_blank\" rel=\"noopener\">disponibles ici<\/a>.<br \/>Un billet par KulturLegi.<br \/>Offre limit\u00e9e. <\/p>\n<p><iframe title=\"H\u00c4MATOM |\u00a0GAGAMANIA Tourank\u00fcndigung 2026 - 01 &quot;Wisst ihr noch...&quot;\" width=\"800\" height=\"450\" src=\"https:\/\/www.youtube.com\/embed\/A6vX3c2w8PA?feature=oembed\" frameborder=\"0\" allow=\"accelerometer; autoplay; clipboard-write; encrypted-media; gyroscope; picture-in-picture; web-share\" referrerpolicy=\"strict-origin-when-cross-origin\" allowfullscreen><\/iframe><\/p>\n","protected":false},"excerpt":{"rendered":"<p>GAGAMANIA TOTALE Ahoy chers freaks et Gaga maniacs ! H\u00e4matom repartent en grande tourn\u00e9e en 2026 et feront escale chez&hellip;<\/p>\n","protected":false},"author":2,"featured_media":1213,"template":"","meta":{"_acf_changed":false},"product_brand":[],"product_cat":[160],"product_tag":[197,209,130],"class_list":{"0":"post-5467","1":"product","2":"type-product","3":"status-publish","4":"has-post-thumbnail","6":"product_cat-event","7":"product_tag-dark-rock-metal","8":"product_tag-metalcore","9":"product_tag-nu-metal-fr","11":"first","12":"instock","13":"virtual","14":"purchasable","15":"product-type-simple"},"acf":[],"_links":{"self":[{"href":"https:\/\/z-7.ch\/fr\/wp-json\/wp\/v2\/product\/5467","targetHints":{"allow":["GET"]}}],"collection":[{"href":"https:\/\/z-7.ch\/fr\/wp-json\/wp\/v2\/product"}],"about":[{"href":"https:\/\/z-7.ch\/fr\/wp-json\/wp\/v2\/types\/product"}],"author":[{"embeddable":true,"href":"https:\/\/z-7.ch\/fr\/wp-json\/wp\/v2\/users\/2"}],"wp:featuredmedia":[{"embeddable":true,"href":"https:\/\/z-7.ch\/fr\/wp-json\/wp\/v2\/media\/1213"}],"wp:attachment":[{"href":"https:\/\/z-7.ch\/fr\/wp-json\/wp\/v2\/media?parent=5467"}],"wp:term":[{"taxonomy":"product_brand","embeddable":true,"href":"https:\/\/z-7.ch\/fr\/wp-json\/wp\/v2\/product_brand?post=5467"},{"taxonomy":"product_cat","embeddable":true,"href":"https:\/\/z-7.ch\/fr\/wp-json\/wp\/v2\/product_cat?post=5467"},{"taxonomy":"product_tag","embeddable":true,"href":"https:\/\/z-7.ch\/fr\/wp-json\/wp\/v2\/product_tag?post=5467"}],"curies":[{"name":"wp","href":"https:\/\/api.w.org\/{rel}","templated":true}]}}