{"id":5470,"date":"2025-06-12T16:26:15","date_gmt":"2025-06-12T14:26:15","guid":{"rendered":"https:\/\/z-7.chprodukt\/wishbone-ash\/"},"modified":"2026-02-07T12:44:05","modified_gmt":"2026-02-07T11:44:05","slug":"wishbone-ash","status":"publish","type":"product","link":"https:\/\/z-7.ch\/fr\/event\/wishbone-ash\/","title":{"rendered":"Wishbone Ash"},"content":{"rendered":"<h3>TWIN GUITAR HEROES<strong><b><br \/>\n<\/b><\/strong><\/h3>\n<p><strong><b>Ils sont devenus depuis longtemps des habitu\u00e9s du Z7 : les l\u00e9gendaires Wishbone Ash reviennent une nouvelle fois dans notre salle pour c\u00e9l\u00e9brer leur son unique \u00e0 deux guitares, qui a influenc\u00e9 d\u2019innombrables musiciens \u00e0 travers le monde. Le leader infatigable Andy Powell parcourt le globe avec son groupe depuis 56 ans afin de pr\u00e9senter en live aux fans les classiques intemporels de Wishbone Ash.<br \/> <\/b><\/strong><\/p>\n<p>Sur sc\u00e8ne, il n\u2019a rien perdu de son charisme ni de son \u00e9nergie. Chanteur et guitariste, Andy Powell est le dernier membre fondateur encore actif du groupe, qu\u2019il a cofond\u00e9 en 1969. L\u2019immobilisme ne fait pas partie de son vocabulaire. Avec Wishbone Ash, Powell a publi\u00e9 \u00e0 ce jour 23 albums studio, auxquels s\u2019ajoutent une trentaine d\u2019albums live. Rien d\u2019\u00e9tonnant, car sur sc\u00e8ne, le groupe a toujours \u00e9t\u00e9 une r\u00e9f\u00e9rence absolue \u2013 et cela n\u2019a pas chang\u00e9 plus de cinquante-cinq ans apr\u00e8s sa cr\u00e9ation. Les musiciens parcourent encore chaque ann\u00e9e pr\u00e8s de 30 000 miles pour jouer devant leurs fans aux quatre coins du monde. Au fil des d\u00e9cennies, le groupe s\u2019est aventur\u00e9 dans une multitude de styles musicaux, du folk, du blues et du jazz jusqu\u2019au rock le plus muscl\u00e9 et \u00e0 des influences \u00e9lectroniques. Quel que soit le style abord\u00e9, la marque de fabrique de Wishbone Ash reste et restera le son inimitable de leurs deux guitares lead, qui a inspir\u00e9 des groupes tels que Thin Lizzy, Judas Priest, Lynyrd Skynyrd, Iron Maiden ou encore Opeth, pour n\u2019en citer que quelques-uns. Il n\u2019existe sans doute aucune autre formation ayant exploit\u00e9 le concept de la double guitare avec autant de profondeur que Wishbone Ash. Aujourd\u2019hui, ce son de guitare si caract\u00e9ristique repose sur Andy Powell et Mark Abrahams, qui a rejoint le groupe en 2017. Le bassiste Bob Skeat, pr\u00e9sent depuis 28 ans, et le batteur Mike Truscott (depuis 2022) forment une section rythmique solide et parfaitement en place. Apr\u00e8s tant d\u2019ann\u00e9es sur la route, le quatuor ne montre aucun signe d\u2019usure et r\u00e9ussit avec assurance, lors de ses concerts, \u00e0 faire le lien entre les classiques du groupe et des morceaux plus r\u00e9cents.<\/p>\n<p>             <\/p>\n","protected":false},"excerpt":{"rendered":"<p>TWIN GUITAR HEROES Ils sont devenus depuis longtemps des habitu\u00e9s du Z7 : les l\u00e9gendaires Wishbone Ash reviennent une nouvelle&hellip;<\/p>\n","protected":false},"author":2,"featured_media":1219,"template":"","meta":{"_acf_changed":false},"product_brand":[],"product_cat":[160],"product_tag":[122,135,105,136],"class_list":{"0":"post-5470","1":"product","2":"type-product","3":"status-publish","4":"has-post-thumbnail","6":"product_cat-event","7":"product_tag-blues-rock-fr","8":"product_tag-classic-rock-fr","9":"product_tag-hard-rock-fr","10":"product_tag-prog-fr","12":"first","13":"instock","14":"virtual","15":"product-type-simple"},"acf":[],"_links":{"self":[{"href":"https:\/\/z-7.ch\/fr\/wp-json\/wp\/v2\/product\/5470","targetHints":{"allow":["GET"]}}],"collection":[{"href":"https:\/\/z-7.ch\/fr\/wp-json\/wp\/v2\/product"}],"about":[{"href":"https:\/\/z-7.ch\/fr\/wp-json\/wp\/v2\/types\/product"}],"author":[{"embeddable":true,"href":"https:\/\/z-7.ch\/fr\/wp-json\/wp\/v2\/users\/2"}],"wp:featuredmedia":[{"embeddable":true,"href":"https:\/\/z-7.ch\/fr\/wp-json\/wp\/v2\/media\/1219"}],"wp:attachment":[{"href":"https:\/\/z-7.ch\/fr\/wp-json\/wp\/v2\/media?parent=5470"}],"wp:term":[{"taxonomy":"product_brand","embeddable":true,"href":"https:\/\/z-7.ch\/fr\/wp-json\/wp\/v2\/product_brand?post=5470"},{"taxonomy":"product_cat","embeddable":true,"href":"https:\/\/z-7.ch\/fr\/wp-json\/wp\/v2\/product_cat?post=5470"},{"taxonomy":"product_tag","embeddable":true,"href":"https:\/\/z-7.ch\/fr\/wp-json\/wp\/v2\/product_tag?post=5470"}],"curies":[{"name":"wp","href":"https:\/\/api.w.org\/{rel}","templated":true}]}}