{"id":5473,"date":"2025-06-05T12:00:36","date_gmt":"2025-06-05T10:00:36","guid":{"rendered":"https:\/\/z-7.chprodukt\/dymytry-paradox\/"},"modified":"2026-02-16T14:44:29","modified_gmt":"2026-02-16T13:44:29","slug":"dymytry-paradox","status":"publish","type":"product","link":"https:\/\/z-7.ch\/fr\/event\/dymytry-paradox\/","title":{"rendered":"Dymytry Paradox"},"content":{"rendered":"<h3>DYMYTRY PARADOX : NOUVEAU NOM \u2013 M\u00caME FEU<\/h3>\n<p><strong><b>Dymytry deviennent Dymytry Paradox. Les g\u00e9ants pragois du psy-core Dymytry seront de nouveau tr\u00e8s actifs \u00e0 l\u2019international en 2026. Afin de lever toute ambigu\u00eft\u00e9 et d\u2019\u00e9viter d\u2019\u00e9ventuelles confusions, le groupe se produira d\u00e9sormais en dehors de la R\u00e9publique tch\u00e8que sous le nom de Dymytry Paradox. Nouveau nom, nouvelles chansons \u2013 m\u00eame feu et encore plus d\u2019\u00e9nergie !<br \/>   <\/b><\/strong><\/p>\n<p>\u00ab Emmenons Dymytry Paradox vers de nouveaux sommets. De nouvelle musique arrive. Ce n\u2019est que le d\u00e9but. \u00bb C\u2019est ainsi que Dymytry ont annonc\u00e9 en avril 2025 le red\u00e9marrage de leur carri\u00e8re internationale. \u00ab C\u2019est le d\u00e9but d\u2019un nouveau chapitre, encore plus bruyant \u2013 l\u2019ascension de quelque chose d\u2019inarr\u00eatable \u00bb, s\u2019accordent \u00e0 dire les musiciens. \u00ab Ces derni\u00e8res ann\u00e9es, nous vivions dans deux r\u00e9alit\u00e9s diff\u00e9rentes, comme un groupe \u00e0 deux voix. L\u2019une chantait en tch\u00e8que, l\u2019autre en anglais. Cette dualit\u00e9 a souvent engendr\u00e9 confusion, chaos et tensions. \u00bb Tout cela appartient d\u00e9sormais au pass\u00e9. \u00c0 l\u2019international, le groupe agira dor\u00e9navant uniquement sous le nom de Dymytry Paradox. \u00ab M\u00eame groupe. Nouvelle clart\u00e9. La version tch\u00e8que continue comme avant sous le nom de Dymytry. \u00c0 l\u2019international, nous sommes Dymytry Paradox afin de conqu\u00e9rir le reste du monde. \u00bb Dans leur pays d\u2019origine, le groupe a d\u00e9j\u00e0 accompli \u00e9norm\u00e9ment de choses, avec bien plus de 1 000 concerts \u00e0 son actif et plusieurs albums en langue tch\u00e8que qui ont enthousiasm\u00e9 les fans de metalcore. En 2022, Dymytry ont sorti leur premier album en anglais, Revolt, et se sont lanc\u00e9s \u00e0 l\u2019assaut des sc\u00e8nes internationales. Apr\u00e8s des tourn\u00e9es en premi\u00e8re partie de Lordi et H\u00e4matom, le groupe est mont\u00e9 pour la premi\u00e8re fois en t\u00eate d\u2019affiche sur la sc\u00e8ne du Z7 en mars 2024 avec son deuxi\u00e8me album anglophone Five Angry Men. Presque deux ans plus tard, ils reviennent \u00e0 Pratteln sous la banni\u00e8re de Dymytry Paradox et avec de tout nouveaux morceaux. Avec des refrains explosifs, des ponts m\u00e9lodiques, des riffs massifs et groovy \u00e0 la fois, ainsi qu\u2019un savant m\u00e9lange de voix rugueuses et harmonieuses, la formation psy-core saura une nouvelle fois convaincre son public \u00e0 Pratteln. \u00ab Nous sommes impatients de remonter sur sc\u00e8ne dans l\u2019une de nos salles pr\u00e9f\u00e9r\u00e9es. Lors du dernier concert, nous avons savour\u00e9 chaque instant. Aujourd\u2019hui, nous comptons les jours jusqu\u2019\u00e0 nos retrouvailles \u2013 plus fort, plus grand et avec encore plus d\u2019\u00e9nergie. \u00bb            <\/p>\n","protected":false},"excerpt":{"rendered":"<p>DYMYTRY PARADOX : NOUVEAU NOM \u2013 M\u00caME FEU Dymytry deviennent Dymytry Paradox. Les g\u00e9ants pragois du psy-core Dymytry seront de&hellip;<\/p>\n","protected":false},"author":2,"featured_media":5675,"template":"","meta":{"_acf_changed":false},"product_brand":[],"product_cat":[160],"product_tag":[209,130],"class_list":{"0":"post-5473","1":"product","2":"type-product","3":"status-publish","4":"has-post-thumbnail","6":"product_cat-event","7":"product_tag-metalcore","8":"product_tag-nu-metal-fr","10":"first","11":"instock","12":"virtual","13":"product-type-simple"},"acf":[],"_links":{"self":[{"href":"https:\/\/z-7.ch\/fr\/wp-json\/wp\/v2\/product\/5473","targetHints":{"allow":["GET"]}}],"collection":[{"href":"https:\/\/z-7.ch\/fr\/wp-json\/wp\/v2\/product"}],"about":[{"href":"https:\/\/z-7.ch\/fr\/wp-json\/wp\/v2\/types\/product"}],"author":[{"embeddable":true,"href":"https:\/\/z-7.ch\/fr\/wp-json\/wp\/v2\/users\/2"}],"wp:featuredmedia":[{"embeddable":true,"href":"https:\/\/z-7.ch\/fr\/wp-json\/wp\/v2\/media\/5675"}],"wp:attachment":[{"href":"https:\/\/z-7.ch\/fr\/wp-json\/wp\/v2\/media?parent=5473"}],"wp:term":[{"taxonomy":"product_brand","embeddable":true,"href":"https:\/\/z-7.ch\/fr\/wp-json\/wp\/v2\/product_brand?post=5473"},{"taxonomy":"product_cat","embeddable":true,"href":"https:\/\/z-7.ch\/fr\/wp-json\/wp\/v2\/product_cat?post=5473"},{"taxonomy":"product_tag","embeddable":true,"href":"https:\/\/z-7.ch\/fr\/wp-json\/wp\/v2\/product_tag?post=5473"}],"curies":[{"name":"wp","href":"https:\/\/api.w.org\/{rel}","templated":true}]}}