{"id":5475,"date":"2025-06-02T10:00:14","date_gmt":"2025-06-02T08:00:14","guid":{"rendered":"https:\/\/z-7.chprodukt\/nanowar-of-steel-uuhai\/"},"modified":"2026-02-16T14:45:45","modified_gmt":"2026-02-16T13:45:45","slug":"nanowar-of-steel-uuhai","status":"publish","type":"product","link":"https:\/\/z-7.ch\/fr\/event\/nanowar-of-steel-uuhai\/","title":{"rendered":"Nanowar Of Steel + Uuhai"},"content":{"rendered":"<h3>TRUE METAL ET FOUS RIRES GARANTIS<\/h3>\n<p><strong>En 2026, un nouveau package Motocultor de haut niveau repartira \u00e0 la conqu\u00eate des clubs et des salles europ\u00e9ennes. En t\u00eate d\u2019affiche cette fois-ci : les ma\u00eetres italiens du parody metal, Nanowar of Steel. Pr\u00e9parez-vous \u00e0 une bonne dose de fous rires version true metal. Lors de la tourn\u00e9e \u00ab Motocultor Across Europe \u00bb, Nanowar of Steel partageront la sc\u00e8ne avec la sensation mongole de folk metal Uuhai, les modern-metallers croates Cold Snap, le groupe danois de melodic\/prog metal Defecto et le duo fran\u00e7ais de prog-symphonic power metal Lady Ahnabel.<br \/>   <\/strong><\/p>\n<p><strong>Nanowar Of Steel<\/strong>:<br \/>Les Italiens ont fait trembler la sc\u00e8ne du Z7 pour la derni\u00e8re fois en f\u00e9vrier 2025 en co-headliner avec Dynazty. Ils reviennent aujourd\u2019hui en tant que t\u00eates d\u2019affiche de la \u00ab Motocultor Tour 2026 \u00bb pour pr\u00e9senter leur m\u00e9lange inimitable d\u2019humour et de metal, fid\u00e8le \u00e0 leur devise : \u00ab We take comedy seriously! \u00bb. Leur album live XX Years of Steel, sorti fin 2024, c\u00e9l\u00e8bre deux d\u00e9cennies compl\u00e8tes d\u2019ironie musicale et d\u2019\u00e9nergie cr\u00e9ative. Le set live promet une soir\u00e9e remplie de m\u00e9lodies entra\u00eenantes et de crises de rire gr\u00e2ce \u00e0 leurs titres embl\u00e9matiques. Les morceaux plus r\u00e9cents montrent comment le groupe continue d\u2019\u00e9voluer musicalement sans jamais renier l\u2019humour qui fait sa signature. En concert, Nanowar of Steel garantissent un show qui sollicite \u00e0 parts \u00e9gales le cerveau, le c\u0153ur, les cervicales et les zygomatiques. Dieb\u00fcehrers.com \u00e9taient pr\u00e9sents lors de leur dernier passage \u00e0 Pratteln et r\u00e9sumaient ainsi : \u00ab Les Italiens, connus pour leur m\u00e9lange humoristique de metal et de parodie, ont une fois de plus \u00e9t\u00e9 un v\u00e9ritable temps fort. Avec des titres comme Norwegian Reggaeton et Valhalleluja, ils ont cr\u00e9\u00e9 une ambiance euphorique m\u00ealant rires et headbanging. Mais avec HelloWorld.java issu de leur r\u00e9pertoire plus r\u00e9cent, ils ont aussi d\u00e9montr\u00e9 qu\u2019ils continuent \u00e0 progresser musicalement \u2013 malgr\u00e9 toutes les blagues int\u00e9gr\u00e9es \u00e0 leur show. \u00bb      <\/p>\n<p><strong>Uuhai :<\/strong><br \/>Ce groupe offre une exp\u00e9rience live hors du commun. Une fusion envo\u00fbtante de metal et de musiques folk mongoles, capable de franchir les fronti\u00e8res culturelles avec une aisance remarquable. L\u2019empreinte durable laiss\u00e9e par leurs concerts sur tous ceux qui ont eu la chance d\u2019y assister fait d\u2019Uuhai de puissants ambassadeurs culturels de la Mongolie. Leur folk metal, enrichi de chants diphoniques et d\u2019instruments traditionnels, est aussi exotique qu\u2019unique. Leur ascension europ\u00e9enne a d\u00e9but\u00e9 en 2023 avec une tourn\u00e9e de festivals spectaculaire, attirant pr\u00e8s de 200 000 spectateurs lors d\u2019\u00e9v\u00e9nements renomm\u00e9s tels que Bloodstock, Motocultor, Leyendas Del Rock ou Rock Castle. Leur pr\u00e9sence sc\u00e9nique fascinante et leur musique r\u00e9volutionnaire ont imm\u00e9diatement captiv\u00e9 le public. En 2024, une nouvelle tourn\u00e9e europ\u00e9enne a confirm\u00e9 leur envol fulgurant, notamment avec une apparition au prestigieux Hellfest Open Air, soulignant la reconnaissance croissante dont ils jouissent en tant qu\u2019ambassadeurs de la culture mongole \u00e0 travers le monde. Gr\u00e2ce \u00e0 leur capacit\u00e9 \u00e0 fusionner les genres et \u00e0 cr\u00e9er une exp\u00e9rience live immersive, Uuhai continuent de faire vibrer le c\u0153ur d\u2019une fanbase en constante expansion et affirment avec assurance leur place unique sur la sc\u00e8ne folk metal internationale.       <\/p>\n<p data-start=\"136\" data-end=\"432\"><strong data-start=\"136\" data-end=\"162\">Throw Me To The Wolves :<\/strong><br \/>Throw Me To The Wolves est un groupe \u00e9mergent de melodic death metal\/metalcore originaire de S\u00e3o Paulo, au Br\u00e9sil. Depuis sa formation en 2023, le groupe bouscule la sc\u00e8ne metal avec des riffs massifs, une grande pr\u00e9cision technique et des m\u00e9lodies charg\u00e9es d\u2019\u00e9motion. R\u00e9put\u00e9s pour leurs concerts \u00e9nergiques et un songwriting sans compromis, ils ont sorti en 2025 l\u2019album Days of Retribution, comprenant notamment les titres Gaia, Chaos et Tartarus, disponibles sur les plateformes num\u00e9riques \u00e0 l\u2019international. Avec un m\u00e9lange de breakdowns brutaux, de leads m\u00e9lodiques et une attitude DIY in\u00e9branlable, Throw Me To The Wolves d\u00e9veloppent leur fanbase \u00e0 l\u2019\u00e9chelle mondiale \u2013 toujours pr\u00eats pour la prochaine sc\u00e8ne et d\u00e9termin\u00e9s \u00e0 repousser les limites du metal moderne.  <\/p>\n<p><strong>Lady Ahnabel :<\/strong><br \/>Avec La Bionique, le duo de prog-symphonic power metal Lady Ahnabel a publi\u00e9 en avril 2025 un nouvel album captivant. Apr\u00e8s Vertuose (2021), il s\u2019agit du deuxi\u00e8me long format des Fran\u00e7ais. Sur ce nouvel opus, Lady Ahnabel expriment une fois encore leurs visions les plus intenses \u00e0 travers leur son signature : la voix douce, puissante et hypnotique de Cweety Trash rencontre des m\u00e9lodies charg\u00e9es de tension et les riffs enflamm\u00e9s de Luke Skywam. Avec ce troisi\u00e8me album, le duo parfaitement complice a forg\u00e9 une arme redoutable faite de m\u00e9tal musical le plus pur, capable de faire vibrer jusque dans leurs profondeurs les \u00e2mes les plus r\u00e9calcitrantes. Les fans d\u2019Iron Maiden, Helloween ou Visions of Atlantis peuvent se r\u00e9jouir : Lady Ahnabel arrivent avec des compositions authentiques, souvent teint\u00e9es de futurisme, pour offrir des moments tout simplement magiques.    <\/p>\n<p><strong>Attention <\/strong>: Malheureusement, Cold Snap ne se produiront pas ce soir. En contrepartie, tous les autres groupes joueront des sets un peu plus longs. <\/p>\n<h3 style=\"display: inline-block; margin: 0; margin-right: 8px;\">HORAIRE<\/h3>\n<p>(sans garantie)<\/p>\n<table style=\"width: 100%; border-collapse: collapse; margin-top: 20px; border: 0px solid #fff;\">\n<tbody>\n<tr style=\"border-top: 1px solid #fff; border-bottom: 1px solid #fff;\">\n<td style=\"padding: 8px; color: #fff;\">21:30<\/td>\n<td style=\"padding: 8px; color: #fff;\">Nanowar Of Steel<\/td>\n<\/tr>\n<tr style=\"border-bottom: 1px solid #fff;\">\n<td style=\"padding: 8px; color: #fff;\">20:10<\/td>\n<td style=\"padding: 8px; color: #fff;\">Uuhai<\/td>\n<\/tr>\n<tr style=\"border-bottom: 1px solid #fff;\">\n<td style=\"padding: 8px; color: #fff;\">19:20<\/td>\n<td style=\"padding: 8px; color: #fff;\">Throw Me To The Wolves<\/td>\n<\/tr>\n<tr style=\"border-bottom: 1px solid #fff;\">\n<td style=\"padding: 8px; color: #fff;\">18:30<\/td>\n<td style=\"padding: 8px; color: #fff;\">Lady Ahnabel<\/td>\n<\/tr>\n<tr style=\"border-bottom: 1px solid #fff;\">\n<td style=\"padding: 8px; color: #fff;\">18:00<\/td>\n<td style=\"padding: 8px; color: #fff;\">Ouverture des portes<\/td>\n<\/tr>\n<\/tbody>\n<\/table>\n","protected":false},"excerpt":{"rendered":"<p>TRUE METAL ET FOUS RIRES GARANTIS En 2026, un nouveau package Motocultor de haut niveau repartira \u00e0 la conqu\u00eate des&hellip;<\/p>\n","protected":false},"author":2,"featured_media":1225,"template":"","meta":{"_acf_changed":false},"product_brand":[],"product_cat":[160],"product_tag":[113,103,169],"class_list":{"0":"post-5475","1":"product","2":"type-product","3":"status-publish","4":"has-post-thumbnail","6":"product_cat-event","7":"product_tag-folk-fr","8":"product_tag-heavy-metal-fr","9":"product_tag-power-metal","11":"first","12":"instock","13":"virtual","14":"product-type-simple"},"acf":[],"_links":{"self":[{"href":"https:\/\/z-7.ch\/fr\/wp-json\/wp\/v2\/product\/5475","targetHints":{"allow":["GET"]}}],"collection":[{"href":"https:\/\/z-7.ch\/fr\/wp-json\/wp\/v2\/product"}],"about":[{"href":"https:\/\/z-7.ch\/fr\/wp-json\/wp\/v2\/types\/product"}],"author":[{"embeddable":true,"href":"https:\/\/z-7.ch\/fr\/wp-json\/wp\/v2\/users\/2"}],"wp:featuredmedia":[{"embeddable":true,"href":"https:\/\/z-7.ch\/fr\/wp-json\/wp\/v2\/media\/1225"}],"wp:attachment":[{"href":"https:\/\/z-7.ch\/fr\/wp-json\/wp\/v2\/media?parent=5475"}],"wp:term":[{"taxonomy":"product_brand","embeddable":true,"href":"https:\/\/z-7.ch\/fr\/wp-json\/wp\/v2\/product_brand?post=5475"},{"taxonomy":"product_cat","embeddable":true,"href":"https:\/\/z-7.ch\/fr\/wp-json\/wp\/v2\/product_cat?post=5475"},{"taxonomy":"product_tag","embeddable":true,"href":"https:\/\/z-7.ch\/fr\/wp-json\/wp\/v2\/product_tag?post=5475"}],"curies":[{"name":"wp","href":"https:\/\/api.w.org\/{rel}","templated":true}]}}