{"id":5479,"date":"2025-05-19T10:00:40","date_gmt":"2025-05-19T08:00:40","guid":{"rendered":"https:\/\/z-7.chprodukt\/live-wire\/"},"modified":"2026-02-16T14:47:50","modified_gmt":"2026-02-16T13:47:50","slug":"live-wire","status":"publish","type":"product","link":"https:\/\/z-7.ch\/fr\/event\/live-wire\/","title":{"rendered":"live\/wire"},"content":{"rendered":"<h3>START YOUR ENGINES FOR ROCK\u2019N\u2019ROLL<b><br \/>\n<\/b><\/h3>\n<p><b>Quand les moteurs rugissent au Z7, une chose est s\u00fbre : il est temps pour le rock \u2019n\u2019 roll haute tension. Cette ann\u00e9e encore, le tribute AC\/DC le plus puissant d\u2019Europe est de retour \u2013 avec un nouveau slogan qui gronde plus fort que n\u2019importe quel V8 : CVR\/UP, la version \u00ab cover up \u00bb du comeback survolt\u00e9 d\u2019AC\/DC, PWR\/UP. Deux nuits de tubes, d\u2019adr\u00e9naline et de puissance sc\u00e9nique incandescente s\u2019annoncent. Ladies and gentlemen, d\u00e9marrez les moteurs et foncez vers le Z7.<br \/>   <\/b><\/p>\n<p>Lorsque AC\/DC ont fait leur retour sur sc\u00e8ne et dans les charts avec PWR\/UP en 2020, c\u2019\u00e9tait comme remettre en marche un moteur gigantesque : familier, percutant, sans compromis. Les riffs provenaient des archives de Malcolm Young, le son \u00e9tait classique tout en \u00e9tant rafra\u00eechi \u2013 un v\u00e9ritable red\u00e9marrage sous le signe de l\u2019\u00e9nergie hard rock \u00e0 l\u2019\u00e9tat pur. C\u2019est exactement cette sensation que reprend le th\u00e8me CVR\/UP de cette ann\u00e9e. Un turbo rock qui rallume la flamme d\u2019AC\/DC et la propulse \u00e0 pleine puissance jusqu\u2019\u00e0 Pratteln.   <\/p>\n<p>Depuis plus de cinquante ans, AC\/DC marquent l\u2019histoire du rock international \u2013 avec des chansons que tout le monde conna\u00eet et des concerts que l\u2019on n\u2019oublie jamais. Et depuis plus de 20 ans, la formation tribute b\u00e2loise live\/wire veille \u00e0 faire vivre ce mythe dans notre r\u00e9gion. Issus des groupes de reprises Riff Raff et Jailbreak, les cinq musiciens ont depuis longtemps trouv\u00e9 leur place dans l\u2019univers des tribute bands. Avec un show r\u00e9gl\u00e9 dans les moindres d\u00e9tails et une passion impossible \u00e0 feindre, ils apportent soir apr\u00e8s soir une pure d\u00e9charge de haute tension sur sc\u00e8ne.   <\/p>\n<p>Au chant, D\u00e4ny restitue avec une authenticit\u00e9 bluffante le timbre, l\u2019expression et l\u2019\u00e9nergie de Brian Johnson. Cello incarne la performance d\u2019Angus Young avec sa Gibson SG et son uniforme scolaire. Adi pose le groove typique de Malcolm sous chaque riff, Ronny maintient l\u2019orage de batterie sur la bonne trajectoire et Beat assure un low-end solide dans l\u2019esprit de Cliff Williams. Plus de 50 titres issus de quatre d\u00e9cennies et demie d\u2019histoire d\u2019AC\/DC sont au programme \u2013 de High Voltage \u00e0 Thunderstruck.   <\/p>\n<p>Pendant deux nuits, les moteurs vont rugir au Z7, les amplis vont chauffer et l\u2019\u00e9nergie grimpera dans le rouge. Alors attachez vos ceintures et pr\u00e9parez-vous pour une vir\u00e9e infernale sans retenue.<\/p>\n<p> <\/p>\n","protected":false},"excerpt":{"rendered":"<p>START YOUR ENGINES FOR ROCK\u2019N\u2019ROLL Quand les moteurs rugissent au Z7, une chose est s\u00fbre : il est temps pour&hellip;<\/p>\n","protected":false},"author":2,"featured_media":5677,"template":"","meta":{"_acf_changed":false},"product_brand":[],"product_cat":[160],"product_tag":[135,105,198],"class_list":{"0":"post-5479","1":"product","2":"type-product","3":"status-publish","4":"has-post-thumbnail","6":"product_cat-event","7":"product_tag-classic-rock-fr","8":"product_tag-hard-rock-fr","9":"product_tag-tribute","11":"first","12":"instock","13":"virtual","14":"product-type-simple"},"acf":[],"_links":{"self":[{"href":"https:\/\/z-7.ch\/fr\/wp-json\/wp\/v2\/product\/5479","targetHints":{"allow":["GET"]}}],"collection":[{"href":"https:\/\/z-7.ch\/fr\/wp-json\/wp\/v2\/product"}],"about":[{"href":"https:\/\/z-7.ch\/fr\/wp-json\/wp\/v2\/types\/product"}],"author":[{"embeddable":true,"href":"https:\/\/z-7.ch\/fr\/wp-json\/wp\/v2\/users\/2"}],"wp:featuredmedia":[{"embeddable":true,"href":"https:\/\/z-7.ch\/fr\/wp-json\/wp\/v2\/media\/5677"}],"wp:attachment":[{"href":"https:\/\/z-7.ch\/fr\/wp-json\/wp\/v2\/media?parent=5479"}],"wp:term":[{"taxonomy":"product_brand","embeddable":true,"href":"https:\/\/z-7.ch\/fr\/wp-json\/wp\/v2\/product_brand?post=5479"},{"taxonomy":"product_cat","embeddable":true,"href":"https:\/\/z-7.ch\/fr\/wp-json\/wp\/v2\/product_cat?post=5479"},{"taxonomy":"product_tag","embeddable":true,"href":"https:\/\/z-7.ch\/fr\/wp-json\/wp\/v2\/product_tag?post=5479"}],"curies":[{"name":"wp","href":"https:\/\/api.w.org\/{rel}","templated":true}]}}