{"id":5485,"date":"2025-05-09T10:00:28","date_gmt":"2025-05-09T08:00:28","guid":{"rendered":"https:\/\/z-7.chprodukt\/lordi\/"},"modified":"2026-02-16T14:50:43","modified_gmt":"2026-02-16T13:50:43","slug":"lordi","status":"publish","type":"product","link":"https:\/\/z-7.ch\/fr\/event\/lordi\/","title":{"rendered":"Lordi"},"content":{"rendered":"<h3>LE RIDEAU SE L\u00c8VE POUR UN PETIT SPECTACLE D\u2019HORREUR<\/h3>\n<p><b>Au Z7, Halloween arrive en avance \u2013 le 13 octobre ! La deuxi\u00e8me partie de la \u00ab Limited Tour 2025 \u00bb ram\u00e8ne Mr. Lordi et sa troupe de monstres dans notre salle cet automne. Les rockers finlandais \u00e0 succ\u00e8s d\u00e9barquent avec une avalanche de classiques du shock rock couvrant trois d\u00e9cennies, ainsi que les nouvelles hymnes macabres issues de leur dernier album Limited Deadition.<br \/>  <\/b><\/p>\n<p>Depuis plus de trente ans, les monster rockers Lordi enthousiasment leurs fans avec des shows live extravagants m\u00ealant la th\u00e9\u00e2tralit\u00e9 des films d\u2019horreur classiques \u00e0 une \u00e9nergie rock \u2019n\u2019 roll brute, tout en encha\u00eenant les sorties d\u2019albums. Fond\u00e9 en 1992 \u00e0 Rovaniemi, en Finlande, le groupe a d\u00e9j\u00e0 publi\u00e9 12 albums studio. Leur \u0153uvre la plus r\u00e9cente, Limited Deadition, sortie en mars 2025, propose une fois de plus un savant m\u00e9lange de nostalgie et d\u2019hymnes hard \u2019n\u2019 heavy parmi les plus cr\u00e9atives. \u00ab Ceux qui pensent que les anciens vainqueurs de l\u2019Eurovision Song Contest commencent \u00e0 manquer d\u2019id\u00e9es seront imm\u00e9diatement d\u00e9tromp\u00e9s par le morceau d\u2019ouverture percutant Legends Are Made Of Chliches. Comme toujours chez Lordi, ce sont les ch\u0153urs entra\u00eenants qui s\u2019installent d\u00e8s les premi\u00e8res secondes dans les oreilles des fans. Heureusement, Mr. Lordi et son ensemble ne s\u2019\u00e9cartent pas une seule seconde de leur recette gagnante \u00bb, \u00e9crit un critique du magazine suisse Metal Factory. Une fois encore, le son des ann\u00e9es 80 est remis \u00e0 l\u2019honneur, tant sur le plan musical que th\u00e9matique. Les chansons rendent hommage \u00e0 la culture du jouet de cette d\u00e9cennie, ch\u00e8re en particulier au frontman Mr. Lordi, collectionneur passionn\u00e9 d\u2019action figures et d\u2019autres objets \u2013 de pr\u00e9f\u00e9rence en \u00e9dition limit\u00e9e, bien s\u00fbr. Avec ce nouveau chef-d\u2019\u0153uvre, Lordi reviennent dans notre salle un an et demi apr\u00e8s leur concert acclam\u00e9 d\u2019avril 2024. \u00c0 propos du dernier spectacle d\u2019horreur de 120 minutes, le magazine en ligne Diebuehrers.com \u00e9crivait : \u00ab Qu\u2019est-ce qui a toujours fait la force de Lordi ? Des morceaux rock dans l\u2019esprit de Kiss et Alice Cooper, invitant le public \u00e0 faire la f\u00eate, combin\u00e9s \u00e0 l\u2019utilisation d\u2019accessoires et d\u2019\u00e9l\u00e9ments th\u00e9\u00e2traux. On ne passe pas la soir\u00e9e \u00e0 d\u00e9battre du sens profond des chansons de Lordi, mais cela ne les emp\u00eache pas d\u2019\u00eatre incroyablement captivantes. C\u2019\u00e9tait un superbe show rock que Lordi ont livr\u00e9 ce soir-l\u00e0 au Z7. \u00bb Et la conclusion finale \u00e9tait claire : \u00ab Un concert de Lordi est tout simplement une exp\u00e9rience. Les fans n\u2019ont certainement manqu\u00e9 de rien. \u00bb Alors foncez quand retentira \u00e0 nouveau l\u2019annonce : Hey, voici Mr. Lordi \u2013 rideau lev\u00e9 pour son horror show !          <\/p>\n<p><strong>Null Positiv :<\/strong><br \/>Depuis 2015, Null Positiv affirment sans d\u00e9tour qu\u2019ils ne sont pas un groupe comme les autres. La chanteuse Elli Berlin impressionne par une puissance vocale exceptionnelle, passant avec aisance de growls brutaux \u00e0 un chant rock puissant, puis \u00e0 des passages empreints d\u2019\u00e9motion. Avec leur nouvel opus 1000 Meilen, le groupe livre une fois de plus un metal NDH sans compromis, port\u00e9 par des riffs massifs, des batteries lourdes et des textes profonds. D\u00e9marr\u00e9e sans maison de disques, la formation s\u2019est construit une fanbase en constante croissance gr\u00e2ce \u00e0 un travail acharn\u00e9, une grande cr\u00e9ativit\u00e9 et une relation \u00e9troite avec son public \u2013 aussi bien en concert que via sa cha\u00eene YouTube couronn\u00e9e de succ\u00e8s. Depuis leur album de debut Koma en 2017, Null Positiv sillonnent l\u2019Europe sans rel\u00e2che. Ils incarnent l\u2019ind\u00e9pendance, l\u2019\u00e9nergie et l\u2019authenticit\u00e9 ; leur musique est enti\u00e8rement autoproduite \u2013 brute, sinc\u00e8re et sans concessions. Pour qui cherche un metal avec du fond, Null Positiv est incontournable.     <\/p>\n<p>Blood White :<br \/>Depuis 2022, Blood White bousculent la sc\u00e8ne \u2013 bruyants, sans compromis et visuellement impossibles \u00e0 ignorer. Avec leur identit\u00e9 visuelle rouge et blanche et un m\u00e9lange puissant de modern metal, de rock et de hardcore, ils posent de nouveaux jalons. Leur album debut From Hell est une v\u00e9ritable d\u00e9claration d\u2019intention : riffs massifs, grooves brutaux et refrains accrocheurs \u2013 une musique qui marque les esprits. Le frontman Dr. Zero d\u00e9voile des ab\u00eemes sombres et des v\u00e9rit\u00e9s m\u00e9lancoliques dans des titres comme Before I Die, tandis que Run Or Die et Guns &amp; Fear lib\u00e8rent une \u00e9nergie obscure rappelant Rammstein et Slipknot. Blood White, ce n\u2019est pas seulement de la musique \u2013 c\u2019est un concept, une attitude et un show r\u00e9unis en un seul projet. Encore jeunes, mais d\u00e9j\u00e0 porteurs d\u2019une grande promesse pour l\u2019avenir : Blood White am\u00e8nent le diable sur sc\u00e8ne \u2013 et le font danser.     <\/p>\n","protected":false},"excerpt":{"rendered":"<p>LE RIDEAU SE L\u00c8VE POUR UN PETIT SPECTACLE D\u2019HORREUR Au Z7, Halloween arrive en avance \u2013 le 13 octobre !&hellip;<\/p>\n","protected":false},"author":1,"featured_media":993,"template":"","meta":{"_acf_changed":false},"product_brand":[],"product_cat":[160],"product_tag":[105],"class_list":{"0":"post-5485","1":"product","2":"type-product","3":"status-publish","4":"has-post-thumbnail","6":"product_cat-event","7":"product_tag-hard-rock-fr","9":"first","10":"instock","11":"virtual","12":"product-type-simple"},"acf":[],"_links":{"self":[{"href":"https:\/\/z-7.ch\/fr\/wp-json\/wp\/v2\/product\/5485","targetHints":{"allow":["GET"]}}],"collection":[{"href":"https:\/\/z-7.ch\/fr\/wp-json\/wp\/v2\/product"}],"about":[{"href":"https:\/\/z-7.ch\/fr\/wp-json\/wp\/v2\/types\/product"}],"author":[{"embeddable":true,"href":"https:\/\/z-7.ch\/fr\/wp-json\/wp\/v2\/users\/1"}],"wp:featuredmedia":[{"embeddable":true,"href":"https:\/\/z-7.ch\/fr\/wp-json\/wp\/v2\/media\/993"}],"wp:attachment":[{"href":"https:\/\/z-7.ch\/fr\/wp-json\/wp\/v2\/media?parent=5485"}],"wp:term":[{"taxonomy":"product_brand","embeddable":true,"href":"https:\/\/z-7.ch\/fr\/wp-json\/wp\/v2\/product_brand?post=5485"},{"taxonomy":"product_cat","embeddable":true,"href":"https:\/\/z-7.ch\/fr\/wp-json\/wp\/v2\/product_cat?post=5485"},{"taxonomy":"product_tag","embeddable":true,"href":"https:\/\/z-7.ch\/fr\/wp-json\/wp\/v2\/product_tag?post=5485"}],"curies":[{"name":"wp","href":"https:\/\/api.w.org\/{rel}","templated":true}]}}