{"id":5489,"date":"2025-04-30T10:00:42","date_gmt":"2025-04-30T08:00:42","guid":{"rendered":"https:\/\/z-7.chprodukt\/eric-steckel\/"},"modified":"2026-02-07T12:47:57","modified_gmt":"2026-02-07T11:47:57","slug":"eric-steckel","status":"publish","type":"product","link":"https:\/\/z-7.ch\/fr\/event\/eric-steckel\/","title":{"rendered":"Eric Steckel"},"content":{"rendered":"<h3>GUITARE VINTAGE &amp; DOUBLE GROSSE CAISSE<\/h3>\n<p><b>Eric Steckel pose de nouveaux jalons. Ici, la guitare vintage rencontre la double grosse caisse, le blues fusionne avec le rock et le metal \u2013 et ce que cet artiste tire de ses six cordes d\u00e9passe l\u2019entendement. Le \u00ab 21st Century Guitar-Driven Blues \u00bb de Steckel est presque in\u00e9galable en termes de feeling et d\u2019intensit\u00e9. Le 15 octobre 2025 est une date absolument incontournable pour les amateurs de blues, de rock et de blues metal !<br \/>    <\/b><\/p>\n<p>\u00c0 une \u00e9poque o\u00f9 les pedalboards, les ordinateurs portables et les samples sont devenus monnaie courante, le guitariste californien Eric Steckel nage \u00e0 contre-courant et nous rappelle le temps o\u00f9 les guitares r\u00e9sonnaient fort \u00e0 travers de grands amplis. Consid\u00e9r\u00e9 par beaucoup comme la plus grande \u00e9toile montante du blues rock, Eric livre r\u00e9guli\u00e8rement des performances puissantes et passionn\u00e9es qui captivent le public du monde entier. Peu de jeunes guitaristes peuvent se targuer d\u2019un parcours aussi impressionnant que le sien. Son premier album A Few Degrees Warmer a \u00e9t\u00e9 enregistr\u00e9 en live en avril 2002, alors qu\u2019il n\u2019avait que onze ans. Il ne fallut pas longtemps avant qu\u2019Eric se produise au Sarasota Blues Festival, o\u00f9 sa prestation devint rapidement le sujet de toutes les conversations. Et avant m\u00eame la fin de la soir\u00e9e, le jeune prodige fut pr\u00e9sent\u00e9 par la l\u00e9gende britannique du blues rock John Mayall comme le plus jeune guitariste ayant jamais jou\u00e9 sur sc\u00e8ne avec ses Bluesbreakers. Steckel est un musicien d\u2019exception, capable d\u2019enregistrer presque seul un album entier, assumant en studio le piano, l\u2019orgue, la basse, les guitares, le chant et la production. Fort aujourd\u2019hui de plus de 20 ans d\u2019exp\u00e9rience sur sc\u00e8ne et en studio, Eric continue de proposer sa signature unique m\u00ealant rock, blues et blues metal aux passionn\u00e9s de guitare dans plus de 25 pays \u00e0 travers le monde \u2013 et ce nombre ne cesse de cro\u00eetre. Derni\u00e8rement, il a sorti les titres Barrel Of A Gun et Hold Your Fire \u00e0 l\u2019\u00e9t\u00e9 2024. Sur YouTube, les commentaires enthousiastes se sont multipli\u00e9s : \u00ab Ces riffs, ces solos, le groove et le feeling, ce son de guitare d\u00e9vastateur, cette voix hallucinante, cette \u00e9nergie incroyable\u2026 et en plus cette combinaison rare de blues avec de la double grosse caisse \u00bb, \u00e9crivait un fan \u00e0 propos de Hold Your Fire. Un autre ajoutait : \u00ab Voil\u00e0 ce que j\u2019appelle un trio compact et efficace. Steckel nous replonge dans l\u2019\u00e2ge d\u2019or des grands power trios comme les d\u00e9buts de Cream, Mountain, James Gang ou ZZ Top. Et c\u00f4t\u00e9 guitare, il peut sans probl\u00e8me rivaliser avec les meilleurs. \u00bb Nous sommes ravis de pouvoir pr\u00e9senter cet artiste hors norme et son formidable groupe sur la sc\u00e8ne du Z7.<\/p>\n<p>           <\/p>\n","protected":false},"excerpt":{"rendered":"<p>GUITARE VINTAGE &amp; DOUBLE GROSSE CAISSE Eric Steckel pose de nouveaux jalons. Ici, la guitare vintage rencontre la double grosse&hellip;<\/p>\n","protected":false},"author":1,"featured_media":1277,"template":"","meta":{"_acf_changed":false},"product_brand":[],"product_cat":[160],"product_tag":[123,121,122,182],"class_list":{"0":"post-5489","1":"product","2":"type-product","3":"status-publish","4":"has-post-thumbnail","6":"product_cat-event","7":"product_tag-americana-fr","8":"product_tag-blues-fr","9":"product_tag-blues-rock-fr","10":"product_tag-guitar","12":"first","13":"instock","14":"virtual","15":"product-type-simple"},"acf":[],"_links":{"self":[{"href":"https:\/\/z-7.ch\/fr\/wp-json\/wp\/v2\/product\/5489","targetHints":{"allow":["GET"]}}],"collection":[{"href":"https:\/\/z-7.ch\/fr\/wp-json\/wp\/v2\/product"}],"about":[{"href":"https:\/\/z-7.ch\/fr\/wp-json\/wp\/v2\/types\/product"}],"author":[{"embeddable":true,"href":"https:\/\/z-7.ch\/fr\/wp-json\/wp\/v2\/users\/1"}],"wp:featuredmedia":[{"embeddable":true,"href":"https:\/\/z-7.ch\/fr\/wp-json\/wp\/v2\/media\/1277"}],"wp:attachment":[{"href":"https:\/\/z-7.ch\/fr\/wp-json\/wp\/v2\/media?parent=5489"}],"wp:term":[{"taxonomy":"product_brand","embeddable":true,"href":"https:\/\/z-7.ch\/fr\/wp-json\/wp\/v2\/product_brand?post=5489"},{"taxonomy":"product_cat","embeddable":true,"href":"https:\/\/z-7.ch\/fr\/wp-json\/wp\/v2\/product_cat?post=5489"},{"taxonomy":"product_tag","embeddable":true,"href":"https:\/\/z-7.ch\/fr\/wp-json\/wp\/v2\/product_tag?post=5489"}],"curies":[{"name":"wp","href":"https:\/\/api.w.org\/{rel}","templated":true}]}}