{"id":5492,"date":"2025-04-30T10:00:23","date_gmt":"2025-04-30T08:00:23","guid":{"rendered":"https:\/\/z-7.chprodukt\/visions-of-atlantis-warkings\/"},"modified":"2026-02-16T15:02:20","modified_gmt":"2026-02-16T14:02:20","slug":"visions-of-atlantis-warkings","status":"publish","type":"product","link":"https:\/\/z-7.ch\/fr\/event\/visions-of-atlantis-warkings\/","title":{"rendered":"Visions Of Atlantis + Warkings"},"content":{"rendered":"<h3 style=\"display: inline-block; margin: 0; margin-right: 8px;\">HORAIRE<\/h3>\n<p>(Sous r\u00e9serve de modifications)<\/p>\n<table style=\"width: 100%; border-collapse: collapse; margin-top: 20px; border: 0px solid #fff;\">\n<tbody>\n<tr style=\"border-top: 1px solid #fff; border-bottom: 1px solid #fff;\">\n<td style=\"padding: 8px; color: #fff;\">21:45<\/td>\n<td style=\"padding: 8px; color: #fff;\">Visions Of Atlantis<\/td>\n<\/tr>\n<tr style=\"border-bottom: 1px solid #fff;\">\n<td style=\"padding: 8px; color: #fff;\">20:00<\/td>\n<td style=\"padding: 8px; color: #fff;\">Warkings<\/td>\n<\/tr>\n<tr style=\"border-bottom: 1px solid #fff;\">\n<td style=\"padding: 8px; color: #fff;\">19:00<\/td>\n<td style=\"padding: 8px; color: #fff;\">Induction<\/td>\n<\/tr>\n<tr style=\"border-bottom: 1px solid #fff;\">\n<td style=\"padding: 8px; color: #fff;\">18:00<\/td>\n<td style=\"padding: 8px; color: #fff;\">Ouverture des portes<\/td>\n<\/tr>\n<\/tbody>\n<\/table>\n<h3>ACCROCHES SYMPHONIQUES &amp; HYMES DE BATAILLE \u00c9PIQUES<\/h3>\n<p><strong>La \u00ab Pirates &amp; Kings Tour 2026 \u00bb ram\u00e8ne Visions Of Atlantis et Warkings \u00e0 Pratteln en tant que co-t\u00eates d\u2019affiche. Les deux groupes sortent de nouveaux albums en juillet 2025 : Warkings pr\u00e9sentent leur nouvel album studio Armageddon, tandis que Visions Of Atlantis arrivent avec le double album live Armada Live Over Europe. Lors de cette tourn\u00e9e commune, les deux formations c\u00e9l\u00e8brent leurs nouvelles sorties et nous embarquent pour des voyages aventureux \u00e0 travers des batailles \u00e9piques et des travers\u00e9es palpitantes des sept mers.  <\/strong><\/p>\n<p><strong>Visions Of Atlantis :<\/strong><br \/>Des m\u00e9lodies d\u2019une beaut\u00e9 envo\u00fbtante, associ\u00e9es \u00e0 une puissance symphonique et une lourdeur m\u00e9tallique \u2013 telles sont les marques de fabrique de Visions Of Atlantis. En 2026, les ma\u00eetres du symphonic metal entra\u00eenent une nouvelle fois leur public \u00e0 travers des hymnes cin\u00e9matographiques, pour de grandes aventures sur les sept mers. Depuis leur fondation en 2000 dans la ville pittoresque de Bruck an der Mur (Autriche), Visions Of Atlantis se distinguent par leurs dual vocals uniques : un dialogue vocal intense entre une voix f\u00e9minine et une voix masculine. Aujourd\u2019hui, Cl\u00e9mentine Delauney et Michele Guaitoli tiennent la barre ensemble, impressionnant par une palette vocale capable de passer sans effort de m\u00e9lodies douces et intimistes \u00e0 une puissance op\u00e9ratique monumentale.<br \/>En tourn\u00e9e, Visions Of Atlantis ont conquis de vastes territoires en Europe, en Am\u00e9rique du Nord et du Sud \u2013 en tant que t\u00eates d\u2019affiche ou sur des festivals l\u00e9gendaires tels que Wacken, Bloodstock, ProgPower USA, la croisi\u00e8re 70,000 Tons of Metal ou la Sabaton Cruise. Avec des titres comme Melancholy Angel, Clocks, Legions Of The Seas ou Master Of The Hurricane, ainsi que les \u0153uvres acclam\u00e9es Pirates (2022) et Pirates II \u2013 Armada (2024), le groupe s\u2019est impos\u00e9 \u00e0 la pointe du symphonic metal. Cette \u00e8re Pirates est d\u00e9sormais c\u00e9l\u00e9br\u00e9e avec le double album Armada Live Over Europe (sortie : 4 juillet 2025), qui rassemble des enregistrements live de grande qualit\u00e9 capt\u00e9s lors de diff\u00e9rentes \u00e9tapes de tourn\u00e9e, saisissant avec force l\u2019\u00e9nergie brute, la puissance et le lien unique entre le groupe et son public. Armada Live Over Europe est un v\u00e9ritable chef-d\u2019\u0153uvre de performance live et constitue une mise en bouche id\u00e9ale pour la tourn\u00e9e \u00e0 venir.        <\/p>\n<p><strong>Warkings :<\/strong><br \/>Les Warkings reviennent de Valhalla au son des fanfares de l\u2019apocalypse. Sur leur nouvel album studio Armageddon (sortie : 4 juillet 2025), les cinq compagnons ont une fois de plus saisi leurs armes afin de donner vie aux l\u00e9gendes de leur histoire \u00e0 travers de puissantes hymnes de power metal. Chacun d\u2019eux porte en lui le souvenir de grandes batailles \u2013 et il est d\u00e9sormais temps de raconter ces r\u00e9cits au monde entier, aux c\u00f4t\u00e9s de l\u2019indomptable magicienne Morgana le Fay.<br \/>Depuis leur cr\u00e9ation en 2018, les Warkings se sont solidement \u00e9tablis sur la sc\u00e8ne metal gr\u00e2ce \u00e0 leur power metal \u00e9pique, profond\u00e9ment enracin\u00e9 dans la tradition de l\u00e9gendes telles que Helloween, Gamma Ray, Running Wild ou Manowar. Ils ont conquis les sc\u00e8nes de nombreux festivals, partag\u00e9 l\u2019affiche avec des poids lourds comme Powerwolf, HammerFall et Subway To Sally, et b\u00e2ti une fanbase fid\u00e8le qui a d\u00e9j\u00e0 c\u00e9l\u00e9br\u00e9 leurs hymnes entra\u00eenants sur les plus grandes sc\u00e8nes d\u2019Europe, notamment au Wacken Open Air. Avec leur cinqui\u00e8me album Armageddon, cette fraternit\u00e9 de h\u00e9ros nous entra\u00eene dans un nouveau p\u00e9riple \u00e0 travers des conqu\u00eates d\u00e9cisives qui ont marqu\u00e9 l\u2019histoire \u2013 des instants o\u00f9 les guerriers sont rest\u00e9s inflexibles, o\u00f9 les empires se sont effondr\u00e9s et o\u00f9 le monde a chang\u00e9 \u00e0 jamais. La recette musicale qui a fait le succ\u00e8s des Warkings est bien s\u00fbr conserv\u00e9e sur Armageddon : des \u00e9l\u00e9ments folkloriques et h\u00e9ro\u00efques fusionn\u00e9s avec une lourdeur sans compromis, des riffs d\u2019acier, des batteries tonitruantes et un chant puissant et \u00e9nergique. Des hymnes \u00e9piques et des cris de guerre grondants promettent des soir\u00e9es de concert inoubliables.         <\/p>\n","protected":false},"excerpt":{"rendered":"<p>HORAIRE (Sous r\u00e9serve de modifications) 21:45 Visions Of Atlantis 20:00 Warkings 19:00 Induction 18:00 Ouverture des portes ACCROCHES SYMPHONIQUES &amp;&hellip;<\/p>\n","protected":false},"author":2,"featured_media":1221,"template":"","meta":{"_acf_changed":false},"product_brand":[],"product_cat":[160],"product_tag":[169,187],"class_list":{"0":"post-5492","1":"product","2":"type-product","3":"status-publish","4":"has-post-thumbnail","6":"product_cat-event","7":"product_tag-power-metal","8":"product_tag-symphonic","10":"first","11":"instock","12":"virtual","13":"product-type-simple"},"acf":[],"_links":{"self":[{"href":"https:\/\/z-7.ch\/fr\/wp-json\/wp\/v2\/product\/5492","targetHints":{"allow":["GET"]}}],"collection":[{"href":"https:\/\/z-7.ch\/fr\/wp-json\/wp\/v2\/product"}],"about":[{"href":"https:\/\/z-7.ch\/fr\/wp-json\/wp\/v2\/types\/product"}],"author":[{"embeddable":true,"href":"https:\/\/z-7.ch\/fr\/wp-json\/wp\/v2\/users\/2"}],"wp:featuredmedia":[{"embeddable":true,"href":"https:\/\/z-7.ch\/fr\/wp-json\/wp\/v2\/media\/1221"}],"wp:attachment":[{"href":"https:\/\/z-7.ch\/fr\/wp-json\/wp\/v2\/media?parent=5492"}],"wp:term":[{"taxonomy":"product_brand","embeddable":true,"href":"https:\/\/z-7.ch\/fr\/wp-json\/wp\/v2\/product_brand?post=5492"},{"taxonomy":"product_cat","embeddable":true,"href":"https:\/\/z-7.ch\/fr\/wp-json\/wp\/v2\/product_cat?post=5492"},{"taxonomy":"product_tag","embeddable":true,"href":"https:\/\/z-7.ch\/fr\/wp-json\/wp\/v2\/product_tag?post=5492"}],"curies":[{"name":"wp","href":"https:\/\/api.w.org\/{rel}","templated":true}]}}