{"id":5498,"date":"2025-04-09T10:00:21","date_gmt":"2025-04-09T08:00:21","guid":{"rendered":"https:\/\/z-7.chprodukt\/all-for-metal-grailknights\/"},"modified":"2026-02-16T15:09:30","modified_gmt":"2026-02-16T14:09:30","slug":"all-for-metal-grailknights","status":"publish","type":"product","link":"https:\/\/z-7.ch\/fr\/event\/all-for-metal-grailknights\/","title":{"rendered":"All For Metal + Grailknights"},"content":{"rendered":"<h3>METAL BATTLE \u00c0 PRATTELN<\/h3>\n<p data-start=\"68\" data-end=\"607\"><strong>\u00cates-vous pr\u00eats pour la bataille de metal teutonique la plus sauvage de l\u2019ann\u00e9e ? Lorsque les guerriers d\u2019All For Metal unissent leurs forces avec les super-h\u00e9ros des Grailknights pour un concert en co-t\u00eate d\u2019affiche, hymnes de true metal \u00e9piques et chants de bataille tonitruants sont garantis. La \u00ab Battle of Metal Tour 2025 \u00bb s\u2019annonce comme l\u2019un des grands temps forts de l\u2019ann\u00e9e, avec les morceaux acclam\u00e9s des deux premiers albums d\u2019All For Metal et du tout nouveau mat\u00e9riel explosif des Grailknights.<br \/>  <\/strong><\/p>\n<p><strong>All For Metal :<\/strong><br \/>Ils se sont lanc\u00e9s il y a \u00e0 peine trois ans pour conqu\u00e9rir le monde du metal \u2013 et rares sont les groupes qui ont autant boulevers\u00e9 la sc\u00e8ne en si peu de temps qu\u2019All For Metal, la formation emmen\u00e9e par le duo vocal Tim \u00ab Tetzel \u00bb Schmidt et Antonio Calanna. Port\u00e9 par ces deux passionn\u00e9s de metal \u00e0 la voix impressionnante, le groupe fait d\u00e9couvrir les sonorit\u00e9s classiques du heavy metal \u00e0 une nouvelle g\u00e9n\u00e9ration de fans. Dot\u00e9 de chansons extr\u00eamement accrocheuses et d\u2019une production tr\u00e8s professionnelle, leur premier album Legends (2023) d\u00e9bordait d\u2019hymnes metal \u00e9piques taill\u00e9s pour l\u2019\u00e9ternit\u00e9. Du rythme implacable de All For Metal au percutant Fury Of The Gods, en passant par le martelant Mountain Of Power et les touches folk de Thor Raise The Hammer, l\u2019album met en lumi\u00e8re les qualit\u00e9s du groupe et l\u2019harmonie parfaite entre le chant puissant et m\u00e9lodique d\u2019Antonio et la voix rauque de Tetzel.<br \/>Apr\u00e8s des tourn\u00e9es r\u00e9ussies aux c\u00f4t\u00e9s de Windrose, Dirkschneider, Orden Ogan ou Lordi, le groupe a d\u00e9j\u00e0 d\u00e9voil\u00e9 en ao\u00fbt 2024 son deuxi\u00e8me album Gods Of Metal, avec lequel les sauveurs du true metal ont atteint la 12e place des charts allemands. \u00ab C\u2019est un hymne pour une nouvelle \u00e8re du metal \u00bb, commente Tetzel \u00e0 propos du titre phare. \u00ab C\u00e9l\u00e9brons la musique, la passion et l\u2019amour du heavy metal. Que le tonnerre gronde. Ce n\u2019est qu\u2019une \u00e9tape de plus sur un long chemin \u2013 alors suivez-nous et partons \u00e0 la conqu\u00eate du monde, car c\u2019est All For Metal et du metal pour tous ! \u00bb        <\/p>\n<p><strong>Grailknights :<\/strong><br \/>Avec leur power metal survolt\u00e9 et leurs shows pleins d\u2019humour et de proximit\u00e9 avec le public, les Grailknights font partie int\u00e9grante de la sc\u00e8ne depuis plus de vingt ans. Ils comptent \u00e0 leur actif plusieurs centaines de concerts en club et des apparitions sur des festivals prestigieux tels que le Wacken Open Air, le Rock Harz ou le Summer Breeze. Leur album Knightfall (2018) et le programme d\u2019entra\u00eenement muscle-metal Pumping Iron Power ont suscit\u00e9 un int\u00e9r\u00eat mondial, menant \u00e0 une sortie japonaise suivie d\u2019une invitation \u00e0 Osaka et Tokyo, ainsi qu\u2019\u00e0 une tourn\u00e9e de premi\u00e8re partie tr\u00e8s r\u00e9ussie avec Feuerschwanz dans des salles compl\u00e8tes.<br \/>En 2022, les cinq h\u00e9ros ont sorti leur sixi\u00e8me album studio Muscle Bound for Glory, compos\u00e9 de douze titres de superhero metal de tr\u00e8s haut niveau. Un power metal puissant rencontre des synth\u00e9s r\u00e9tro \u00e9nergiques et des ch\u0153urs \u00e9piques, le tout envelopp\u00e9 dans des paysages sonores cin\u00e9matographiques \u2013 une symbiose entre son et image qui propulse le groupe vers un nouveau palier. Et pour la prochaine tourn\u00e9e en co-headliner avec All For Metal, les Grailknights ont d\u00e9j\u00e0 promis un nouvel album. Ceux qui ne veulent pas manquer ce workout live de metal survolt\u00e9, m\u00ealant nouveaux morceaux et grands favoris des fans, devraient absolument se procurer un billet pour le concert des Grailknights en duo avec All For Metal au Z7.      <\/p>\n","protected":false},"excerpt":{"rendered":"<p>METAL BATTLE \u00c0 PRATTELN \u00cates-vous pr\u00eats pour la bataille de metal teutonique la plus sauvage de l\u2019ann\u00e9e ? Lorsque les&hellip;<\/p>\n","protected":false},"author":2,"featured_media":1271,"template":"","meta":{"_acf_changed":false},"product_brand":[],"product_cat":[160],"product_tag":[103,169],"class_list":{"0":"post-5498","1":"product","2":"type-product","3":"status-publish","4":"has-post-thumbnail","6":"product_cat-event","7":"product_tag-heavy-metal-fr","8":"product_tag-power-metal","10":"first","11":"instock","12":"virtual","13":"product-type-simple"},"acf":[],"_links":{"self":[{"href":"https:\/\/z-7.ch\/fr\/wp-json\/wp\/v2\/product\/5498","targetHints":{"allow":["GET"]}}],"collection":[{"href":"https:\/\/z-7.ch\/fr\/wp-json\/wp\/v2\/product"}],"about":[{"href":"https:\/\/z-7.ch\/fr\/wp-json\/wp\/v2\/types\/product"}],"author":[{"embeddable":true,"href":"https:\/\/z-7.ch\/fr\/wp-json\/wp\/v2\/users\/2"}],"wp:featuredmedia":[{"embeddable":true,"href":"https:\/\/z-7.ch\/fr\/wp-json\/wp\/v2\/media\/1271"}],"wp:attachment":[{"href":"https:\/\/z-7.ch\/fr\/wp-json\/wp\/v2\/media?parent=5498"}],"wp:term":[{"taxonomy":"product_brand","embeddable":true,"href":"https:\/\/z-7.ch\/fr\/wp-json\/wp\/v2\/product_brand?post=5498"},{"taxonomy":"product_cat","embeddable":true,"href":"https:\/\/z-7.ch\/fr\/wp-json\/wp\/v2\/product_cat?post=5498"},{"taxonomy":"product_tag","embeddable":true,"href":"https:\/\/z-7.ch\/fr\/wp-json\/wp\/v2\/product_tag?post=5498"}],"curies":[{"name":"wp","href":"https:\/\/api.w.org\/{rel}","templated":true}]}}