{"id":5503,"date":"2025-03-26T10:00:42","date_gmt":"2025-03-26T09:00:42","guid":{"rendered":"https:\/\/z-7.chprodukt\/rage\/"},"modified":"2026-02-16T15:11:16","modified_gmt":"2026-02-16T14:11:16","slug":"rage","status":"publish","type":"product","link":"https:\/\/z-7.ch\/fr\/event\/rage\/","title":{"rendered":"Rage"},"content":{"rendered":"<h3>ABGESAGT<\/h3>\n<p>Malheureusement, nous avons de mauvaises nouvelles pour toi : Le concert de Rage du 12 octobre 2025 au Z7 doit \u00eatre annul\u00e9 sans \u00eatre remplac\u00e9.<br \/>\nLes billets d\u00e9j\u00e0 achet\u00e9s peuvent \u00eatre rembours\u00e9s au point de vente o\u00f9 ils ont \u00e9t\u00e9 acquis.<\/p>\n<p>Billets achet\u00e9s via www.z-7.ch ou sur place :<br \/>\nVeuillez nous envoyer un e-mail \u00e0 tickets@z-7.ch avec un scan\/une photo des billets ou le num\u00e9ro de commande, ainsi que vos coordonn\u00e9es bancaires. <\/p>\n<p><b>Communiqu\u00e9 du groupe :<\/b><br \/>\nRageheads,<br \/>\nNous devons malheureusement annuler notre concert \u00e0 Pratteln en raison de ventes de billets insuffisantes. La tourn\u00e9e se d\u00e9roule jusqu\u2019\u00e0 pr\u00e9sent de mani\u00e8re absolument fantastique \u2013 avec un public formidable et de tr\u00e8s bons chiffres de pr\u00e9vente \u2013 mais pour ce concert en particulier, les ventes n\u2019ont malheureusement pas d\u00e9coll\u00e9.<br \/>\nAfin de ne faire supporter de charge financi\u00e8re \u00e0 personne, nous avons d\u00e9cid\u00e9, en accord avec nos partenaires, d\u2019annuler le concert et de chercher une nouvelle occasion de revenir jouer en Suisse \u00e0 l\u2019avenir.<br \/>\nMerci beaucoup pour votre compr\u00e9hension et votre soutien continu. Les billets d\u00e9j\u00e0 achet\u00e9s peuvent \u00eatre retourn\u00e9s aupr\u00e8s des points de pr\u00e9vente correspondants.  <\/p>\n<p>Tous les autres concerts de la tourn\u00e9e auront lieu comme pr\u00e9vu.<\/p>\n<p><a class=\"button\" href=\"https:\/\/z-7.ch\/fr\/infos-pour-les-visiteurs\/#ticketrueckerstattung\">INFORMATIONS CONCERNANT LE REMBOURSEMENT DES BILLETS<\/a><\/p>\n","protected":false},"excerpt":{"rendered":"<p>ABGESAGT Malheureusement, nous avons de mauvaises nouvelles pour toi : Le concert de Rage du 12 octobre 2025 au Z7&hellip;<\/p>\n","protected":false},"author":1,"featured_media":1279,"template":"","meta":{"_acf_changed":false},"product_brand":[],"product_cat":[160],"product_tag":[103,169],"class_list":{"0":"post-5503","1":"product","2":"type-product","3":"status-publish","4":"has-post-thumbnail","6":"product_cat-event","7":"product_tag-heavy-metal-fr","8":"product_tag-power-metal","10":"first","11":"discontinued","12":"virtual","13":"product-type-simple"},"acf":[],"_links":{"self":[{"href":"https:\/\/z-7.ch\/fr\/wp-json\/wp\/v2\/product\/5503","targetHints":{"allow":["GET"]}}],"collection":[{"href":"https:\/\/z-7.ch\/fr\/wp-json\/wp\/v2\/product"}],"about":[{"href":"https:\/\/z-7.ch\/fr\/wp-json\/wp\/v2\/types\/product"}],"author":[{"embeddable":true,"href":"https:\/\/z-7.ch\/fr\/wp-json\/wp\/v2\/users\/1"}],"wp:featuredmedia":[{"embeddable":true,"href":"https:\/\/z-7.ch\/fr\/wp-json\/wp\/v2\/media\/1279"}],"wp:attachment":[{"href":"https:\/\/z-7.ch\/fr\/wp-json\/wp\/v2\/media?parent=5503"}],"wp:term":[{"taxonomy":"product_brand","embeddable":true,"href":"https:\/\/z-7.ch\/fr\/wp-json\/wp\/v2\/product_brand?post=5503"},{"taxonomy":"product_cat","embeddable":true,"href":"https:\/\/z-7.ch\/fr\/wp-json\/wp\/v2\/product_cat?post=5503"},{"taxonomy":"product_tag","embeddable":true,"href":"https:\/\/z-7.ch\/fr\/wp-json\/wp\/v2\/product_tag?post=5503"}],"curies":[{"name":"wp","href":"https:\/\/api.w.org\/{rel}","templated":true}]}}