{"id":5505,"date":"2025-03-20T10:00:18","date_gmt":"2025-03-20T09:00:18","guid":{"rendered":"https:\/\/z-7.chprodukt\/eivoer\/"},"modified":"2026-02-16T15:23:22","modified_gmt":"2026-02-16T14:23:22","slug":"eivoer","status":"publish","type":"product","link":"https:\/\/z-7.ch\/fr\/event\/eivoer\/","title":{"rendered":"Eiv\u00f8r"},"content":{"rendered":"<h3>NUIT NORDIQUE<\/h3>\n<p data-start=\"68\" data-end=\"607\"><b>Plongez au c\u0153ur de paysages sonores atmosph\u00e9riques et savourez la mystique et la magie du Grand Nord dans leur plus belle expression musicale. Avec les s\u0153urs f\u00e9ringiennes Eiv\u00f8r et Elinborg P\u00e1lsd\u00f3ttir, ainsi que leur coll\u00e8gue islandais \u00c1sgeir Trausti, trois des artistes les plus passionnants des mondes insulaires nordiques feront escale \u00e0 Pratteln.<br \/> <\/b><\/p>\n<p>Eiv\u00f8r P\u00e1lsd\u00f3ttir est une artiste parfaitement accord\u00e9e aux bouleversements sauvages de la nature. N\u00e9e et \u00e9lev\u00e9e \u00e0 Sy\u00f0rug\u00f8ta, un minuscule village d\u2019environ 500 habitants situ\u00e9 sur l\u2019une des \u00eeles F\u00e9ro\u00e9 les plus septentrionales, elle a grandi au c\u0153ur de paysages rudes et balay\u00e9s par les vents de l\u2019Atlantique Nord\u2014un d\u00e9cor qui a profond\u00e9ment marqu\u00e9 sa musique. Avec onze albums studio et de nombreuses collaborations avec des artistes tels qu\u2019\u00c1sgeir Trausti, John Grant, Einar Selvik (Wardruna) ou Dan Heath (Lana Del Rey), Eiv\u00f8r compte parmi les artistes les plus polyvalentes du Nord et les chanteuses live les plus fascinantes de sa g\u00e9n\u00e9ration.<br \/>\u00ab Dans chaque situation que l\u2019on traverse, il y a de la musique \u00bb, explique-t-elle lorsqu\u2019on l\u2019interroge sur ses sources d\u2019inspiration. Dot\u00e9e d\u2019une voix belle et puissante, rare par son intensit\u00e9, elle se consacre \u00e0 la musique depuis l\u2019\u00e2ge de 15 ans. N\u00e9e aux \u00eeles F\u00e9ro\u00e9 en 1983, elle s\u2019est tr\u00e8s t\u00f4t immerg\u00e9e dans la tradition musicale de l\u2019archipel et a publi\u00e9 \u00e0 16 ans son premier album \u00e9ponyme. Si son amour durable pour la culture f\u00e9ringienne demeure au c\u0153ur de son \u0153uvre, son expression s\u2019est enrichie d\u2019un dialogue profond avec d\u2019autres traditions. La palette musicale d\u2019Eiv\u00f8r s\u2019est \u00e9largie bien au-del\u00e0 de ses d\u00e9buts folk, int\u00e9grant des \u00e9l\u00e9ments de jazz, de country folk, de rock teint\u00e9 de trip-hop ou encore de musique classique. De cette fusion est n\u00e9 son style folktronica, port\u00e9 par des textes sinc\u00e8res sur les r\u00e9v\u00e9lations de la vie.<br \/>Ce parcours artistique\u2014r\u00e9compens\u00e9 par le Prix de musique du Conseil nordique en 2021\u2014continue de fasciner et l\u2019a men\u00e9e sur des sc\u00e8nes du monde entier, des plus grands festivals europ\u00e9ens aux bandes originales de la s\u00e9rie Netflix The Last Kingdom et du jeu vid\u00e9o God of War: Ragnar\u00f6k. Son album actuel Enn (2024) renoue avec ses racines nordiques et procure sur sc\u00e8ne de v\u00e9ritables moments de frissons. Eiv\u00f8r est une artiste live envo\u00fbtante, dot\u00e9e d\u2019une pr\u00e9sence sc\u00e9nique chaleureuse et vibrante. Un fan r\u00e9sumait ainsi son concert berlinois de l\u2019automne 2024 : \u00ab L\u2019aura et la pr\u00e9sence d\u2019Eiv\u00f8r sont tout simplement ph\u00e9nom\u00e9nales\u2014une artiste d\u2019exception, aussi parfaite en live qu\u2019en studio. Des arrangements superbes, un son puissant et une voix qui p\u00e9n\u00e8tre la peau et touche l\u2019\u00e2me. \u00bb       <\/p>\n<p data-start=\"68\" data-end=\"607\">\u00c1sgeir : Avec son premier album D\u00fdr\u00f0 \u00ed dau\u00f0a\u00fe\u00f6gn (2012), \u00c1sgeir Trausti a d\u00e9croch\u00e9 le quadruple platine dans son Islande natale et rafl\u00e9 quatre cat\u00e9gories aux Icelandic Music Awards. Deux ans plus tard, la version anglaise Silence atteignait la 40e place des charts britanniques. Aujourd\u2019hui, le songwriter figure parmi les exportateurs les plus reconnus de l\u2019art sonore islandais. Depuis ce d\u00e9but record, \u00c1sgeir n\u2019a cess\u00e9 d\u2019\u00e9largir les horizons de son folk-pop r\u00e9fl\u00e9chi et structur\u00e9. Son dernier album Time On My Hands le montre dans une phase d\u2019introspection et d\u2019exp\u00e9rimentation, apr\u00e8s une longue p\u00e9riode pass\u00e9e \u00e0 \u00e9crire, enregistrer et produire chez lui et en studio. Il y explore de nouveaux territoires de composition, m\u00ealant avec finesse acoustique, \u00e9lectronique et cuivres.<br \/>Comme sur certaines \u0153uvres pr\u00e9c\u00e9dentes\u2014notamment Afterglow (2017) et Bury The Moon (2020)\u2014\u00c1sgeir joue avec des \u00e9l\u00e9ments euphoriques et choraux de la pop \u00e9lectronique, sans jamais perdre le style introspectif et centr\u00e9 sur la voix de l\u2019acoustique qui l\u2019a rendu c\u00e9l\u00e8bre. L\u2019album nous invite \u00e0 nous autoriser \u00e0 franchir des fronti\u00e8res\u2014physiques comme int\u00e9rieures\u2014et \u00e0 naviguer entre r\u00e9alit\u00e9 et imaginaire. Il est question de libert\u00e9, d\u2019\u00e9lan d\u2019aventure et de vol pour \u00e9chapper \u00e0 l\u2019isolement, mais aussi d\u2019apprendre \u00e0 appr\u00e9cier les merveilles de la nature qui nous entourent au quotidien.      <\/p>\n<p data-start=\"68\" data-end=\"607\">Elinborg : L\u2019ouverture de cette nuit nordique unique au Z7 est assur\u00e9e par Elinborg P\u00e1lsd\u00f3ttir. La singer-songwriter est la s\u0153ur cadette d\u2019Eiv\u00f8r et est consid\u00e9r\u00e9e comme l\u2019un des plus grands talents de la sc\u00e8ne musicale scandinave en plein essor. Son spectre stylistique s\u2019\u00e9tend du folk \u00e0 la world music et \u00e0 la country, jusqu\u2019\u00e0 l\u2019\u00e9lectronica. Depuis sa premi\u00e8re sortie en 2015, Elinborg est \u00e9galement tr\u00e8s demand\u00e9e en concert, remportant d\u00e8s 2016 le titre de Best Live Act of the Year aux Faroese Music Awards. En 2018, elle a attir\u00e9 l\u2019attention internationale avec le single Brimi\u00f0, inclus dans la bande originale de la s\u00e9rie Netflix norv\u00e9gienne Ragnarok. Elle travaille actuellement intens\u00e9ment sur un nouvel album pr\u00e9vu pour 2025\u2014une \u00e9tape cl\u00e9 alors qu\u2019elle s\u2019appr\u00eate \u00e0 entamer une grande carri\u00e8re internationale. Nous nous r\u00e9jouissons de suivre son ascension en live au Z7 et d\u2019\u00e9couter ses toutes nouvelles perles musicales.        <\/p>\n<h3 style=\"display: inline-block; margin: 0; margin-right: 8px;\">HORAIRE<\/h3>\n<p>(sans garantie)<\/p>\n<table style=\"width: 100%; border-collapse: collapse; margin-top: 20px; border: 0px solid #fff;\">\n<tbody>\n<tr style=\"border-top: 1px solid #fff; border-bottom: 1px solid #fff;\">\n<td style=\"padding: 8px; color: #fff;\">18:00<\/td>\n<td style=\"padding: 8px; color: #fff;\">Ouverture des portes<\/td>\n<\/tr>\n<tr style=\"border-bottom: 1px solid #fff;\">\n<td style=\"padding: 8px; color: #fff;\">19:00<\/td>\n<td style=\"padding: 8px; color: #fff;\">Elinborg<\/td>\n<\/tr>\n<tr style=\"border-bottom: 1px solid #fff;\">\n<td style=\"padding: 8px; color: #fff;\">19:45<\/td>\n<td style=\"padding: 8px; color: #fff;\">\u00c1sgeir<\/td>\n<\/tr>\n<tr style=\"border-bottom: 1px solid #fff;\">\n<td style=\"padding: 8px; color: #fff;\">21:00<\/td>\n<td style=\"padding: 8px; color: #fff;\">Eiv\u00f8r<\/td>\n<\/tr>\n<\/tbody>\n<\/table>\n","protected":false},"excerpt":{"rendered":"<p>NUIT NORDIQUE Plongez au c\u0153ur de paysages sonores atmosph\u00e9riques et savourez la mystique et la magie du Grand Nord dans&hellip;<\/p>\n","protected":false},"author":2,"featured_media":1281,"template":"","meta":{"_acf_changed":false},"product_brand":[],"product_cat":[160],"product_tag":[216,214,113,104],"class_list":{"0":"post-5505","1":"product","2":"type-product","3":"status-publish","4":"has-post-thumbnail","6":"product_cat-event","7":"product_tag-electronica","8":"product_tag-female","9":"product_tag-folk-fr","10":"product_tag-pop-fr","12":"first","13":"instock","14":"virtual","15":"product-type-simple"},"acf":[],"_links":{"self":[{"href":"https:\/\/z-7.ch\/fr\/wp-json\/wp\/v2\/product\/5505","targetHints":{"allow":["GET"]}}],"collection":[{"href":"https:\/\/z-7.ch\/fr\/wp-json\/wp\/v2\/product"}],"about":[{"href":"https:\/\/z-7.ch\/fr\/wp-json\/wp\/v2\/types\/product"}],"author":[{"embeddable":true,"href":"https:\/\/z-7.ch\/fr\/wp-json\/wp\/v2\/users\/2"}],"wp:featuredmedia":[{"embeddable":true,"href":"https:\/\/z-7.ch\/fr\/wp-json\/wp\/v2\/media\/1281"}],"wp:attachment":[{"href":"https:\/\/z-7.ch\/fr\/wp-json\/wp\/v2\/media?parent=5505"}],"wp:term":[{"taxonomy":"product_brand","embeddable":true,"href":"https:\/\/z-7.ch\/fr\/wp-json\/wp\/v2\/product_brand?post=5505"},{"taxonomy":"product_cat","embeddable":true,"href":"https:\/\/z-7.ch\/fr\/wp-json\/wp\/v2\/product_cat?post=5505"},{"taxonomy":"product_tag","embeddable":true,"href":"https:\/\/z-7.ch\/fr\/wp-json\/wp\/v2\/product_tag?post=5505"}],"curies":[{"name":"wp","href":"https:\/\/api.w.org\/{rel}","templated":true}]}}