{"id":5507,"date":"2025-03-11T10:00:56","date_gmt":"2025-03-11T09:00:56","guid":{"rendered":"https:\/\/z-7.chprodukt\/chaosbay\/"},"modified":"2026-02-16T15:24:44","modified_gmt":"2026-02-16T14:24:44","slug":"chaosbay","status":"publish","type":"product","link":"https:\/\/z-7.ch\/fr\/event\/chaosbay\/","title":{"rendered":"Chaosbay"},"content":{"rendered":"<h3>AUCUNE PEUR DE LA GRANDEUR<b><br \/>\n<\/b><\/h3>\n<p><b>Le quatuor berlinois de progressive metalcore CHAOSBAY a d\u00e9but\u00e9 la nouvelle ann\u00e9e avec une tourn\u00e9e de premi\u00e8re partie en Europe et au Royaume-Uni aux c\u00f4t\u00e9s du groupe danois SIAMESE. \u00c0 l\u2019automne, ils passeront eux-m\u00eames en t\u00eate d\u2019affiche et se produiront dans les plus grandes salles de leur carri\u00e8re \u00e0 travers l\u2019Allemagne, les pays voisins et m\u00eame le Royaume-Uni.<br \/> <\/b><\/p>\n<p>Apr\u00e8s des passages sur les plus grands festivals (Wacken, Summer Breeze, Open Flair), des tourn\u00e9es en support de ERRA, Annisokay, Emil Bulls et Vended, quatre albums et des millions de streams, le groupe s\u2019est constitu\u00e9 une fanbase fid\u00e8le et s\u2019est forg\u00e9 la r\u00e9putation de l\u2019un des groupes live les plus acclam\u00e9s de la sc\u00e8ne metal et prog allemande. La NOT AFRAID Tour entend repousser encore les limites en tant que prolongement de la tourn\u00e9e ARE YOU AFRAID? de 2024. Plus s\u00fbrs d\u2019eux, plus exp\u00e9riment\u00e9s, plus authentiques que jamais \u2013 et toujours aussi virtuoses \u2013 les quatre musiciens promettent un show explosif m\u00ealant riffs brutaux, passages instrumentaux virtuoses et songwriting accrocheur. Les fans de Periphery, I Prevail, Sleep Token et Bilmuri y trouveront sans aucun doute leur bonheur.    <\/p>\n<p><a class=\"button\" href=\"https:\/\/eventfrog.ch\/de\/p\/konzert\/hard-rock-heavy-metal\/chaosbay-not-afraid-tour-2025-7303867550600824503.html\" target=\"_blank\" rel=\"noopener\">Billets<\/a><\/p>\n","protected":false},"excerpt":{"rendered":"<p>AUCUNE PEUR DE LA GRANDEUR Le quatuor berlinois de progressive metalcore CHAOSBAY a d\u00e9but\u00e9 la nouvelle ann\u00e9e avec une tourn\u00e9e&hellip;<\/p>\n","protected":false},"author":2,"featured_media":1327,"template":"","meta":{"_acf_changed":false},"product_brand":[],"product_cat":[160],"product_tag":[209,136],"class_list":{"0":"post-5507","1":"product","2":"type-product","3":"status-publish","4":"has-post-thumbnail","6":"product_cat-event","7":"product_tag-metalcore","8":"product_tag-prog-fr","10":"first","11":"instock","12":"virtual","13":"product-type-simple"},"acf":[],"_links":{"self":[{"href":"https:\/\/z-7.ch\/fr\/wp-json\/wp\/v2\/product\/5507","targetHints":{"allow":["GET"]}}],"collection":[{"href":"https:\/\/z-7.ch\/fr\/wp-json\/wp\/v2\/product"}],"about":[{"href":"https:\/\/z-7.ch\/fr\/wp-json\/wp\/v2\/types\/product"}],"author":[{"embeddable":true,"href":"https:\/\/z-7.ch\/fr\/wp-json\/wp\/v2\/users\/2"}],"wp:featuredmedia":[{"embeddable":true,"href":"https:\/\/z-7.ch\/fr\/wp-json\/wp\/v2\/media\/1327"}],"wp:attachment":[{"href":"https:\/\/z-7.ch\/fr\/wp-json\/wp\/v2\/media?parent=5507"}],"wp:term":[{"taxonomy":"product_brand","embeddable":true,"href":"https:\/\/z-7.ch\/fr\/wp-json\/wp\/v2\/product_brand?post=5507"},{"taxonomy":"product_cat","embeddable":true,"href":"https:\/\/z-7.ch\/fr\/wp-json\/wp\/v2\/product_cat?post=5507"},{"taxonomy":"product_tag","embeddable":true,"href":"https:\/\/z-7.ch\/fr\/wp-json\/wp\/v2\/product_tag?post=5507"}],"curies":[{"name":"wp","href":"https:\/\/api.w.org\/{rel}","templated":true}]}}