{"id":5511,"date":"2025-03-06T10:00:00","date_gmt":"2025-03-06T09:00:00","guid":{"rendered":"https:\/\/z-7.chprodukt\/dark-tranquillity\/"},"modified":"2026-02-16T15:26:29","modified_gmt":"2026-02-16T14:26:29","slug":"dark-tranquillity","status":"publish","type":"product","link":"https:\/\/z-7.ch\/fr\/event\/dark-tranquillity\/","title":{"rendered":"Dark Tranquillity"},"content":{"rendered":"<h3>UN D\u00c9PART DANS UNE ATMOSPH\u00c8RE DE FIN DES TEMPS<\/h3>\n<p><strong>Pour les amateurs de metal intense et sans concession, l\u2019Ultima Ratio Fest figure parmi les rendez-vous incontournables. En 2025, la tourn\u00e9e acclam\u00e9e revient \u00e0 Pratteln \u2013 et l\u2019affiche actuelle a de quoi impressionner. En t\u00eate d\u2019affiche, les ic\u00f4nes du melodic death metal de G\u00f6teborg, Dark Tranquillity, qui ont sign\u00e9 en 2024 avec Endtime Signals l\u2019album le plus couronn\u00e9 de succ\u00e8s de leurs 35 ans de carri\u00e8re. Les prestigieux invit\u00e9s sp\u00e9ciaux Soen et Equilibrium, ainsi que l\u2019excellent groupe d\u2019ouverture Iotunn, compl\u00e8tent cette nuit metal taill\u00e9e pour les connaisseurs.<br \/>   <\/strong><\/p>\n<p>Dark Tranquillity comptent, aux c\u00f4t\u00e9s d\u2019In Flames, At The Gates ou Soilwork, parmi les figures majeures de l\u2019\u00e9cole de G\u00f6teborg du melodic death metal. Laur\u00e9ats du prestigieux prix su\u00e9dois Grammis en 2021 dans la cat\u00e9gorie Hard Rock\/Metal, le groupe men\u00e9 par le chanteur Mikael Stanne livre depuis plus de trois d\u00e9cennies des albums d\u2019un niveau exceptionnel. Malgr\u00e9 un line-up presque enti\u00e8rement renouvel\u00e9, Dark Tranquillity ont conserv\u00e9 une constance impressionnante et ont connu, avec Endtime Signals sorti \u00e0 l\u2019\u00e9t\u00e9 2024, leur plus grand succ\u00e8s dans les classements internationaux. Avec une 5e place en Suisse, une 6e en Allemagne et une 7e en Autriche, le groupe a atteint les meilleures positions de sa carri\u00e8re.<br \/>Le succ\u00e8s ne s\u2019est pas limit\u00e9 aux ventes : la critique s\u2019est montr\u00e9e tout aussi enthousiaste, sacrant l\u2019album Album du mois et lui attribuant les meilleures notes. Musikreviews.de \u00e9crivait : \u00ab En termes de performance et de production, Dark Tranquillity se rapprochent encore davantage de la perfection avec Endtime Signals. Ce 13e album studio des pionniers du death metal de G\u00f6teborg est un produit haut de gamme, \u00e0 la fois r\u00e9fl\u00e9chi et passionn\u00e9. \u00bb La conclusion : \u00ab Endtime Signals propose un melodic death metal contemporain \u00e0 la touche bombastique, enrichi de retournements surprenants typiques du groupe, de d\u00e9tails signature et d\u2019un songwriting globalement plus vari\u00e9 que sur l\u2019album pr\u00e9c\u00e9dent. \u00bb<br \/>Le disque canalise l\u2019agitation, la peur et la confusion du monde en douze titres puissants et captivants \u2013 catharsis et obscurit\u00e9, d\u00e9termination et acceptation. Avec la formation actuelle compos\u00e9e de Mikael Stanne (chant), Martin Br\u00e4ndstr\u00f6m (claviers), Johan Reinholdz (guitares), Joakim Strandberg Nilsson (batterie) et Christian Jansson (basse), Dark Tranquillity ouvrent une nouvelle \u00e8re pleine d\u2019\u00e9lan. Les amateurs du son de G\u00f6teborg y trouveront leur bonheur. Endtime Signals est un album sans faiblesses, ex\u00e9cut\u00e9 avec une ma\u00eetrise totale et une production massive. La tourn\u00e9e de sortie a d\u00e9j\u00e0 d\u00e9montr\u00e9 \u00e0 quel point les nouveaux titres s\u2019int\u00e8grent parfaitement au r\u00e9pertoire live du groupe.             <\/p>\n<p><strong>Soen :<\/strong><br \/>Moins d\u2019un an apr\u00e8s leur dernier concert en t\u00eate d\u2019affiche au Z7, Soen reviennent \u00e0 Pratteln en septembre 2025 en tant qu\u2019invit\u00e9s sp\u00e9ciaux de Dark Tranquillity. Ils invitent une nouvelle fois le public suisse \u00e0 plonger dans des univers sonores charg\u00e9s d\u2019\u00e9motion et \u00e0 entreprendre un voyage saisissant \u00e0 travers des paysages musicaux fascinants. Leur album actuel Memorial, qui aborde une fois encore des th\u00e9matiques soci\u00e9tales contemporaines, se distingue par une force motrice impressionnante. Des riffs ac\u00e9r\u00e9s se m\u00ealent \u00e0 l\u2019alliance unique de progressivit\u00e9, d\u2019agressivit\u00e9 et de beaut\u00e9 propre \u00e0 Soen. Avec Memorial, le groupe franchit un nouveau cap \u2013 et les nouveaux morceaux fonctionnent parfaitement sur sc\u00e8ne. Apr\u00e8s leur concert d\u2019octobre 2024 \u00e0 Pratteln, Plekvetica \u00e9crivait : \u00ab Soen ont livr\u00e9 une performance qui touche en plein c\u0153ur d\u00e8s le premier titre. L\u2019ouverture avec \u2018Sincere\u2019, accompagn\u00e9e d\u2019autres nouveaux morceaux, a plong\u00e9 le public dans une transe musicale propice \u00e0 la danse et au chant. \u00bb De son c\u00f4t\u00e9, diebuehrers.com concluait : \u00ab La salle bouillonnait d\u2019enthousiasme et le groupe a \u00e9t\u00e9 c\u00e9l\u00e9br\u00e9 comme il se doit. Soen ont une fois de plus prouv\u00e9 pourquoi ils comptent parmi les formations de prog metal les plus remarquables de notre \u00e9poque. Une soir\u00e9e inoubliable au Z7. \u00bb      <\/p>\n<p>Equilibrium :<br \/>En fusionnant un metal moderne et furieux avec des \u00e9l\u00e9ments de musique folk traditionnelle, le groupe allemand Equilibrium a cr\u00e9\u00e9 en pr\u00e8s de 25 ans un univers sonore unique, \u00e0 la fois entra\u00eenant et spirituellement exaltant. Sa long\u00e9vit\u00e9 s\u2019explique en grande partie par sa volont\u00e9 constante d\u2019\u00e9voluer, d\u2019explorer de nouveaux territoires sonores et de r\u00e9v\u00e9ler de nouvelles facettes \u00e0 chaque sortie. Au c\u0153ur de son identit\u00e9 demeure cependant un \u00e9l\u00e9ment constant : un metal brut, port\u00e9 par de vastes paysages sonores cin\u00e9matographiques couvrant tout le spectre des \u00e9motions humaines. Malgr\u00e9 une tonalit\u00e9 souvent sombre, la musique d\u2019Equilibrium v\u00e9hicule aussi des sentiments d\u2019espoir et de confiance. Anim\u00e9s par un feu \u00e9ternel, de grandes m\u00e9lodies, des refrains triomphants et une \u00e9nergie sombrement pulsante, ils livrent de puissantes hymnes d\u2019epic metal. Avec le titre \u00ab Gnosis \u00bb, publi\u00e9 \u00e0 l\u2019\u00e9t\u00e9 2024, le groupe a offert un premier aper\u00e7u de l\u2019album \u00e0 venir. Ren\u00e9 Berthiaume, membre fondateur, explique : \u00ab Nous avons travaill\u00e9 toute l\u2019ann\u00e9e derni\u00e8re sur de nouveaux morceaux pour Equilibrium. Nous avons d\u00fb aller tr\u00e8s en profondeur pour trouver les ingr\u00e9dients que nous voulons r\u00e9ellement utiliser pour notre prochain chapitre. Je pense que ces nouvelles chansons sont les plus organiques, les plus ancr\u00e9es, les plus \u00e9motionnelles et les plus \u00e9piques que nous ayons jamais \u00e9crites. \u00bb       <\/p>\n<p><strong>Iotunn :<\/strong><br \/>Le groupe dano-f\u00e9ro\u00efen Iotunn a publi\u00e9 en octobre 2024 son deuxi\u00e8me album longue dur\u00e9e, Kinship, un nouveau chef-d\u2019\u0153uvre de progressive melodic death metal. Monumental et surgissant comme des profondeurs primordiales, Kinship parvient m\u00eame \u00e0 surpasser le tr\u00e8s acclam\u00e9 premier album Access All Worlds. \u00c0 travers huit morceaux d\u2019inspiration mythologique, l\u2019album propose un voyage musical et lyrique s\u2019\u00e9tendant sur d\u2019immenses sph\u00e8res et explorant les racines profondes de la nature humaine. Les compositions d\u00e9montrent comment Iotunn \u00e9largissent leur univers sonore vers de nouveaux horizons sans jamais perdre le lien avec leur essence originelle. Une critique de Metal Hammer r\u00e9sume parfaitement l\u2019\u0153uvre : \u00ab \u00c0 la fois puissants et vuln\u00e9rables, Iotunn nous invitent avec Kinship dans un monde sonore qui se r\u00e9v\u00e8le rapidement comme une force colossale. Ce que le groupe accomplit sur ce deuxi\u00e8me album d\u00e9passe par moments les comp\u00e9tences d\u2019artistes chevronn\u00e9s. Autour d\u2019une base de progressive melodic death metal, ils tissent une \u00e9pop\u00e9e exigeante et brutale, alli\u00e9e \u00e0 une m\u00e9lodicit\u00e9 accessible \u2013 d\u00e8s la premi\u00e8re note de l\u2019ouverture \u2018Kinship Elegiac\u2019. \u00bb    <\/p>\n","protected":false},"excerpt":{"rendered":"<p>UN D\u00c9PART DANS UNE ATMOSPH\u00c8RE DE FIN DES TEMPS Pour les amateurs de metal intense et sans concession, l\u2019Ultima Ratio&hellip;<\/p>\n","protected":false},"author":2,"featured_media":1331,"template":"","meta":{"_acf_changed":false},"product_brand":[],"product_cat":[160],"product_tag":[164,113,136],"class_list":{"0":"post-5511","1":"product","2":"type-product","3":"status-publish","4":"has-post-thumbnail","6":"product_cat-event","7":"product_tag-black-death-metal","8":"product_tag-folk-fr","9":"product_tag-prog-fr","11":"first","12":"instock","13":"virtual","14":"product-type-simple"},"acf":[],"_links":{"self":[{"href":"https:\/\/z-7.ch\/fr\/wp-json\/wp\/v2\/product\/5511","targetHints":{"allow":["GET"]}}],"collection":[{"href":"https:\/\/z-7.ch\/fr\/wp-json\/wp\/v2\/product"}],"about":[{"href":"https:\/\/z-7.ch\/fr\/wp-json\/wp\/v2\/types\/product"}],"author":[{"embeddable":true,"href":"https:\/\/z-7.ch\/fr\/wp-json\/wp\/v2\/users\/2"}],"wp:featuredmedia":[{"embeddable":true,"href":"https:\/\/z-7.ch\/fr\/wp-json\/wp\/v2\/media\/1331"}],"wp:attachment":[{"href":"https:\/\/z-7.ch\/fr\/wp-json\/wp\/v2\/media?parent=5511"}],"wp:term":[{"taxonomy":"product_brand","embeddable":true,"href":"https:\/\/z-7.ch\/fr\/wp-json\/wp\/v2\/product_brand?post=5511"},{"taxonomy":"product_cat","embeddable":true,"href":"https:\/\/z-7.ch\/fr\/wp-json\/wp\/v2\/product_cat?post=5511"},{"taxonomy":"product_tag","embeddable":true,"href":"https:\/\/z-7.ch\/fr\/wp-json\/wp\/v2\/product_tag?post=5511"}],"curies":[{"name":"wp","href":"https:\/\/api.w.org\/{rel}","templated":true}]}}