{"id":5513,"date":"2025-03-05T10:00:23","date_gmt":"2025-03-05T09:00:23","guid":{"rendered":"https:\/\/z-7.chprodukt\/mr-hurley-und-die-pulveraffen\/"},"modified":"2026-02-16T15:27:31","modified_gmt":"2026-02-16T14:27:31","slug":"mr-hurley-und-die-pulveraffen","status":"publish","type":"product","link":"https:\/\/z-7.ch\/fr\/event\/mr-hurley-und-die-pulveraffen\/","title":{"rendered":"Mr. Hurley und die Pulveraffen"},"content":{"rendered":"<h3>MR. HURLEY &amp; DIE PULVERAFFEN \u2013 ANNUL\u00c9<b><br \/>\n<\/b><\/h3>\n<p>Malheureusement, nous avons de mauvaises nouvelles pour toi : Le concert de Mr. Hurley &amp; Die Pulveraffen du 09.11.2025 au Z7 doit malheureusement \u00eatre annul\u00e9 sans \u00eatre remplac\u00e9.<br \/>\nLes billets d\u00e9j\u00e0 achet\u00e9s peuvent \u00eatre rembours\u00e9s au point de vente o\u00f9 ils ont \u00e9t\u00e9 acquis.<\/p>\n<p><b>Communiqu\u00e9 du groupe :<\/b><br \/>\nChers fans des Pulveraffen,<br \/>\nC\u2019est le c\u0153ur lourd que nous devons vous annoncer l\u2019annulation de notre concert \u00e0 Pratteln le 9 novembre 2025.<\/p>\n<p>Cette fois-ci, la date du dimanche nous a pos\u00e9 probl\u00e8me \u2013 trop peu de billets ont \u00e9t\u00e9 vendus. Jouer le concert dans ces conditions entra\u00eenerait une perte financi\u00e8re importante pour nous, que nous ne pouvons malheureusement pas assumer. <\/p>\n<p>Un grand merci \u00e0 toutes celles et ceux qui avaient d\u00e9j\u00e0 achet\u00e9 des billets \u2013 vous pouvez bien entendu les retourner pour remboursement !<\/p>\n<p>Nous esp\u00e9rons faire la f\u00eate deux fois plus fort lors de notre prochain passage dans le nord de la Suisse !<\/p>\n<p><a class=\"button\" href=\"https:\/\/z-7.ch\/fr\/infos-pour-les-visiteurs\/#ticketrueckerstattung\">INFORMATIONS CONCERNANT LE REMBOURSEMENT DES BILLETS<\/a><\/p>\n","protected":false},"excerpt":{"rendered":"<p>MR. HURLEY &amp; DIE PULVERAFFEN \u2013 ANNUL\u00c9 Malheureusement, nous avons de mauvaises nouvelles pour toi : Le concert de Mr.&hellip;<\/p>\n","protected":false},"author":2,"featured_media":1261,"template":"","meta":{"_acf_changed":false},"product_brand":[],"product_cat":[160],"product_tag":[113],"class_list":{"0":"post-5513","1":"product","2":"type-product","3":"status-publish","4":"has-post-thumbnail","6":"product_cat-event","7":"product_tag-folk-fr","9":"first","10":"discontinued","11":"virtual","12":"product-type-simple"},"acf":[],"_links":{"self":[{"href":"https:\/\/z-7.ch\/fr\/wp-json\/wp\/v2\/product\/5513","targetHints":{"allow":["GET"]}}],"collection":[{"href":"https:\/\/z-7.ch\/fr\/wp-json\/wp\/v2\/product"}],"about":[{"href":"https:\/\/z-7.ch\/fr\/wp-json\/wp\/v2\/types\/product"}],"author":[{"embeddable":true,"href":"https:\/\/z-7.ch\/fr\/wp-json\/wp\/v2\/users\/2"}],"wp:featuredmedia":[{"embeddable":true,"href":"https:\/\/z-7.ch\/fr\/wp-json\/wp\/v2\/media\/1261"}],"wp:attachment":[{"href":"https:\/\/z-7.ch\/fr\/wp-json\/wp\/v2\/media?parent=5513"}],"wp:term":[{"taxonomy":"product_brand","embeddable":true,"href":"https:\/\/z-7.ch\/fr\/wp-json\/wp\/v2\/product_brand?post=5513"},{"taxonomy":"product_cat","embeddable":true,"href":"https:\/\/z-7.ch\/fr\/wp-json\/wp\/v2\/product_cat?post=5513"},{"taxonomy":"product_tag","embeddable":true,"href":"https:\/\/z-7.ch\/fr\/wp-json\/wp\/v2\/product_tag?post=5513"}],"curies":[{"name":"wp","href":"https:\/\/api.w.org\/{rel}","templated":true}]}}