{"id":5519,"date":"2025-02-22T10:00:27","date_gmt":"2025-02-22T09:00:27","guid":{"rendered":"https:\/\/z-7.chprodukt\/the-butcher-sisters\/"},"modified":"2026-02-16T15:29:46","modified_gmt":"2026-02-16T14:29:46","slug":"the-butcher-sisters","status":"publish","type":"product","link":"https:\/\/z-7.ch\/fr\/event\/the-butcher-sisters\/","title":{"rendered":"The Butcher Sisters"},"content":{"rendered":"<h3>DOSENBIER &amp; BAGGERSEE<b><br \/>\n<\/b><\/h3>\n<p><b>Ils sont bruyants, provocateurs et d\u00e9bordent d\u2019\u00e9nergie brute. Avec Das Wei\u00dfe Album, The Butcher Sisters ont d\u00e9marr\u00e9 l\u2019ann\u00e9e 2025 sur les chapeaux de roues, et leur m\u00e9lange crossover muscl\u00e9 de metal, hip-hop et d\u2019\u00e9l\u00e9ments \u00e9lectroniques s\u2019est directement hiss\u00e9 \u00e0 la 11\u1d49 place des charts allemands. Leurs morceaux ultra-brutaux transforment chaque concert en une f\u00eate d\u00e9cha\u00een\u00e9e.<br \/>  <\/b><\/p>\n<p>2024 a \u00e9t\u00e9 une ann\u00e9e exceptionnelle pour les sexy baristas du houblon que sont The Butcher Sisters. Apr\u00e8s une tourn\u00e9e en t\u00eate d\u2019affiche enti\u00e8rement sold-out avec Samurai Pizza Cats, ils ont encha\u00een\u00e9 avec des prestations tr\u00e8s remarqu\u00e9es sur des festivals renomm\u00e9s comme Full Force, Summerbreeze ou Reload. Et l\u2019ann\u00e9e 2025 a d\u00e9but\u00e9 de mani\u00e8re id\u00e9ale avec la sortie de leur troisi\u00e8me album studio, Das Wei\u00dfe Album. The Butcher Sisters est un groupe crossover allemand reconnu pour sa combinaison unique de metal, de hip-hop et d\u2019\u00e9l\u00e9ments \u00e9lectroniques. Fond\u00e9 en 2011, le groupe s\u2019est rapidement fait un nom sur la sc\u00e8ne musicale allemande en m\u00ealant riffs de guitare puissants, passages de rap agressifs et beats accrocheurs pour cr\u00e9er des titres percutants. Leur style cr\u00e9atif et leur attitude rebelle les distinguent clairement, et ils jouissent d\u00e9sormais d\u2019un v\u00e9ritable statut culte dans la sc\u00e8ne crossover. Leurs concerts survolt\u00e9s et leurs textes tant\u00f4t totalement absurdes, tant\u00f4t critiques et provocateurs attirent un public toujours plus large et invitent \u00e0 faire la f\u00eate sans retenue. Cet esprit festif se refl\u00e8te aussi dans le titre Dosenbier : \u00ab Gorg\u00e9e, gorg\u00e9e, gorg\u00e9e \u2013 bourr\u00e9 comme un seau ! Gorg\u00e9e, gorg\u00e9e, gorg\u00e9e \u2013 personne ne restera sobre ce soir ! \u00bb Interrog\u00e9s sur les concerts \u00e0 venir, les Butcher Sisters d\u00e9bordent d\u2019euphorie. Stroppo, star de TikTok et chanteur de TBS, r\u00e9pond simplement : \u00ab Cool \u00bb. MC Alex Bechtel rench\u00e9rit : \u00ab Moi aussi, je m\u2019en r\u00e9jouis \u00bb. Et les guitaristes Manuel et David confirment : \u00ab G\u00e9nial \u00bb. \u00c7a promet !            <\/p>\n","protected":false},"excerpt":{"rendered":"<p>DOSENBIER &amp; BAGGERSEE Ils sont bruyants, provocateurs et d\u00e9bordent d\u2019\u00e9nergie brute. Avec Das Wei\u00dfe Album, The Butcher Sisters ont d\u00e9marr\u00e9&hellip;<\/p>\n","protected":false},"author":2,"featured_media":1229,"template":"","meta":{"_acf_changed":false},"product_brand":[],"product_cat":[160],"product_tag":[220,205,209,172],"class_list":{"0":"post-5519","1":"product","2":"type-product","3":"status-publish","4":"has-post-thumbnail","6":"product_cat-event","7":"product_tag-hardcore","8":"product_tag-hip-hop","9":"product_tag-metalcore","10":"product_tag-rap","12":"first","13":"instock","14":"virtual","15":"product-type-simple"},"acf":[],"_links":{"self":[{"href":"https:\/\/z-7.ch\/fr\/wp-json\/wp\/v2\/product\/5519","targetHints":{"allow":["GET"]}}],"collection":[{"href":"https:\/\/z-7.ch\/fr\/wp-json\/wp\/v2\/product"}],"about":[{"href":"https:\/\/z-7.ch\/fr\/wp-json\/wp\/v2\/types\/product"}],"author":[{"embeddable":true,"href":"https:\/\/z-7.ch\/fr\/wp-json\/wp\/v2\/users\/2"}],"wp:featuredmedia":[{"embeddable":true,"href":"https:\/\/z-7.ch\/fr\/wp-json\/wp\/v2\/media\/1229"}],"wp:attachment":[{"href":"https:\/\/z-7.ch\/fr\/wp-json\/wp\/v2\/media?parent=5519"}],"wp:term":[{"taxonomy":"product_brand","embeddable":true,"href":"https:\/\/z-7.ch\/fr\/wp-json\/wp\/v2\/product_brand?post=5519"},{"taxonomy":"product_cat","embeddable":true,"href":"https:\/\/z-7.ch\/fr\/wp-json\/wp\/v2\/product_cat?post=5519"},{"taxonomy":"product_tag","embeddable":true,"href":"https:\/\/z-7.ch\/fr\/wp-json\/wp\/v2\/product_tag?post=5519"}],"curies":[{"name":"wp","href":"https:\/\/api.w.org\/{rel}","templated":true}]}}