{"id":5520,"date":"2025-02-21T10:00:15","date_gmt":"2025-02-21T09:00:15","guid":{"rendered":"https:\/\/z-7.chprodukt\/lafee\/"},"modified":"2026-02-16T15:30:39","modified_gmt":"2026-02-16T14:30:39","slug":"lafee","status":"publish","type":"product","link":"https:\/\/z-7.ch\/fr\/event\/lafee\/","title":{"rendered":"LaFee"},"content":{"rendered":"<h3>RETROUVAILLES FAMILIALES PLEINES D\u2019\u00c9MOTION<\/h3>\n<p data-start=\"68\" data-end=\"607\"><strong>En d\u00e9cembre 2024, LaFee est enfin revenue \u00e0 Pratteln apr\u00e8s 15 ans d\u2019absence, dans le cadre de sa Kriegerin Tour. Fans et critiques ont \u00e9t\u00e9 conquis. La plateforme dieb\u00fcehrers.com \u00e9crivait : \u00ab LaFee a impressionn\u00e9 par son \u00e9nergie, son authenticit\u00e9 et sa proximit\u00e9 avec le public. Des beats pop puissants, des riffs de guitare et des ballades pleines d\u2019\u00e9motion ont transform\u00e9 la soir\u00e9e en un v\u00e9ritable voyage musical. \u00bb La chanteuse est de retour en pleine forme et a laiss\u00e9 derri\u00e8re elle des visages rayonnants. En octobre 2025, elle reviendra \u00e0 Pratteln avec ses plus grands succ\u00e8s et de nouvelles chansons.<br \/>    <\/strong><\/p>\n<p data-start=\"609\" data-end=\"1034\">LaFee s\u2019est fait conna\u00eetre en 2006 avec son album debut et des titres comme Virus ou Prinzesschen. Son deuxi\u00e8me album Jetzt erst recht abordait le courage ainsi que des th\u00e8mes difficiles tels que le harc\u00e8lement ou les probl\u00e8mes psychiques \u2013 et reste \u00e0 ce jour son plus grand succ\u00e8s. Avec Ring frei et Frei, elle a affirm\u00e9 son image de voix forte pour toute une g\u00e9n\u00e9ration de jeunes femmes. Plus d\u2019un million de disques vendus ont fait d\u2019elle l\u2019une des plus grandes idoles adolescentes des ann\u00e9es 2000.   <\/p>\n<p data-start=\"1036\" data-end=\"1449\" data-is-last-node=\"\" data-is-only-node=\"\">Par la suite, elle s\u2019est tourn\u00e9e vers le cin\u00e9ma, le travail de jury et la com\u00e9die musicale, tout en continuant \u00e0 publier de la musique. En 2021 est sorti l\u2019album Zur\u00fcck in die Zukunft. En 2024, elle est revenue sur sc\u00e8ne avec une tourn\u00e9e. \u00ab Cette tourn\u00e9e \u00e9tait pleine d\u2019\u00e9motion et d\u2019amour \u00bb, \u00e9crivait-elle en f\u00e9vrier 2025. Les fans suisses pourront la retrouver en octobre \u00e0 Pratteln \u2013 avec de nouveaux titres comme Kriegerin.    <\/p>\n<p><a class=\"button\" href=\"https:\/\/www.reservix.de\/p\/reservix\/event\/2381886?\" target=\"_blank\" rel=\"noopener\">UPGRADES VIP DISPONIBLES ICI<\/a><\/p>\n","protected":false},"excerpt":{"rendered":"<p>RETROUVAILLES FAMILIALES PLEINES D\u2019\u00c9MOTION En d\u00e9cembre 2024, LaFee est enfin revenue \u00e0 Pratteln apr\u00e8s 15 ans d\u2019absence, dans le cadre&hellip;<\/p>\n","protected":false},"author":2,"featured_media":1267,"template":"","meta":{"_acf_changed":false},"product_brand":[],"product_cat":[160],"product_tag":[104],"class_list":{"0":"post-5520","1":"product","2":"type-product","3":"status-publish","4":"has-post-thumbnail","6":"product_cat-event","7":"product_tag-pop-fr","9":"first","10":"instock","11":"virtual","12":"product-type-simple"},"acf":[],"_links":{"self":[{"href":"https:\/\/z-7.ch\/fr\/wp-json\/wp\/v2\/product\/5520","targetHints":{"allow":["GET"]}}],"collection":[{"href":"https:\/\/z-7.ch\/fr\/wp-json\/wp\/v2\/product"}],"about":[{"href":"https:\/\/z-7.ch\/fr\/wp-json\/wp\/v2\/types\/product"}],"author":[{"embeddable":true,"href":"https:\/\/z-7.ch\/fr\/wp-json\/wp\/v2\/users\/2"}],"wp:featuredmedia":[{"embeddable":true,"href":"https:\/\/z-7.ch\/fr\/wp-json\/wp\/v2\/media\/1267"}],"wp:attachment":[{"href":"https:\/\/z-7.ch\/fr\/wp-json\/wp\/v2\/media?parent=5520"}],"wp:term":[{"taxonomy":"product_brand","embeddable":true,"href":"https:\/\/z-7.ch\/fr\/wp-json\/wp\/v2\/product_brand?post=5520"},{"taxonomy":"product_cat","embeddable":true,"href":"https:\/\/z-7.ch\/fr\/wp-json\/wp\/v2\/product_cat?post=5520"},{"taxonomy":"product_tag","embeddable":true,"href":"https:\/\/z-7.ch\/fr\/wp-json\/wp\/v2\/product_tag?post=5520"}],"curies":[{"name":"wp","href":"https:\/\/api.w.org\/{rel}","templated":true}]}}