{"id":5522,"date":"2025-02-18T10:00:02","date_gmt":"2025-02-18T09:00:02","guid":{"rendered":"https:\/\/z-7.chprodukt\/pendragon\/"},"modified":"2025-02-18T10:00:02","modified_gmt":"2025-02-18T09:00:02","slug":"pendragon","status":"publish","type":"product","link":"https:\/\/z-7.ch\/fr\/event\/pendragon\/","title":{"rendered":"Pendragon"},"content":{"rendered":"<h3>UN MAGNIFIQUE NOUVEAU MONDE DU PROG<\/h3>\n<p><strong>Pendragon, les rois non couronn\u00e9s du neo-prog m\u00e9lodique, partiront en tourn\u00e9e europ\u00e9enne en septembre pour quelques dates soigneusement s\u00e9lectionn\u00e9es. Une halte \u00e0 Pratteln s\u2019impose \u00e9videmment. Cette ann\u00e9e, le groupe men\u00e9 par le mastermind Nick Barrett pr\u00e9sentera une s\u00e9lection de morceaux embl\u00e9matiques issus de son riche catalogue, ainsi que l\u2019album The World interpr\u00e9t\u00e9 dans son int\u00e9gralit\u00e9. Une occasion id\u00e9ale de replonger dans l\u2019univers prog-rock onirique et envo\u00fbtant de Pendragon.<br \/>   <\/strong><\/p>\n<p>Pendragon reviennent cette ann\u00e9e \u00e0 Pratteln avec un disque tr\u00e8s particulier dans leurs bagages. Le longplayer The World, sorti en 1991, a marqu\u00e9 une \u00e9tape capitale dans la carri\u00e8re du groupe, puisqu\u2019il a d\u00e9fini le son de Pendragon pour les dix ann\u00e9es suivantes (c\u2019est-\u00e0-dire trois albums suppl\u00e9mentaires et deux EPs). En plus de ce chef-d\u2019\u0153uvre de 1991, le public pourra savourer d\u2019autres perles, classiques et favoris des fans issus du formidable r\u00e9pertoire de Pendragon. D\u2019exp\u00e9rience, leurs concerts d\u00e9passent largement les deux heures. Apr\u00e8s la derni\u00e8re visite du groupe au Z7 en mai 2024, nos amis de diebuehrers.com \u00e9crivaient : \u00ab Chacun des morceaux interpr\u00e9t\u00e9s a \u00e9t\u00e9 litt\u00e9ralement absorb\u00e9 et visiblement savour\u00e9 par le public. Nick Barrett ponctuait r\u00e9guli\u00e8rement les titres d\u2019anecdotes pour les introduire. La setlist promettait une tr\u00e8s longue soir\u00e9e, les morceaux de Pendragon durant en moyenne environ huit minutes. Au final, ce furent pr\u00e8s de deux heures et demie de pur plaisir musical. Un \u00e9v\u00e9nement exceptionnel pour les fans de rock progressif, qui n\u2019a laiss\u00e9 aucun souhait inassouvi. \u00bb    <\/p>\n<p>Concernant l\u2019histoire du groupe : Fond\u00e9 en 1978 par le mastermind Nick Barrett dans le comt\u00e9 anglais du Gloucestershire, Pendragon ont connu leurs premiers succ\u00e8s lorsque leur manager de l\u2019\u00e9poque a programm\u00e9 le jeune groupe Marillion pour une tourn\u00e9e commune en 1982. Les deux formations s\u2019entendaient \u00e0 merveille et d\u2019autres tourn\u00e9es ont suivi, permettant \u00e0 Pendragon d\u2019\u00e9largir progressivement leur base de fans dans le sillage de l\u2019ascension fulgurante de Marillion. En 1983, ils ont jou\u00e9 devant plus de 30\u2019000 spectateurs enthousiastes au l\u00e9gendaire Reading Festival et enregistr\u00e9 une session pour la c\u00e9l\u00e8bre \u00e9mission de radio de la BBC Tommy Vance\u2019s Rock Show. Parmi les autres jalons importants figurent la cr\u00e9ation de leur propre label Toff Records en 1987 ainsi que la sortie de l\u2019album The Masquerade Overture en 1996, dont plus de 90\u2019000 exemplaires ont \u00e9t\u00e9 vendus. Au fil des ann\u00e9es, Pendragon ont consolid\u00e9 leur position comme l\u2019un des groupes majeurs du rock progressif britannique gr\u00e2ce \u00e0 des sorties toujours d\u2019une qualit\u00e9 irr\u00e9prochable. Ils ont tourn\u00e9 r\u00e9guli\u00e8rement \u00e0 travers le monde, jusqu\u2019en Am\u00e9rique du Sud, aux \u00c9tats-Unis, au Canada et au Japon, et se sont produits devant des salles combles.     <\/p>\n","protected":false},"excerpt":{"rendered":"<p>UN MAGNIFIQUE NOUVEAU MONDE DU PROG Pendragon, les rois non couronn\u00e9s du neo-prog m\u00e9lodique, partiront en tourn\u00e9e europ\u00e9enne en septembre&hellip;<\/p>\n","protected":false},"author":2,"featured_media":1337,"template":"","meta":{"_acf_changed":false},"product_brand":[],"product_cat":[160],"product_tag":[],"class_list":{"0":"post-5522","1":"product","2":"type-product","3":"status-publish","4":"has-post-thumbnail","6":"product_cat-event","8":"first","9":"instock","10":"virtual","11":"product-type-simple"},"acf":[],"_links":{"self":[{"href":"https:\/\/z-7.ch\/fr\/wp-json\/wp\/v2\/product\/5522","targetHints":{"allow":["GET"]}}],"collection":[{"href":"https:\/\/z-7.ch\/fr\/wp-json\/wp\/v2\/product"}],"about":[{"href":"https:\/\/z-7.ch\/fr\/wp-json\/wp\/v2\/types\/product"}],"author":[{"embeddable":true,"href":"https:\/\/z-7.ch\/fr\/wp-json\/wp\/v2\/users\/2"}],"wp:featuredmedia":[{"embeddable":true,"href":"https:\/\/z-7.ch\/fr\/wp-json\/wp\/v2\/media\/1337"}],"wp:attachment":[{"href":"https:\/\/z-7.ch\/fr\/wp-json\/wp\/v2\/media?parent=5522"}],"wp:term":[{"taxonomy":"product_brand","embeddable":true,"href":"https:\/\/z-7.ch\/fr\/wp-json\/wp\/v2\/product_brand?post=5522"},{"taxonomy":"product_cat","embeddable":true,"href":"https:\/\/z-7.ch\/fr\/wp-json\/wp\/v2\/product_cat?post=5522"},{"taxonomy":"product_tag","embeddable":true,"href":"https:\/\/z-7.ch\/fr\/wp-json\/wp\/v2\/product_tag?post=5522"}],"curies":[{"name":"wp","href":"https:\/\/api.w.org\/{rel}","templated":true}]}}