{"id":5525,"date":"2025-02-17T10:00:22","date_gmt":"2025-02-17T09:00:22","guid":{"rendered":"https:\/\/z-7.chprodukt\/battle-beast\/"},"modified":"2026-02-16T15:31:36","modified_gmt":"2026-02-16T14:31:36","slug":"battle-beast","status":"publish","type":"product","link":"https:\/\/z-7.ch\/fr\/event\/battle-beast\/","title":{"rendered":"Battle Beast"},"content":{"rendered":"<h3>YEAR OF THE BEAST<b><br \/>\n<\/b><\/h3>\n<p><b>L\u2019ann\u00e9e 2025 s\u2019annonce comme un v\u00e9ritable festin pour les fans de Battle Beast : de nouveaux morceaux pour un album studio sont en pr\u00e9paration, le premier album live sortira au printemps, les sc\u00e8nes de festivals seront en feu tout l\u2019\u00e9t\u00e9 et l\u2019ann\u00e9e se terminera par une tourn\u00e9e en salles. Il va donc de soi que la redoutable machine power metal finlandaise fera \u00e0 nouveau escale au Z7. En premi\u00e8re partie, le public pourra d\u00e9couvrir le zombie metal taill\u00e9 pour les charts de Dominum ainsi que le power metal symphonique venu de Su\u00e8de avec Majestica.<br \/>  <\/b><\/p>\n<p>Rien ne semble pouvoir arr\u00eater Battle Beast. Avec leurs hymnes accrocheurs remplis de riffs incisifs et la puissance vocale incomparable de Noora Louhimo, les Finlandais sont devenus l\u2019un des visages embl\u00e9matiques du heavy metal moderne. Avec l\u2019excellent album Circus Of Doom, Noora et son groupe ont livr\u00e9 en janvier 2022 une impressionnante collection d\u2019hymnes power metal \u00e0 forte touche pop, atteignant de nouveaux sommets dans les charts europ\u00e9ens. Ils ont ensuite fait trembler les sc\u00e8nes du monde entier pendant plus de deux ans. Apr\u00e8s cette tourn\u00e9e \u00e0 succ\u00e8s quasi ininterrompue, 2025 s\u2019annonce une nouvelle fois tr\u00e8s charg\u00e9. Le 11 avril sortira l\u2019album live Circus Of Doom \u2013 Live In Helsinki 2023, enregistr\u00e9 devant 3\u2019000 fans en d\u00e9lire au Helsinki Ice Hall et capturant toute l\u2019\u00e9nergie brute d\u2019un concert de Battle Beast. \u00ab Notre concert de retour \u00e0 la maison restera d\u00e9finitivement dans les annales \u00bb, explique le bassiste Eero Sipil\u00e4. \u00ab Apr\u00e8s les innombrables retards li\u00e9s au Covid, avec nos amis les plus proches dans le public et la plus grande production sc\u00e9nique de notre histoire, cette soir\u00e9e a \u00e9t\u00e9 une v\u00e9ritable c\u00e9l\u00e9bration de la musique live et de la vie elle-m\u00eame. \u00bb Pr\u00e8s de vingt ans apr\u00e8s leurs d\u00e9buts, avec six albums, plus de 300 millions de streams, quatre albums num\u00e9ro un cons\u00e9cutifs et la formation la plus forte de leur carri\u00e8re, le moment est venu pour Battle Beast de proposer un v\u00e9ritable album live. Mais ce n\u2019est pas tout : Noora, Janne, Joona, Juuso, Eero et Pyry travaillent d\u00e9j\u00e0 sur un nouveau chapitre encore plus excitant de leur \u00e9pop\u00e9e. Dans une interview accord\u00e9e \u00e0 Chaoszine en mai 2024, Noora \u00e9voquait l\u2019avancement du successeur de Circus Of Doom : \u00ab J\u2019ai d\u00e9j\u00e0 enregistr\u00e9 les premi\u00e8res d\u00e9mos vocales et, comme toujours lorsque nous sommes en tourn\u00e9e, nous avons fait quelques sessions d\u2019\u00e9criture. \u00bb Autant dire que l\u2019attente est grande jusqu\u2019au 6 d\u00e9cembre. Une chose est d\u2019ores et d\u00e9j\u00e0 certaine : avec leur r\u00e9pertoire riche en hits, la pr\u00e9sence sc\u00e9nique contagieuse de Noora et la puissance live ph\u00e9nom\u00e9nale de tout le groupe, chaque concert de Battle Beast est une v\u00e9ritable f\u00eate pour les fans.             <\/p>\n","protected":false},"excerpt":{"rendered":"<p>YEAR OF THE BEAST L\u2019ann\u00e9e 2025 s\u2019annonce comme un v\u00e9ritable festin pour les fans de Battle Beast : de nouveaux&hellip;<\/p>\n","protected":false},"author":2,"featured_media":1245,"template":"","meta":{"_acf_changed":false},"product_brand":[],"product_cat":[160],"product_tag":[103,169],"class_list":{"0":"post-5525","1":"product","2":"type-product","3":"status-publish","4":"has-post-thumbnail","6":"product_cat-event","7":"product_tag-heavy-metal-fr","8":"product_tag-power-metal","10":"first","11":"instock","12":"virtual","13":"product-type-simple"},"acf":[],"_links":{"self":[{"href":"https:\/\/z-7.ch\/fr\/wp-json\/wp\/v2\/product\/5525","targetHints":{"allow":["GET"]}}],"collection":[{"href":"https:\/\/z-7.ch\/fr\/wp-json\/wp\/v2\/product"}],"about":[{"href":"https:\/\/z-7.ch\/fr\/wp-json\/wp\/v2\/types\/product"}],"author":[{"embeddable":true,"href":"https:\/\/z-7.ch\/fr\/wp-json\/wp\/v2\/users\/2"}],"wp:featuredmedia":[{"embeddable":true,"href":"https:\/\/z-7.ch\/fr\/wp-json\/wp\/v2\/media\/1245"}],"wp:attachment":[{"href":"https:\/\/z-7.ch\/fr\/wp-json\/wp\/v2\/media?parent=5525"}],"wp:term":[{"taxonomy":"product_brand","embeddable":true,"href":"https:\/\/z-7.ch\/fr\/wp-json\/wp\/v2\/product_brand?post=5525"},{"taxonomy":"product_cat","embeddable":true,"href":"https:\/\/z-7.ch\/fr\/wp-json\/wp\/v2\/product_cat?post=5525"},{"taxonomy":"product_tag","embeddable":true,"href":"https:\/\/z-7.ch\/fr\/wp-json\/wp\/v2\/product_tag?post=5525"}],"curies":[{"name":"wp","href":"https:\/\/api.w.org\/{rel}","templated":true}]}}