{"id":5533,"date":"2025-01-31T10:00:19","date_gmt":"2025-01-31T09:00:19","guid":{"rendered":"https:\/\/z-7.chprodukt\/eisheilige-nacht-2025\/"},"modified":"2026-02-16T15:33:24","modified_gmt":"2026-02-16T14:33:24","slug":"eisheilige-nacht-2025","status":"publish","type":"product","link":"https:\/\/z-7.ch\/fr\/event\/eisheilige-nacht-2025\/","title":{"rendered":"Eisheilige Nacht 2025"},"content":{"rendered":"<h3>EISHEILIGE NACHT 2025 : VOLEURS ET FOUS<b><br \/>\n<\/b><\/h3>\n<p><b>C\u2019est une tradition ch\u00e8re aux fans : Subway To Sally concluent chaque ann\u00e9e de concerts avec l\u2019Eisheilige Nacht. En 2025, le septuor de Potsdam invite une nouvelle fois le public \u00e0 une tourn\u00e9e comprenant neuf dates en Allemagne et un concert exclusif en Suisse. Aux c\u00f4t\u00e9s des co-headliners Schandmaul, des v\u00e9ritables faiseurs d\u2019ambiance Haggefugg et de la sensation montante Kupfergold, l\u2019Eisheilige Nacht 2025 promet une fois de plus un feu d\u2019artifice musical. L\u2019atmosph\u00e8re recueillie et contemplative de l\u2019Avent laisse place en un clin d\u2019\u0153il \u00e0 une ambiance festive et d\u00e9brid\u00e9e. Aucun \u0153il \u2013 et surtout aucune gorge \u2013 ne restera sec. D\u2019autant plus que nous c\u00e9l\u00e9brons aussi un chiffre symbolique : 33 ans de Subway To Sally. Sant\u00e9 !<br \/>     <\/b><\/p>\n<p>Depuis des ann\u00e9es, Subway To Sally comptent parmi les figures de proue de la sc\u00e8ne folk metal allemande. Fond\u00e9 en 1992, le septuor de Potsdam s\u2019est tr\u00e8s rapidement constitu\u00e9 une base de fans fid\u00e8le gr\u00e2ce \u00e0 d\u2019innombrables concerts et \u00e0 des albums marquants. Aujourd\u2019hui, les sept musiciens enthousiasment r\u00e9guli\u00e8rement des dizaines de milliers de fans dans tout l\u2019espace germanophone. La marque de fabrique du groupe r\u00e9side dans son m\u00e9lange de rock et de metal enrichi de m\u00e9lodies et d\u2019instruments m\u00e9di\u00e9vaux, qui lui conf\u00e8rent un charme tout \u00e0 fait unique. Avec leur dernier album studio Post Mortem, paru en d\u00e9cembre 2024, Subway To Sally ont brillamment prouv\u00e9 que ceux qu\u2019on disait finis vivent souvent plus longtemps. Son pr\u00e9d\u00e9cesseur Himmelfahrt devait en r\u00e9alit\u00e9, selon un plan tenu secret, \u00eatre le dernier album d\u2019une carri\u00e8re de plus de trente ans. Mais les choses ont pris une autre tournure. La sortie de Post Mortem a d\u00e9clench\u00e9 une nouvelle l\u00e9g\u00e8ret\u00e9 et un enthousiasme communicatif, perceptibles pour toutes les personnes impliqu\u00e9es. Une fois de plus, Subway To Sally ont touch\u00e9 juste avec leur musique. Les r\u00e9actions ont \u00e9t\u00e9 impressionnantes : l\u2019album s\u2019est hiss\u00e9 dans le Top 10 des charts et, apr\u00e8s une tourn\u00e9e largement sold-out, il est apparu clairement que ce 14\u1d49 album ne pouvait pas \u00eatre le dernier chapitre. Nous nous r\u00e9jouissons donc d\u2019ores et d\u00e9j\u00e0 de la prochaine Eisheilige Nacht au Z7, lorsque Subway To Sally monteront sur sc\u00e8ne avec un m\u00e9lange puissant de classiques et de titres de leur album actuel acclam\u00e9, prouvant une fois encore pourquoi ils sont consid\u00e9r\u00e9s depuis des d\u00e9cennies comme une v\u00e9ritable institution du folk metal. L\u2019Eisheilige Nacht 2025 promet bien plus qu\u2019un simple concert : ce sera une f\u00eate des sens, des retrouvailles entre amis et un final d\u2019ann\u00e9e furieux. Larguez les amarres et cap sur une exp\u00e9rience de concert inoubliable avec voleurs et fous.            <\/p>\n<p><strong>Schandmaul :<\/strong> \u00ab Avec une grande joie et beaucoup de respect \u00bb, les h\u00f4tes Subway To Sally accueillent cette ann\u00e9e les joyeux m\u00e9nestrels de Schandmaul en tant que co-headliners de l\u2019Eisheilige Nacht. Les ma\u00eetres munichois du folk rock s\u00e9duiront une nouvelle fois le public avec leur m\u00e9lange incomparable de rock classique et d\u2019instruments m\u00e9di\u00e9vaux. Apr\u00e8s une p\u00e9riode difficile de leur histoire, durant laquelle le chanteur Thomas Lindner a d\u00fb se retirer \u00e0 la suite d\u2019un diagnostic de cancer, Schandmaul sont revenus sur sc\u00e8ne en 2024 avec leur frontman, port\u00e9s par une passion et une \u00e9nergie renouvel\u00e9es. Dans l\u2019univers du rock m\u00e9di\u00e9val, Schandmaul sont un peu l\u2019\u00e9quivalent d\u2019une grande \u00e9mission du samedi soir : un succ\u00e8s durable depuis 27 ans, riche en rituels, en moments forts et men\u00e9 par un entertainer libre et charismatique. Le groupe propose un spectacle pour toute la famille \u2013 jeune punk, fan de folk, gothique ou vieux rockeur, tout le monde se sent \u00e0 sa place aupr\u00e8s de la formation dirig\u00e9e par le ma\u00eetre de c\u00e9r\u00e9monie Lindner. Leurs concerts sont de v\u00e9ritables garanties de divertissement live entra\u00eenant et de tr\u00e8s haut niveau. Et m\u00eame apr\u00e8s pr\u00e8s de trois d\u00e9cennies, les shows de Schandmaul restent pleins de surprises. Remplis de folk joyeux, de rock tonitruant et de sonorit\u00e9s m\u00e9di\u00e9vales magiques, tout s\u2019assemble ici naturellement. Le public et le groupe ne font plus qu\u2019un, cr\u00e9ant des moments inoubliables. Nous nous r\u00e9jouissons de revoir Schandmaul et sommes convaincus qu\u2019avec leurs nombreux hits et leurs nouveaux br\u00fblots, ils feront de l\u2019Eisheilige Nacht 2025 un moment phare de cette s\u00e9rie de concerts annuelle tant appr\u00e9ci\u00e9e.         <\/p>\n<p><strong>Kupfergold :<\/strong> Sur leur site, ils se d\u00e9crivent comme \u00ab polis et modestes, aimables et bien \u00e9lev\u00e9s \u00bb et sont consid\u00e9r\u00e9s comme \u00ab le truc le plus chaud de la sc\u00e8ne m\u00e9di\u00e9vale \u00bb : Bonnie Banks, Eric Rhymes, Bummbummbasti et Kai der Hai, alias Kupfergold, sont la sensation newcomer absolue du genre. Avec des m\u00e9lodies accrocheuses, une pr\u00e9sence sc\u00e9nique charismatique et une bonne dose d\u2019humour, ces Rh\u00e9nans ont conquis le c\u0153ur des fans en un rien de temps. Gr\u00e2ce \u00e0 des apparitions r\u00e9guli\u00e8res sur la sc\u00e8ne m\u00e9di\u00e9vale et du jeu de r\u00f4le en Allemagne, ainsi qu\u2019\u00e0 des concerts en ligne, la notori\u00e9t\u00e9 du groupe fond\u00e9 en 2018 n\u2019a cess\u00e9 de cro\u00eetre. Leur deuxi\u00e8me album Lichtermeer (2024) a \u00e9t\u00e9 suivi par leur premi\u00e8re tourn\u00e9e en t\u00eate d\u2019affiche, ainsi que par des concerts estivaux au Wacken Open Air, au Summerbreeze et sur d\u2019autres grands festivals rock. Le nom du groupe fait r\u00e9f\u00e9rence aux couleurs de cheveux de Bonnie et Eric, qui se produisaient d\u00e9j\u00e0 en duo sous ce nom d\u00e8s 2010 et composaient leurs premi\u00e8res chansons. Musicalement, Kupfergold se situent quelque part entre folk rock et folk pop \u2013 un style que le groupe lui-m\u00eame d\u00e9crit affectueusement comme \u00ab Assi-Folk \u00bb. Le public peut en tout cas s\u2019attendre \u00e0 un show o\u00f9 le groupe se pr\u00e9sentera dans toute sa diversit\u00e9. En clair : \u00ab Plus de f\u00eate, plus de drame, plus de b\u00eatises \u2013 bref : plus de Kupfergold. \u00bb       <\/p>\n<p><strong>Haggefugg :<\/strong> \u00ab Nous sommes Haggefugg, et quand nous faisons la f\u00eate, tu es invit\u00e9 ! Nous sommes connus dans tout le pays pour nos concerts d\u00e9brid\u00e9s, un vent de fra\u00eecheur dans la sc\u00e8ne du rock m\u00e9di\u00e9val et un optimisme in\u00e9puisable \u00bb, peut-on lire sur le site du groupe. Les faiseurs d\u2019ambiance venus de Rh\u00e9nanie apportent une atmosph\u00e8re de march\u00e9 m\u00e9di\u00e9val parfaite dans les salles de concert gr\u00e2ce \u00e0 leurs interventions caract\u00e9ristiques de cornemuse et \u00e0 leurs titres feel-good. Avec leur interpr\u00e9tation anim\u00e9e du rock m\u00e9di\u00e9val, ils cr\u00e9ent une ambiance festive et un plaisir incomparable. \u00ab Dix ans d\u2019Unfugg \u00bb est le slogan de la tourn\u00e9e de la formation fond\u00e9e \u00e0 Cologne en 2015. \u00c0 propos de leur album actuel Tanz und Gloria, une critique de Metal.de \u00e9crivait : \u00ab Tanz Und Gloria repose sur une production solide, et la joie de jouer ainsi que la puissance du groupe se transmettent rapidement \u00e0 l\u2019auditeur. Le nom est ici tout un programme : la musique fait en sorte que personne ne reste immobile bien longtemps. Sur Tanz Und Gloria, Haggefugg pr\u00e9sentent un rock constamment bien jou\u00e9, relev\u00e9 de sonorit\u00e9s de cornemuse. \u00bb Les fans de Saltatio Mortis y trouveront \u00e0 coup s\u00fbr leur bonheur.<\/p>\n<p>     <\/p>\n","protected":false},"excerpt":{"rendered":"<p>EISHEILIGE NACHT 2025 : VOLEURS ET FOUS C\u2019est une tradition ch\u00e8re aux fans : Subway To Sally concluent chaque ann\u00e9e&hellip;<\/p>\n","protected":false},"author":2,"featured_media":1241,"template":"","meta":{"_acf_changed":false},"product_brand":[],"product_cat":[160],"product_tag":[113,167],"class_list":{"0":"post-5533","1":"product","2":"type-product","3":"status-publish","4":"has-post-thumbnail","6":"product_cat-event","7":"product_tag-folk-fr","8":"product_tag-mittelalter","10":"first","11":"instock","12":"virtual","13":"product-type-simple"},"acf":[],"_links":{"self":[{"href":"https:\/\/z-7.ch\/fr\/wp-json\/wp\/v2\/product\/5533","targetHints":{"allow":["GET"]}}],"collection":[{"href":"https:\/\/z-7.ch\/fr\/wp-json\/wp\/v2\/product"}],"about":[{"href":"https:\/\/z-7.ch\/fr\/wp-json\/wp\/v2\/types\/product"}],"author":[{"embeddable":true,"href":"https:\/\/z-7.ch\/fr\/wp-json\/wp\/v2\/users\/2"}],"wp:featuredmedia":[{"embeddable":true,"href":"https:\/\/z-7.ch\/fr\/wp-json\/wp\/v2\/media\/1241"}],"wp:attachment":[{"href":"https:\/\/z-7.ch\/fr\/wp-json\/wp\/v2\/media?parent=5533"}],"wp:term":[{"taxonomy":"product_brand","embeddable":true,"href":"https:\/\/z-7.ch\/fr\/wp-json\/wp\/v2\/product_brand?post=5533"},{"taxonomy":"product_cat","embeddable":true,"href":"https:\/\/z-7.ch\/fr\/wp-json\/wp\/v2\/product_cat?post=5533"},{"taxonomy":"product_tag","embeddable":true,"href":"https:\/\/z-7.ch\/fr\/wp-json\/wp\/v2\/product_tag?post=5533"}],"curies":[{"name":"wp","href":"https:\/\/api.w.org\/{rel}","templated":true}]}}