{"id":5534,"date":"2025-01-24T10:00:43","date_gmt":"2025-01-24T09:00:43","guid":{"rendered":"https:\/\/z-7.chprodukt\/die-krupps\/"},"modified":"2026-02-16T15:34:10","modified_gmt":"2026-02-16T14:34:10","slug":"die-krupps","status":"publish","type":"product","link":"https:\/\/z-7.ch\/fr\/event\/die-krupps\/","title":{"rendered":"Die Krupps"},"content":{"rendered":"<h3>PIONNIERS DE L\u2019INDUSTRIAL : 45 ANS DE DIE KRUPPS<\/h3>\n<p><strong>Ils sont consid\u00e9r\u00e9s comme les inventeurs de l\u2019industrial metal et repoussent sans cesse les limites de la musique \u00e9lectronique dure depuis le d\u00e9but des ann\u00e9es 1980. Leur m\u00e9lange unique de beats EBM martel\u00e9s, de riffs de guitare m\u00e9talliques et de textes socialement engag\u00e9s a fait de Die Krupps une ic\u00f4ne de la sc\u00e8ne industrial et electro. En septembre 2025, la formation l\u00e9gendaire fera halte \u00e0 Pratteln, accompagn\u00e9e d\u2019Erdling et de Johnny Tupolev en premi\u00e8re partie.<br \/>  <\/strong><\/p>\n<p>\u00c0 l\u2019\u00e9chelle internationale, les critiques placent Die Krupps aux c\u00f4t\u00e9s de Kraftwerk et de Einst\u00fcrzende Neubauten parmi les pionniers des genres EBM et industrial. Des groupes comme Front 242 et Nitzer Ebb les citent comme source d\u2019inspiration, et leurs id\u00e9es musicales ont influenc\u00e9 un spectre extr\u00eamement large \u2013 de Depeche Mode jusqu\u2019aux pionniers de la techno de Detroit. Le cerveau des Krupps, J\u00fcrgen Engler, est un visionnaire qui fa\u00e7onne durablement le paysage musical allemand depuis des d\u00e9cennies. Il fonde Die Krupps en 1980 et d\u00e9veloppe, avec son partenaire de cr\u00e9ation Ralf D\u00f6rper, un son avant-gardiste qui devient l\u2019un des moteurs du mouvement industrial et EBM. Lorsque cette sc\u00e8ne est \u00e0 son tour r\u00e9cup\u00e9r\u00e9e par le mainstream dans les ann\u00e9es 1990, les D\u00fcsseldorfois int\u00e8grent des guitares thrash puissantes \u00e0 leur musique et deviennent, aux c\u00f4t\u00e9s de Nine Inch Nails et de Ministry, l\u2019un des principaux catalyseurs de l\u2019electro metal, influen\u00e7ant \u00e9galement de nombreux groupes de la Neue Deutsche H\u00e4rte. Die Krupps \u00e9voluent avec assurance entre duret\u00e9 \u00e9lectronique et puissance m\u00e9tallique, tout en restant constamment innovants. Avec des albums comme Stahlwerksinfonie (1981), II \u2013 The Final Option (1993) et Vision 2020 Vision (2019), Die Krupps ont pos\u00e9 des jalons musicaux majeurs ayant profond\u00e9ment marqu\u00e9 aussi bien le monde de l\u2019\u00e9lectronique que celui du rock. Leurs chansons abordent souvent des th\u00e8mes socio-politiques et constituent une voix rebelle contre les injustices et les d\u00e9rives de la soci\u00e9t\u00e9. Sur sc\u00e8ne, les quatre musiciens \u2013 aux c\u00f4t\u00e9s d\u2019Engler et de D\u00f6rper, le batteur Paul Keller et le guitariste Dylan Smith (ex-The Sisters of Mercy) compl\u00e8tent le line-up \u2013 offrent une exp\u00e9rience survolt\u00e9e alliant puissance industrielle brute et pr\u00e9sence sc\u00e9nique intense.         <\/p>\n","protected":false},"excerpt":{"rendered":"<p>PIONNIERS DE L\u2019INDUSTRIAL : 45 ANS DE DIE KRUPPS Ils sont consid\u00e9r\u00e9s comme les inventeurs de l\u2019industrial metal et repoussent&hellip;<\/p>\n","protected":false},"author":2,"featured_media":1329,"template":"","meta":{"_acf_changed":false},"product_brand":[],"product_cat":[160],"product_tag":[114],"class_list":{"0":"post-5534","1":"product","2":"type-product","3":"status-publish","4":"has-post-thumbnail","6":"product_cat-event","7":"product_tag-industrial-metal-fr","9":"first","10":"instock","11":"virtual","12":"product-type-simple"},"acf":[],"_links":{"self":[{"href":"https:\/\/z-7.ch\/fr\/wp-json\/wp\/v2\/product\/5534","targetHints":{"allow":["GET"]}}],"collection":[{"href":"https:\/\/z-7.ch\/fr\/wp-json\/wp\/v2\/product"}],"about":[{"href":"https:\/\/z-7.ch\/fr\/wp-json\/wp\/v2\/types\/product"}],"author":[{"embeddable":true,"href":"https:\/\/z-7.ch\/fr\/wp-json\/wp\/v2\/users\/2"}],"wp:featuredmedia":[{"embeddable":true,"href":"https:\/\/z-7.ch\/fr\/wp-json\/wp\/v2\/media\/1329"}],"wp:attachment":[{"href":"https:\/\/z-7.ch\/fr\/wp-json\/wp\/v2\/media?parent=5534"}],"wp:term":[{"taxonomy":"product_brand","embeddable":true,"href":"https:\/\/z-7.ch\/fr\/wp-json\/wp\/v2\/product_brand?post=5534"},{"taxonomy":"product_cat","embeddable":true,"href":"https:\/\/z-7.ch\/fr\/wp-json\/wp\/v2\/product_cat?post=5534"},{"taxonomy":"product_tag","embeddable":true,"href":"https:\/\/z-7.ch\/fr\/wp-json\/wp\/v2\/product_tag?post=5534"}],"curies":[{"name":"wp","href":"https:\/\/api.w.org\/{rel}","templated":true}]}}