{"id":5536,"date":"2024-12-20T10:00:37","date_gmt":"2024-12-20T09:00:37","guid":{"rendered":"https:\/\/z-7.chprodukt\/beth-hart\/"},"modified":"2026-02-16T15:35:20","modified_gmt":"2026-02-16T14:35:20","slug":"beth-hart","status":"publish","type":"product","link":"https:\/\/z-7.ch\/fr\/event\/beth-hart\/","title":{"rendered":"Beth Hart"},"content":{"rendered":"<h4 style=\"margin: 0;\"><span style=\"background-color: white; color: black; padding: 5px 10px;\">Z7 SUMMER NIGHTS OPEN AIR<\/span><\/h4>\n<p>&nbsp;<\/p>\n<h3>EXPLOSION D\u2019\u00c9MOTIONS<strong><b><br \/>\n<\/b><\/strong><\/h3>\n<p><b>Rares sont les chanteuses capables de transformer leurs \u00e9motions les plus profondes en chansons avec autant d\u2019intensit\u00e9 que la chanteuse am\u00e9ricaine de blues, soul et rock Beth Hart. Avec son album You Still Got Me, paru en octobre 2024, elle a livr\u00e9 une nouvelle \u0153uvre tr\u00e8s personnelle \u2013 une v\u00e9ritable explosion d\u2019\u00e9motions. Sa prestation sur la sc\u00e8ne open air des Z7 Summer Nights s\u2019annonce comme l\u2019un des moments forts de l\u2019ann\u00e9e de concerts 2026.<br \/>  <\/b><\/p>\n<p>Cette musicienne passionn\u00e9e doit absolument \u00eatre v\u00e9cue en live. Beth Hart s\u00e9duit non seulement par des chansons exceptionnelles oscillant entre blues terreux, soul \u00e9motive et rock puissant, mais aussi par une voix absolument unique. Puissante et profond\u00e9ment expressive, elle d\u00e9voile ses \u00e9motions les plus intimes lors de concerts d\u00e9bordants de passion et de ferveur. Lorsque Beth Hart chante dans le morceau-titre de son nouvel album You Still Got Me : \u00ab He asked me if I need a hug, I said I got nothin inside left to love and then he said, but baby ya still got me \u00bb, on le ressent jusque dans les tripes. Quiconque a d\u00e9j\u00e0 vu Beth Hart sur sc\u00e8ne ou s\u2019est plong\u00e9 dans sa musique sait qu\u2019elle met chaque parcelle de son \u00eatre dans ses chansons. Beth Hart n\u2019a jamais \u00e9t\u00e9 aussi authentique. Dans une industrie musicale domin\u00e9e par des productions ultra-poliss\u00e9es et des s\u00e9ances photo retouch\u00e9es, elle est l\u2019artiste qui abat ses cartes et r\u00e9v\u00e8le ses secrets les plus sombres. Une fois encore, ce talent nomm\u00e9 aux Grammy Awards se montre sur disque sous son jour le plus vuln\u00e9rable, offrant au public un aper\u00e7u intime de ses r\u00e9ussites comme de ses \u00e9checs personnels. \u00ab Mon processus de gu\u00e9rison int\u00e9rieure a \u00e9t\u00e9 tr\u00e8s long, mais aujourd\u2019hui je me sens bien avec mon c\u00f4t\u00e9 sombre, ma folie et les choses dont j\u2019ai eu honte pendant si longtemps. \u00bb Beth Hart n\u2019a vraiment aucune raison d\u2019avoir honte \u2013 certainement pas de sa musique exceptionnelle.          <\/p>\n","protected":false},"excerpt":{"rendered":"<p>Z7 SUMMER NIGHTS OPEN AIR &nbsp; EXPLOSION D\u2019\u00c9MOTIONS Rares sont les chanteuses capables de transformer leurs \u00e9motions les plus profondes&hellip;<\/p>\n","protected":false},"author":2,"featured_media":1325,"template":"","meta":{"_acf_changed":false},"product_brand":[],"product_cat":[160],"product_tag":[123,122,214],"class_list":{"0":"post-5536","1":"product","2":"type-product","3":"status-publish","4":"has-post-thumbnail","6":"product_cat-event","7":"product_tag-americana-fr","8":"product_tag-blues-rock-fr","9":"product_tag-female","11":"first","12":"instock","13":"virtual","14":"purchasable","15":"product-type-simple"},"acf":[],"_links":{"self":[{"href":"https:\/\/z-7.ch\/fr\/wp-json\/wp\/v2\/product\/5536","targetHints":{"allow":["GET"]}}],"collection":[{"href":"https:\/\/z-7.ch\/fr\/wp-json\/wp\/v2\/product"}],"about":[{"href":"https:\/\/z-7.ch\/fr\/wp-json\/wp\/v2\/types\/product"}],"author":[{"embeddable":true,"href":"https:\/\/z-7.ch\/fr\/wp-json\/wp\/v2\/users\/2"}],"wp:featuredmedia":[{"embeddable":true,"href":"https:\/\/z-7.ch\/fr\/wp-json\/wp\/v2\/media\/1325"}],"wp:attachment":[{"href":"https:\/\/z-7.ch\/fr\/wp-json\/wp\/v2\/media?parent=5536"}],"wp:term":[{"taxonomy":"product_brand","embeddable":true,"href":"https:\/\/z-7.ch\/fr\/wp-json\/wp\/v2\/product_brand?post=5536"},{"taxonomy":"product_cat","embeddable":true,"href":"https:\/\/z-7.ch\/fr\/wp-json\/wp\/v2\/product_cat?post=5536"},{"taxonomy":"product_tag","embeddable":true,"href":"https:\/\/z-7.ch\/fr\/wp-json\/wp\/v2\/product_tag?post=5536"}],"curies":[{"name":"wp","href":"https:\/\/api.w.org\/{rel}","templated":true}]}}