{"id":5538,"date":"2024-12-18T10:00:15","date_gmt":"2024-12-18T09:00:15","guid":{"rendered":"https:\/\/z-7.chprodukt\/kim-wilde\/"},"modified":"2026-02-16T15:36:05","modified_gmt":"2026-02-16T14:36:05","slug":"kim-wilde","status":"publish","type":"product","link":"https:\/\/z-7.ch\/fr\/event\/kim-wilde\/","title":{"rendered":"Kim Wilde"},"content":{"rendered":"<h3>KIM WILDE \u00ab PLUS CLOSER QUE JAMAIS \u00bb !<b><br \/>\n<\/b><\/h3>\n<p><b>L\u2019ic\u00f4ne pop Kim Wilde revient sur le devant de la sc\u00e8ne avec sa Closer Tour \u2013 en live au Z7 de Pratteln le 30 novembre 2025 ! Pr\u00e9parez-vous \u00e0 une soir\u00e9e inoubliable, riche en hits intemporels et en nostalgie \u00e9motionnelle, lorsque la star britannique interpr\u00e9tera des titres de son album culte Close ainsi que de son tout nouvel album Closer.<br \/> <\/b><\/p>\n<p>Avec des tubes mythiques comme Kids in America, You Came et You Keep Me Hangin&rsquo; On, Kim Wilde a marqu\u00e9 l\u2019histoire de la musique \u2013 et elle apporte enfin sa Closer Tour \u00e0 Pratteln. En plus des morceaux l\u00e9gendaires de Close, qui dominaient les charts \u00e0 la fin des ann\u00e9es 80, elle pr\u00e9sentera \u00e9galement de nouveaux titres issus de Closer, un album qui relie son h\u00e9ritage iconique \u00e0 des sonorit\u00e9s actuelles. Depuis pr\u00e8s de 40 ans, Kim Wilde enthousiasme des millions de fans \u00e0 travers le monde et s\u2019est forg\u00e9 une solide r\u00e9putation de performeuse live exceptionnelle. Ses concerts promettent des frissons et une ambiance \u00e9lectrisante. Avec sa voix inimitable et un son live puissant, elle envo\u00fbte le public avec des classiques tels que Never Trust a Stranger, Stone et Chequered Love. Ayant vendu plus de 10 millions d\u2019albums et partag\u00e9 la sc\u00e8ne avec des l\u00e9gendes comme Michael Jackson et David Bowie, Kim Wilde continue de faire le lien entre pass\u00e9 et pr\u00e9sent. La Closer Tour offre aux fans l\u2019opportunit\u00e9 de vivre l\u2019un des shows live les plus marquants de l\u2019ann\u00e9e 2025.      <\/p>\n","protected":false},"excerpt":{"rendered":"<p>KIM WILDE \u00ab PLUS CLOSER QUE JAMAIS \u00bb ! L\u2019ic\u00f4ne pop Kim Wilde revient sur le devant de la sc\u00e8ne&hellip;<\/p>\n","protected":false},"author":2,"featured_media":1249,"template":"","meta":{"_acf_changed":false},"product_brand":[],"product_cat":[160],"product_tag":[135,104],"class_list":{"0":"post-5538","1":"product","2":"type-product","3":"status-publish","4":"has-post-thumbnail","6":"product_cat-event","7":"product_tag-classic-rock-fr","8":"product_tag-pop-fr","10":"first","11":"outofstock","12":"virtual","13":"product-type-simple"},"acf":[],"_links":{"self":[{"href":"https:\/\/z-7.ch\/fr\/wp-json\/wp\/v2\/product\/5538","targetHints":{"allow":["GET"]}}],"collection":[{"href":"https:\/\/z-7.ch\/fr\/wp-json\/wp\/v2\/product"}],"about":[{"href":"https:\/\/z-7.ch\/fr\/wp-json\/wp\/v2\/types\/product"}],"author":[{"embeddable":true,"href":"https:\/\/z-7.ch\/fr\/wp-json\/wp\/v2\/users\/2"}],"wp:featuredmedia":[{"embeddable":true,"href":"https:\/\/z-7.ch\/fr\/wp-json\/wp\/v2\/media\/1249"}],"wp:attachment":[{"href":"https:\/\/z-7.ch\/fr\/wp-json\/wp\/v2\/media?parent=5538"}],"wp:term":[{"taxonomy":"product_brand","embeddable":true,"href":"https:\/\/z-7.ch\/fr\/wp-json\/wp\/v2\/product_brand?post=5538"},{"taxonomy":"product_cat","embeddable":true,"href":"https:\/\/z-7.ch\/fr\/wp-json\/wp\/v2\/product_cat?post=5538"},{"taxonomy":"product_tag","embeddable":true,"href":"https:\/\/z-7.ch\/fr\/wp-json\/wp\/v2\/product_tag?post=5538"}],"curies":[{"name":"wp","href":"https:\/\/api.w.org\/{rel}","templated":true}]}}