{"id":5546,"date":"2024-11-07T10:00:18","date_gmt":"2024-11-07T09:00:18","guid":{"rendered":"https:\/\/z-7.chprodukt\/primal-fear\/"},"modified":"2026-02-16T15:39:08","modified_gmt":"2026-02-16T14:39:08","slug":"primal-fear","status":"publish","type":"product","link":"https:\/\/z-7.ch\/fr\/event\/primal-fear\/","title":{"rendered":"Primal Fear"},"content":{"rendered":"<h3>LA DOMINATION DU POWER METAL<\/h3>\n<p><strong>Nouvel album, nouveau line-up \u2013 le commando power metal souabe Primal Fear reprend le contr\u00f4le de l\u2019univers metal allemand en 2025 avec l\u2019album Domination. Le nouveau disque sera pr\u00e9sent\u00e9 le 5 septembre et, onze jours plus tard seulement, Mat Sinner et Ralf Scheepers d\u00e9barqueront au Z7 avec leur compagnon de longue date Magnus Karlsson ainsi que deux nouveaux membres, Thal\u00eca Bellezecca et Andr\u00e9 Hilgers, dans le cadre de la Domination Tour 2025.<br \/> <\/strong><\/p>\n<p>Depuis 1997, Mat Sinner (basse, chant) et Ralf Scheepers (chant) portent haut l\u2019\u00e9tendard du power metal allemand avec Primal Fear. En un quart de si\u00e8cle, le groupe a sorti quatorze albums studio et deux albums live. Plus r\u00e9cemment, Code Red s\u2019est hiss\u00e9 \u00e0 la sixi\u00e8me place des charts albums suisses et allemands en septembre 2023. Peu apr\u00e8s sa sortie, le groupe a pr\u00e9sent\u00e9 ce nouveau mat\u00e9riel lors d\u2019un concert tr\u00e8s acclam\u00e9 au Z7, avant de revenir sur la m\u00eame sc\u00e8ne en mars 2024 en premi\u00e8re partie de U.D.O. Depuis, beaucoup de choses ont chang\u00e9. Le 23 ao\u00fbt 2024, le groupe s\u2019est s\u00e9par\u00e9 du guitariste Alex Beyrodt. Le guitariste Tom Naumann et le batteur Michael Ehr\u00e9 ont ensuite \u00e9galement quitt\u00e9 la formation. Mais Scheepers et Sinner ne se sont pas laiss\u00e9s d\u00e9stabiliser. Avec une nouvelle \u00e9quipe, ils ont entam\u00e9 \u00e0 l\u2019automne l\u2019enregistrement du prochain album studio Domination. On y retrouvera, aux c\u00f4t\u00e9s du guitariste historique Magnus Karlsson (pr\u00e9sent depuis 2008), Thal\u00eca Bellezecca (\u00e9galement guitariste du h\u00e9ros metal Angus McSix) ainsi que le nouveau batteur Andr\u00e9 Hilgers (ex-Rage, ex-Bonfire). Le bassiste et chanteur Mat Sinner d\u00e9clarait en septembre : \u00ab Nous sommes d\u00e9j\u00e0 en studio et pouvons choisir parmi environ 25 chansons, ce qui nous rend extr\u00eamement heureux. \u00bb Le chanteur Ralf Scheepers ajoutait : \u00ab Cela faisait longtemps que je ne m\u2019\u00e9tais pas senti aussi bien en enregistrant de nouveaux morceaux \u2013 certains titres sont vraiment exceptionnels. \u00bb Le nouvel album sera une fois de plus mix\u00e9 et masteris\u00e9 par le collaborateur de longue date de Primal Fear, Jacob Hansen, dans ses studios au Danemark. Domination sortira juste \u00e0 temps pour le d\u00e9but de la tourn\u00e9e, le 5 septembre 2025, via Reigning Phoenix Music. La production est assur\u00e9e par Sinner, Scheepers et Karlsson, qui remontera \u00e9galement sur sc\u00e8ne avec le groupe : \u00ab J\u2019ai tellement h\u00e2te de retrouver la sc\u00e8ne avec Primal Fear. \u00c7a va \u00eatre incroyable. Ensemble, nous allons cr\u00e9er quelque chose de vraiment sp\u00e9cial \u2013 en live comme en studio. Et je suis profond\u00e9ment reconnaissant de pouvoir partager cette aventure avec vous, metalheads. Metal is forever ! \u00bb                  <\/p>\n","protected":false},"excerpt":{"rendered":"<p>LA DOMINATION DU POWER METAL Nouvel album, nouveau line-up \u2013 le commando power metal souabe Primal Fear reprend le contr\u00f4le&hellip;<\/p>\n","protected":false},"author":2,"featured_media":1335,"template":"","meta":{"_acf_changed":false},"product_brand":[],"product_cat":[160],"product_tag":[103,169,222],"class_list":{"0":"post-5546","1":"product","2":"type-product","3":"status-publish","4":"has-post-thumbnail","6":"product_cat-event","7":"product_tag-heavy-metal-fr","8":"product_tag-power-metal","9":"product_tag-speed-metal","11":"first","12":"instock","13":"virtual","14":"product-type-simple"},"acf":[],"_links":{"self":[{"href":"https:\/\/z-7.ch\/fr\/wp-json\/wp\/v2\/product\/5546","targetHints":{"allow":["GET"]}}],"collection":[{"href":"https:\/\/z-7.ch\/fr\/wp-json\/wp\/v2\/product"}],"about":[{"href":"https:\/\/z-7.ch\/fr\/wp-json\/wp\/v2\/types\/product"}],"author":[{"embeddable":true,"href":"https:\/\/z-7.ch\/fr\/wp-json\/wp\/v2\/users\/2"}],"wp:featuredmedia":[{"embeddable":true,"href":"https:\/\/z-7.ch\/fr\/wp-json\/wp\/v2\/media\/1335"}],"wp:attachment":[{"href":"https:\/\/z-7.ch\/fr\/wp-json\/wp\/v2\/media?parent=5546"}],"wp:term":[{"taxonomy":"product_brand","embeddable":true,"href":"https:\/\/z-7.ch\/fr\/wp-json\/wp\/v2\/product_brand?post=5546"},{"taxonomy":"product_cat","embeddable":true,"href":"https:\/\/z-7.ch\/fr\/wp-json\/wp\/v2\/product_cat?post=5546"},{"taxonomy":"product_tag","embeddable":true,"href":"https:\/\/z-7.ch\/fr\/wp-json\/wp\/v2\/product_tag?post=5546"}],"curies":[{"name":"wp","href":"https:\/\/api.w.org\/{rel}","templated":true}]}}