{"id":7026,"date":"2026-01-29T15:00:03","date_gmt":"2026-01-29T14:00:03","guid":{"rendered":"https:\/\/z-7.ch\/?post_type=product&#038;p=7026"},"modified":"2026-04-01T10:16:21","modified_gmt":"2026-04-01T08:16:21","slug":"the-watch-plays-genesis","status":"publish","type":"product","link":"https:\/\/z-7.ch\/fr\/event\/the-watch-plays-genesis\/","title":{"rendered":"The Watch plays Genesis"},"content":{"rendered":"<h3>VOYAGE AU C\u0152UR DES PREMIERS GENESIS<\/h3>\n<p><strong>Dans les ann\u00e9es 1970, le groupe anglais Genesis comptait parmi les Big Four du rock progressif aux c\u00f4t\u00e9s de King Crimson, Emerson, Lake &amp; Palmer et Yes. Le groupe italien The Watch nous emm\u00e8ne pour un voyage au c\u0153ur des d\u00e9buts de ces figures majeures du prog. Avec Tales from 1970 \u2013 1976, ils plongent profond\u00e9ment dans l\u2019\u00e9poque o\u00f9 Peter Gabriel \u00e9tait encore le chanteur de Genesis. <\/strong><\/p>\n<p>Remonter le temps et vivre la magie d\u2019un concert rock des ann\u00e9es 70 \u2013 c\u2019est exactement ce que proposent The Watch, venus d\u2019Italie. Ce groupe de prog-rock acclam\u00e9 \u00e0 l\u2019international fait revivre sur sc\u00e8ne la musique de la premi\u00e8re p\u00e9riode de Genesis avec une authenticit\u00e9 impressionnante. \u00c0 travers des performances intenses et extr\u00eamement soign\u00e9es, ils redonnent vie \u00e0 l\u2019atmosph\u00e8re et au son de l\u2019\u00e8re Gabriel. Bien avant que Genesis ne connaissent leur perc\u00e9e mondiale, les morceaux de cette \u00e9poque se distinguaient d\u00e9j\u00e0 par leur qualit\u00e9 exceptionnelle. Aujourd\u2019hui consid\u00e9r\u00e9es comme des jalons du rock progressif, ces compositions reprennent vie en concert gr\u00e2ce \u00e0 The Watch. Loin d\u2019\u00eatre une simple copie, le groupe parvient \u00e0 saisir avec une pr\u00e9cision et une passion remarquables l\u2019\u00e9nergie cr\u00e9ative et l\u2019esprit pionnier de ces ann\u00e9es-l\u00e0. La voix du chanteur Simone Rossetti est \u00e9tonnamment proche de celle du jeune Peter Gabriel, et l\u2019ensemble du groupe impressionne par une ma\u00eetrise instrumentale hors pair. Fid\u00e8les \u00e0 leur devise \u00ab Take a little trip back from Trespass to Wind And Wuthering \u00bb, The Watch livrent un spectacle qui comble toutes les attentes, en particulier celles des fans. Le guitariste de Genesis, Steve Hackett en personne, leur a accord\u00e9 un v\u00e9ritable adoubement : \u00ab The Watch est un groupe compos\u00e9 de musiciens tr\u00e8s talentueux. Je ne peux que les recommander chaleureusement. \u00bb Le UK Prog Newsletter \u00e9crivait : \u00ab Ce qui est unique, c\u2019est la voix \u2013 incroyablement proche de celle du jeune Peter Gabriel. \u00bb Et ECHO-News UK constatait : \u00ab C\u2019est comme une machine \u00e0 remonter le temps pour tous ceux qui adoraient aller \u00e0 des concerts dans les ann\u00e9es soixante-dix et qui souhaitent retrouver cette atmosph\u00e8re aujourd\u2019hui. \u00bb Aucune autre tribute band ne parvient \u00e0 capturer avec une telle intensit\u00e9 \u00e9motionnelle l\u2019audace musicale et la tension exaltante des premi\u00e8res ann\u00e9es pionni\u00e8res de Genesis.<\/p>\n","protected":false},"excerpt":{"rendered":"<p>VOYAGE AU C\u0152UR DES PREMIERS GENESIS Dans les ann\u00e9es 1970, le groupe anglais Genesis comptait parmi les Big Four du&hellip;<\/p>\n","protected":false},"author":2,"featured_media":7020,"template":"","meta":{"_acf_changed":false},"product_brand":[],"product_cat":[160],"product_tag":[136],"class_list":{"0":"post-7026","1":"product","2":"type-product","3":"status-publish","4":"has-post-thumbnail","6":"product_cat-event","7":"product_tag-prog-fr","9":"first","10":"instock","11":"virtual","12":"purchasable","13":"product-type-simple"},"acf":[],"_links":{"self":[{"href":"https:\/\/z-7.ch\/fr\/wp-json\/wp\/v2\/product\/7026","targetHints":{"allow":["GET"]}}],"collection":[{"href":"https:\/\/z-7.ch\/fr\/wp-json\/wp\/v2\/product"}],"about":[{"href":"https:\/\/z-7.ch\/fr\/wp-json\/wp\/v2\/types\/product"}],"author":[{"embeddable":true,"href":"https:\/\/z-7.ch\/fr\/wp-json\/wp\/v2\/users\/2"}],"wp:featuredmedia":[{"embeddable":true,"href":"https:\/\/z-7.ch\/fr\/wp-json\/wp\/v2\/media\/7020"}],"wp:attachment":[{"href":"https:\/\/z-7.ch\/fr\/wp-json\/wp\/v2\/media?parent=7026"}],"wp:term":[{"taxonomy":"product_brand","embeddable":true,"href":"https:\/\/z-7.ch\/fr\/wp-json\/wp\/v2\/product_brand?post=7026"},{"taxonomy":"product_cat","embeddable":true,"href":"https:\/\/z-7.ch\/fr\/wp-json\/wp\/v2\/product_cat?post=7026"},{"taxonomy":"product_tag","embeddable":true,"href":"https:\/\/z-7.ch\/fr\/wp-json\/wp\/v2\/product_tag?post=7026"}],"curies":[{"name":"wp","href":"https:\/\/api.w.org\/{rel}","templated":true}]}}