{"id":7094,"date":"2026-01-29T17:00:46","date_gmt":"2026-01-29T16:00:46","guid":{"rendered":"https:\/\/z-7.ch\/?post_type=product&#038;p=7094"},"modified":"2026-04-10T13:20:08","modified_gmt":"2026-04-10T11:20:08","slug":"geoff-tates-operation-mindcrime","status":"publish","type":"product","link":"https:\/\/z-7.ch\/fr\/event\/geoff-tates-operation-mindcrime\/","title":{"rendered":"Geoff Tate&rsquo;s Operation Mindcrime"},"content":{"rendered":"<h3>DERNIER ACTE POUR OPERATION: MINDCRIME<\/h3>\n<p><strong>Le chanteur d\u2019exception Geoff Tate am\u00e8ne \u00e0 Pratteln un morceau embl\u00e9matique de l\u2019histoire du rock avec \u00ab Operation: Mindcrime \u2013 The Final Chapter \u00bb. L\u2019ancien frontman de Queensr\u00ffche se produira au Z7 avec son groupe actuel pour interpr\u00e9ter l\u2019album-concept de prog metal acclam\u00e9 Operation: Mindcrime dans son int\u00e9gralit\u00e9 \u2013 une toute derni\u00e8re fois.<\/strong><\/p>\n<p>Geoff Tate est sans aucun doute l\u2019une des figures les plus marquantes de la sc\u00e8ne metal internationale. Le chanteur et auteur-compositeur, plusieurs fois disque de platine et nomm\u00e9 aux Grammy Awards, s\u2019est fait conna\u00eetre avant tout gr\u00e2ce \u00e0 plus de 30 ann\u00e9es pass\u00e9es en tant que force cr\u00e9ative et moteur du groupe de metal progressif Queensr\u00ffche. Sous sa direction, Queensr\u00ffche ont vendu plus de 20 millions d\u2019albums \u00e0 travers le monde et se sont produits dans plus de 50 pays. Geoff Tate est consid\u00e9r\u00e9 comme l\u2019un des chanteurs les plus talentueux de tout le genre, et des centaines d\u2019artistes contemporains citent lui-m\u00eame et son ancien groupe comme des influences majeures dans leur parcours. Gr\u00e2ce \u00e0 une combinaison unique de textes socialement engag\u00e9s et finement \u00e9crits, associ\u00e9s \u00e0 des compositions \u00e9nergiques et m\u00e9lodiquement complexes, Queensr\u00ffche ont acquis sous l\u2019impulsion de Tate une reconnaissance mondiale en tant que groupe de rock destin\u00e9 \u00e0 un public exigeant. Dans le riche catalogue de Geoff Tate et de Queensr\u00ffche, l\u2019album Operation: Mindcrime sorti en 1988 occupe une place tout \u00e0 fait particuli\u00e8re. Cette ambitieuse op\u00e9ra metal est souvent compar\u00e9e par les critiques \u00e0 des chefs-d\u2019\u0153uvre de l\u2019histoire du rock tels que Tommy de The Who ou The Wall de Pink Floyd, et compte parmi les albums-concepts les plus importants de tous les temps \u2013 bien au-del\u00e0 du seul univers metal. Lors de la tourn\u00e9e actuelle, lanc\u00e9e en janvier aux \u00c9tats-Unis, Geoff Tate interpr\u00e8te Operation: Mindcrime du d\u00e9but \u00e0 la fin et fait revivre une ultime fois cette \u00e9pop\u00e9e de r\u00e9volution, de trahison et de r\u00e9demption. Les fans peuvent ressentir toute la puissance et l\u2019intensit\u00e9 \u00e9motionnelle de cet album r\u00e9volutionnaire \u00e0 travers une performance captivante, fid\u00e8le \u00e0 l\u2019esprit des enregistrements originaux et mettant en lumi\u00e8re un Geoff Tate au sommet de son art. Operation: Mindcrime \u2013 The Final Chapter est un \u00e9v\u00e9nement live \u00e0 ne surtout pas manquer.          <\/p>\n","protected":false},"excerpt":{"rendered":"<p>DERNIER ACTE POUR OPERATION: MINDCRIME Le chanteur d\u2019exception Geoff Tate am\u00e8ne \u00e0 Pratteln un morceau embl\u00e9matique de l\u2019histoire du rock&hellip;<\/p>\n","protected":false},"author":2,"featured_media":7087,"template":"","meta":{"_acf_changed":false},"product_brand":[],"product_cat":[160],"product_tag":[136,162],"class_list":{"0":"post-7094","1":"product","2":"type-product","3":"status-publish","4":"has-post-thumbnail","6":"product_cat-event","7":"product_tag-prog-fr","8":"product_tag-prog-metal","10":"first","11":"instock","12":"virtual","13":"product-type-simple"},"acf":[],"_links":{"self":[{"href":"https:\/\/z-7.ch\/fr\/wp-json\/wp\/v2\/product\/7094","targetHints":{"allow":["GET"]}}],"collection":[{"href":"https:\/\/z-7.ch\/fr\/wp-json\/wp\/v2\/product"}],"about":[{"href":"https:\/\/z-7.ch\/fr\/wp-json\/wp\/v2\/types\/product"}],"author":[{"embeddable":true,"href":"https:\/\/z-7.ch\/fr\/wp-json\/wp\/v2\/users\/2"}],"wp:featuredmedia":[{"embeddable":true,"href":"https:\/\/z-7.ch\/fr\/wp-json\/wp\/v2\/media\/7087"}],"wp:attachment":[{"href":"https:\/\/z-7.ch\/fr\/wp-json\/wp\/v2\/media?parent=7094"}],"wp:term":[{"taxonomy":"product_brand","embeddable":true,"href":"https:\/\/z-7.ch\/fr\/wp-json\/wp\/v2\/product_brand?post=7094"},{"taxonomy":"product_cat","embeddable":true,"href":"https:\/\/z-7.ch\/fr\/wp-json\/wp\/v2\/product_cat?post=7094"},{"taxonomy":"product_tag","embeddable":true,"href":"https:\/\/z-7.ch\/fr\/wp-json\/wp\/v2\/product_tag?post=7094"}],"curies":[{"name":"wp","href":"https:\/\/api.w.org\/{rel}","templated":true}]}}