{"id":9213,"date":"2026-02-05T15:00:32","date_gmt":"2026-02-05T14:00:32","guid":{"rendered":"https:\/\/z-7.ch\/?post_type=product&#038;p=9213"},"modified":"2026-02-11T07:00:21","modified_gmt":"2026-02-11T06:00:21","slug":"walter-trout","status":"publish","type":"product","link":"https:\/\/z-7.ch\/fr\/event\/walter-trout\/","title":{"rendered":"Walter Trout"},"content":{"rendered":"<h3>L\u00c9GENDE DU BLUES ROCK<\/h3>\n<p><strong>Walter Trout est consid\u00e9r\u00e9 par les sp\u00e9cialistes comme l\u2019un des plus grands guitaristes de tous les temps. Il a jou\u00e9 aux c\u00f4t\u00e9s de l\u00e9gendes telles que John Lee Hooker ou John Mayall et a \u00e9t\u00e9 membre du groupe mythique Canned Heat. En tant qu\u2019artiste solo, le blues rocker originaire d\u2019Ocean City, New Jersey, a d\u00e9j\u00e0 publi\u00e9 plus de 30 albums. \u00c0 l\u2019automne 2026, Walter Trout fera son retour au Z7 avec son album actuel Sign Of The Times ainsi que des titres couvrant cinq d\u00e9cennies de carri\u00e8re.   <\/strong><\/p>\n<p>Sur sc\u00e8ne, Walter Trout \u2014 qui f\u00eatera ses 75 ans le 6 mars \u2014 est dans son \u00e9l\u00e9ment. Chaque concert de ce musicien passionn\u00e9 est un v\u00e9ritable festin pour les amateurs de blues et de rock. Rares sont les artistes qui jouent avec autant de feu, d\u2019\u00e2me et de sinc\u00e9rit\u00e9 que Walter Trout. Depuis plus de cinq d\u00e9cennies, ce titan du blues rock met tout son c\u0153ur dans chaque note, transformant les hauts et les bas de la vie en un son de guitare inimitable et une voix marqu\u00e9e par l\u2019exp\u00e9rience. En 2026, Walter revient sur les sc\u00e8nes europ\u00e9ennes pour nous \u00e9merveiller une fois encore par ses talents exceptionnels. Chaque concert est une c\u00e9l\u00e9bration de la survie, un cri de d\u00e9fi et une profonde connexion \u00e9motionnelle, unis par l\u2019esprit indestructible du blues. Des ballades poignantes aux hymnes rock enflamm\u00e9s, les concerts de Trout sont des voyages bruts et \u00e9motionnels qui bouleversent le public. Il est accompagn\u00e9 d\u2019un groupe de classe mondiale, dans lequel son fils Jon manie \u00e9galement les cordes de la guitare avec virtuosit\u00e9 depuis plusieurs ann\u00e9es. Les duels p\u00e8re-fils sont devenus l\u2019un des moments forts incontournables de chaque concert de Trout.        <\/p>\n<p>En 2025, l\u2019artiste infatigable a sorti son dernier album Sign Of The Times. Les grands artistes ressentent le pouls de leur \u00e9poque. En plus d\u2019un demi-si\u00e8cle d\u2019observation sociale et d\u2019\u00e9criture sans concession, Walter Trout n\u2019a jamais dict\u00e9 \u00e0 ses fans ce qu\u2019ils devaient penser, ressentir, d\u00e9fendre politiquement ou inscrire sur leurs pancartes de protestation. Mais \u00e0 une \u00e9poque o\u00f9 le monde entier semble \u00e9clater sous la pression de la vie moderne, ce nouvel album est un cri de col\u00e8re et une soupape de s\u00e9curit\u00e9 dont nous avons tous d\u00e9sesp\u00e9r\u00e9ment besoin. \u00ab Je voulais exprimer la col\u00e8re et la peur qui r\u00e8gnent dans le monde \u00bb, explique le musicien. \u00ab Pour moi, \u00e9crire ces chansons a \u00e9t\u00e9 une th\u00e9rapie. Elles parlent non seulement de ce qui se passe \u00e0 l\u2019ext\u00e9rieur, mais aussi de l\u2019impact que cela a sur notre esprit. Sign Of The Times \u00e9tait tout simplement le titre \u00e9vident. \u00bb Avec ces nouveaux morceaux, Walter Trout revient une nouvelle fois \u00e0 Pratteln en novembre. Que tu le connaisses depuis l\u2019\u00e9poque des Bluesbreakers ou que tu le d\u00e9couvres tout juste, voici l\u2019occasion unique de voir une v\u00e9ritable ic\u00f4ne dans son \u00e9l\u00e9ment. Sans artifices ni fioritures. Avec de la musique authentique, des histoires vraies et une \u00e9nergie pure.         <\/p>\n","protected":false},"excerpt":{"rendered":"<p>L\u00c9GENDE DU BLUES ROCK Walter Trout est consid\u00e9r\u00e9 par les sp\u00e9cialistes comme l\u2019un des plus grands guitaristes de tous les&hellip;<\/p>\n","protected":false},"author":2,"featured_media":9210,"template":"","meta":{"_acf_changed":false},"product_brand":[],"product_cat":[160],"product_tag":[121,122],"class_list":{"0":"post-9213","1":"product","2":"type-product","3":"status-publish","4":"has-post-thumbnail","6":"product_cat-event","7":"product_tag-blues-fr","8":"product_tag-blues-rock-fr","10":"first","11":"instock","12":"virtual","13":"purchasable","14":"product-type-simple"},"acf":[],"_links":{"self":[{"href":"https:\/\/z-7.ch\/fr\/wp-json\/wp\/v2\/product\/9213","targetHints":{"allow":["GET"]}}],"collection":[{"href":"https:\/\/z-7.ch\/fr\/wp-json\/wp\/v2\/product"}],"about":[{"href":"https:\/\/z-7.ch\/fr\/wp-json\/wp\/v2\/types\/product"}],"author":[{"embeddable":true,"href":"https:\/\/z-7.ch\/fr\/wp-json\/wp\/v2\/users\/2"}],"wp:featuredmedia":[{"embeddable":true,"href":"https:\/\/z-7.ch\/fr\/wp-json\/wp\/v2\/media\/9210"}],"wp:attachment":[{"href":"https:\/\/z-7.ch\/fr\/wp-json\/wp\/v2\/media?parent=9213"}],"wp:term":[{"taxonomy":"product_brand","embeddable":true,"href":"https:\/\/z-7.ch\/fr\/wp-json\/wp\/v2\/product_brand?post=9213"},{"taxonomy":"product_cat","embeddable":true,"href":"https:\/\/z-7.ch\/fr\/wp-json\/wp\/v2\/product_cat?post=9213"},{"taxonomy":"product_tag","embeddable":true,"href":"https:\/\/z-7.ch\/fr\/wp-json\/wp\/v2\/product_tag?post=9213"}],"curies":[{"name":"wp","href":"https:\/\/api.w.org\/{rel}","templated":true}]}}